{"id":12635,"date":"2025-02-08T19:09:59","date_gmt":"2025-02-08T18:09:59","guid":{"rendered":"https:\/\/hachazuela.com\/?post_type=product&#038;p=12635"},"modified":"2025-02-17T12:20:44","modified_gmt":"2025-02-17T11:20:44","slug":"cucharon-6","status":"publish","type":"product","link":"https:\/\/hachazuela.com\/en\/producto\/cucharon-6\/","title":{"rendered":"Cuchar\u00f3n"},"content":{"rendered":"<p>Cuchar\u00f3n tallado en madera maciza de laurel, ideal para cocinar o servir alimentos<\/p>\n<p>El proceso de elaboraci\u00f3n comienza con la selecci\u00f3n de la madera cuidando que cada veta y textura aporte belleza y funcionalidad al dise\u00f1o<\/p>\n<p>Estas cucharas no solo son utensilios funcionales sino tambi\u00e9n peque\u00f1as esculturas que reflejan el arte y la dedicaci\u00f3n de la artesan\u00eda tradicional<\/p>\n<p>Pieza numerada 25104<\/p>\n","protected":false},"excerpt":{"rendered":"<p>Cuchar\u00f3n tallado en madera maciza de laurel<\/p>\n<p>Ideal para cocinar por su dise\u00f1o<\/p>\n<p>Se recomienda lavar a mano<\/p>\n<p>Pieza numerada<\/p>\n","protected":false},"featured_media":12614,"comment_status":"closed","ping_status":"closed","template":"","meta":{"_editorskit_title_hidden":false,"_editorskit_reading_time":0,"_editorskit_is_block_options_detached":false,"_editorskit_block_options_position":"{}","inline_featured_image":false},"product_brand":[],"product_cat":[2840],"product_tag":[],"class_list":{"0":"post-12635","1":"product","2":"type-product","3":"status-publish","4":"has-post-thumbnail","6":"product_cat-cucharas","8":"first","9":"instock","10":"taxable","11":"shipping-taxable","12":"purchasable","13":"product-type-simple"},"_links":{"self":[{"href":"https:\/\/hachazuela.com\/en\/wp-json\/wp\/v2\/product\/12635","targetHints":{"allow":["GET"]}}],"collection":[{"href":"https:\/\/hachazuela.com\/en\/wp-json\/wp\/v2\/product"}],"about":[{"href":"https:\/\/hachazuela.com\/en\/wp-json\/wp\/v2\/types\/product"}],"replies":[{"embeddable":true,"href":"https:\/\/hachazuela.com\/en\/wp-json\/wp\/v2\/comments?post=12635"}],"wp:featuredmedia":[{"embeddable":true,"href":"https:\/\/hachazuela.com\/en\/wp-json\/wp\/v2\/media\/12614"}],"wp:attachment":[{"href":"https:\/\/hachazuela.com\/en\/wp-json\/wp\/v2\/media?parent=12635"}],"wp:term":[{"taxonomy":"product_brand","embeddable":true,"href":"https:\/\/hachazuela.com\/en\/wp-json\/wp\/v2\/product_brand?post=12635"},{"taxonomy":"product_cat","embeddable":true,"href":"https:\/\/hachazuela.com\/en\/wp-json\/wp\/v2\/product_cat?post=12635"},{"taxonomy":"product_tag","embeddable":true,"href":"https:\/\/hachazuela.com\/en\/wp-json\/wp\/v2\/product_tag?post=12635"}],"curies":[{"name":"wp","href":"https:\/\/api.w.org\/{rel}","templated":true}]}}