{"id":12609,"date":"2025-02-08T12:37:14","date_gmt":"2025-02-08T11:37:14","guid":{"rendered":"https:\/\/hachazuela.com\/?post_type=product&#038;p=12609"},"modified":"2025-02-08T12:37:14","modified_gmt":"2025-02-08T11:37:14","slug":"cuchara-larga-3","status":"publish","type":"product","link":"https:\/\/hachazuela.com\/en\/producto\/cuchara-larga-3\/","title":{"rendered":"Cuchara larga"},"content":{"rendered":"<p>Cuchara larga tallada a mano con cavidad amplia para manipular los alimentos en el momento de cocinar<\/p>\n<p>Facetado a mano en su parte posterior<\/p>\n<p>Estas piezas no solo son utensilios funcionales sino tambi\u00e9n peque\u00f1as esculturas que reflejan la artesan\u00eda tradicional<\/p>\n<p>Pieza numerada 25110<\/p>\n","protected":false},"excerpt":{"rendered":"<p>Cuchara larga tallada a mano pensada para cocinar por su dise\u00f1o<\/p>\n<p>Cada pieza es \u00fanica como TU!!<\/p>\n","protected":false},"featured_media":12603,"comment_status":"closed","ping_status":"closed","template":"","meta":{"_editorskit_title_hidden":false,"_editorskit_reading_time":0,"_editorskit_is_block_options_detached":false,"_editorskit_block_options_position":"{}","inline_featured_image":false},"product_brand":[],"product_cat":[2840],"product_tag":[],"class_list":{"0":"post-12609","1":"product","2":"type-product","3":"status-publish","4":"has-post-thumbnail","6":"product_cat-cucharas","8":"first","9":"instock","10":"taxable","11":"shipping-taxable","12":"purchasable","13":"product-type-simple"},"_links":{"self":[{"href":"https:\/\/hachazuela.com\/en\/wp-json\/wp\/v2\/product\/12609","targetHints":{"allow":["GET"]}}],"collection":[{"href":"https:\/\/hachazuela.com\/en\/wp-json\/wp\/v2\/product"}],"about":[{"href":"https:\/\/hachazuela.com\/en\/wp-json\/wp\/v2\/types\/product"}],"replies":[{"embeddable":true,"href":"https:\/\/hachazuela.com\/en\/wp-json\/wp\/v2\/comments?post=12609"}],"wp:featuredmedia":[{"embeddable":true,"href":"https:\/\/hachazuela.com\/en\/wp-json\/wp\/v2\/media\/12603"}],"wp:attachment":[{"href":"https:\/\/hachazuela.com\/en\/wp-json\/wp\/v2\/media?parent=12609"}],"wp:term":[{"taxonomy":"product_brand","embeddable":true,"href":"https:\/\/hachazuela.com\/en\/wp-json\/wp\/v2\/product_brand?post=12609"},{"taxonomy":"product_cat","embeddable":true,"href":"https:\/\/hachazuela.com\/en\/wp-json\/wp\/v2\/product_cat?post=12609"},{"taxonomy":"product_tag","embeddable":true,"href":"https:\/\/hachazuela.com\/en\/wp-json\/wp\/v2\/product_tag?post=12609"}],"curies":[{"name":"wp","href":"https:\/\/api.w.org\/{rel}","templated":true}]}}