{"id":9818,"date":"2021-05-06T13:27:45","date_gmt":"2021-05-06T11:27:45","guid":{"rendered":"https:\/\/hachazuela.com\/product\/tabla-telma\/"},"modified":"2025-12-27T12:00:59","modified_gmt":"2025-12-27T11:00:59","slug":"taula-telma","status":"publish","type":"product","link":"https:\/\/hachazuela.com\/ca\/producto\/taula-telma\/","title":{"rendered":"Taula Telma"},"content":{"rendered":"<pre class=\"tw-data-text tw-text-large tw-ta\" dir=\"ltr\" data-placeholder=\"Translation\" data-ved=\"2ahUKEwjxg_vk8cOEAxVPUqQEHeHpAfIQ3ewLegQIBRAU\"><span class=\"Y2IQFc\" lang=\"ca\" style=\"font-family: georgia, palatino, serif;\">Taula de tall en fusta d'OLIVERA procedent dels camps de Tarragona, Catalunya\r\n\r\nAcabat amb el nostre producte especial per al bon manteniment, el qual est\u00e0 disponible a la venda.\r\n\r\nCom que \u00e9s una pe\u00e7a artesanal, pot presentar alguna petita variaci\u00f3 del model de la foto. No hi ha dues peces iguals.\r\n\r\nIdeal per tallar aliment a cuina o com a presentaci\u00f3 d'aliments a taula ( en no ser molt gruixuda, \u00e9s f\u00e0cil de manipular )\r\n\r\n<\/span><\/pre>\n<pre id=\"tw-target-text\" class=\"tw-data-text tw-text-large tw-ta\" dir=\"ltr\" data-placeholder=\"Translation\" data-ved=\"2ahUKEwjxg_vk8cOEAxVPUqQEHeHpAfIQ3ewLegQIBRAU\"><em><strong><span class=\"Y2IQFc\" lang=\"ca\" style=\"font-family: georgia, palatino, serif;\">Les mesures s\u00f3n aproximades at\u00e8s que no hi ha dues peces iguals i la mat\u00e8ria primera \u00e9s molt variable.<\/span><\/strong><\/em><\/pre>\n","protected":false},"excerpt":{"rendered":"<p>Taula de tall o presentaci\u00f3 de fusta d&#8217;<strong>olivera<\/strong>, treballada artesanalment a Barcelona, Catalunya, amb un acabat bonic i tacte sed\u00f3s.<\/p>\n","protected":false},"featured_media":13960,"comment_status":"open","ping_status":"closed","template":"","meta":{"_editorskit_title_hidden":false,"_editorskit_reading_time":0,"_editorskit_is_block_options_detached":false,"_editorskit_block_options_position":"{}","inline_featured_image":false},"product_brand":[],"product_cat":[1117,1489],"product_tag":[],"class_list":{"0":"post-9818","1":"product","2":"type-product","3":"status-publish","4":"has-post-thumbnail","6":"product_cat-cuina","7":"product_cat-taules-cuina","9":"first","10":"instock","11":"taxable","12":"shipping-taxable","13":"purchasable","14":"product-type-simple"},"_links":{"self":[{"href":"https:\/\/hachazuela.com\/ca\/wp-json\/wp\/v2\/product\/9818","targetHints":{"allow":["GET"]}}],"collection":[{"href":"https:\/\/hachazuela.com\/ca\/wp-json\/wp\/v2\/product"}],"about":[{"href":"https:\/\/hachazuela.com\/ca\/wp-json\/wp\/v2\/types\/product"}],"replies":[{"embeddable":true,"href":"https:\/\/hachazuela.com\/ca\/wp-json\/wp\/v2\/comments?post=9818"}],"wp:featuredmedia":[{"embeddable":true,"href":"https:\/\/hachazuela.com\/ca\/wp-json\/wp\/v2\/media\/13960"}],"wp:attachment":[{"href":"https:\/\/hachazuela.com\/ca\/wp-json\/wp\/v2\/media?parent=9818"}],"wp:term":[{"taxonomy":"product_brand","embeddable":true,"href":"https:\/\/hachazuela.com\/ca\/wp-json\/wp\/v2\/product_brand?post=9818"},{"taxonomy":"product_cat","embeddable":true,"href":"https:\/\/hachazuela.com\/ca\/wp-json\/wp\/v2\/product_cat?post=9818"},{"taxonomy":"product_tag","embeddable":true,"href":"https:\/\/hachazuela.com\/ca\/wp-json\/wp\/v2\/product_tag?post=9818"}],"curies":[{"name":"wp","href":"https:\/\/api.w.org\/{rel}","templated":true}]}}