{"id":9722,"date":"2021-05-06T13:27:52","date_gmt":"2021-05-06T11:27:52","guid":{"rendered":"https:\/\/hachazuela.com\/product\/lampara-de-alabastro-luna\/"},"modified":"2024-06-11T08:59:37","modified_gmt":"2024-06-11T06:59:37","slug":"llum-alabastre-luna","status":"publish","type":"product","link":"https:\/\/hachazuela.com\/ca\/producto\/llum-alabastre-luna\/","title":{"rendered":"Llum d&#8217;alabastre Luna"},"content":{"rendered":"<pre id=\"tw-target-text\" class=\"tw-data-text tw-text-large tw-ta\" dir=\"ltr\" data-placeholder=\"Traducci\u00f3n\" data-ved=\"2ahUKEwih28vl_reEAxXWhv0HHVESCSUQ3ewLegQIBRAU\"><span class=\"Y2IQFc\" lang=\"ca\" style=\"font-family: georgia, palatino, serif;\">L\u00e0mpada de sobretaula feta a m\u00e0 a Catalunya.\r\n\r\nRealitzada en pedra d'alabastre procedent de la pen\u00ednsula\r\n\r\nL'alabastre \u00e9s una pedra transl\u00facida i gr\u00e0cies a aix\u00f2 t\u00e9 la m\u00e0gia i preciositat de cada veta, aportant una llum suau a qualsevol espai p\u00fablic i residencial\r\n\r\nCada pe\u00e7a \u00e9s \u00fanica i irrepetible atesa la naturalesa del material, els colors i les vetes varien d'una pedra a una altra, fent de cada llum una pe\u00e7a \u00fanica que celebra la bellesa natural del material a trav\u00e9s de la seva forma simplificada<\/span><\/pre>\n","protected":false},"excerpt":{"rendered":"<p>L\u00e0mpada petita d&#8217;alabastre feta a m\u00e0 a Barcelona.<\/p>\n","protected":false},"featured_media":9165,"comment_status":"open","ping_status":"closed","template":"","meta":{"_editorskit_title_hidden":false,"_editorskit_reading_time":0,"_editorskit_is_block_options_detached":false,"_editorskit_block_options_position":"{}","inline_featured_image":false},"product_brand":[],"product_cat":[2047],"product_tag":[],"class_list":{"0":"post-9722","1":"product","2":"type-product","3":"status-publish","4":"has-post-thumbnail","6":"product_cat-illuminacio","8":"first","9":"instock","10":"taxable","11":"shipping-taxable","12":"purchasable","13":"product-type-variable"},"_links":{"self":[{"href":"https:\/\/hachazuela.com\/ca\/wp-json\/wp\/v2\/product\/9722","targetHints":{"allow":["GET"]}}],"collection":[{"href":"https:\/\/hachazuela.com\/ca\/wp-json\/wp\/v2\/product"}],"about":[{"href":"https:\/\/hachazuela.com\/ca\/wp-json\/wp\/v2\/types\/product"}],"replies":[{"embeddable":true,"href":"https:\/\/hachazuela.com\/ca\/wp-json\/wp\/v2\/comments?post=9722"}],"wp:featuredmedia":[{"embeddable":true,"href":"https:\/\/hachazuela.com\/ca\/wp-json\/wp\/v2\/media\/9165"}],"wp:attachment":[{"href":"https:\/\/hachazuela.com\/ca\/wp-json\/wp\/v2\/media?parent=9722"}],"wp:term":[{"taxonomy":"product_brand","embeddable":true,"href":"https:\/\/hachazuela.com\/ca\/wp-json\/wp\/v2\/product_brand?post=9722"},{"taxonomy":"product_cat","embeddable":true,"href":"https:\/\/hachazuela.com\/ca\/wp-json\/wp\/v2\/product_cat?post=9722"},{"taxonomy":"product_tag","embeddable":true,"href":"https:\/\/hachazuela.com\/ca\/wp-json\/wp\/v2\/product_tag?post=9722"}],"curies":[{"name":"wp","href":"https:\/\/api.w.org\/{rel}","templated":true}]}}