{"id":9682,"date":"2021-12-04T13:27:44","date_gmt":"2021-12-04T12:27:44","guid":{"rendered":"https:\/\/hachazuela.com\/product\/salvamantel\/"},"modified":"2024-10-19T19:41:01","modified_gmt":"2024-10-19T17:41:01","slug":"estalvis-rosa-de-barcelona-panot","status":"publish","type":"product","link":"https:\/\/hachazuela.com\/ca\/producto\/estalvis-rosa-de-barcelona-panot\/","title":{"rendered":"Estalvis Barcelona (Panot)"},"content":{"rendered":"<p>&nbsp;<\/p>\n<p>Flor de Barcelona tan representativa de la nostre ciutat condal a modo d\u00b4estalvis<\/p>\n<p>Estem orgullosos de la ciutat que \u00e9s de tots: Barcelona. \u00c9s per aix\u00f2 que hem volgut rendir un petit homenatge amb una de les seves icones m\u00e9s representatives.<\/p>\n<p>S\u00f3n tants els signes locals que ens fan internacionals!<\/p>\n<p>S\u00f3n peces \u00faniques, treballades artesanalment, amb cura i afecte que li atorguen a la taula un car\u00e0cter diferenciador.<\/p>\n","protected":false},"excerpt":{"rendered":"<p>En alumini de fosa hem desenvolupat aquest model d&#8217;<strong>estalvi<\/strong>amb la forma de la Rosa de Barcelona (Panot).<\/p>\n","protected":false},"featured_media":11414,"comment_status":"open","ping_status":"closed","template":"","meta":{"_editorskit_title_hidden":false,"_editorskit_reading_time":0,"_editorskit_is_block_options_detached":false,"_editorskit_block_options_position":"{}","inline_featured_image":false},"product_brand":[],"product_cat":[1117,1861],"product_tag":[],"class_list":{"0":"post-9682","1":"product","2":"type-product","3":"status-publish","4":"has-post-thumbnail","6":"product_cat-cuina","7":"product_cat-estris","9":"first","10":"instock","11":"taxable","12":"shipping-taxable","13":"purchasable","14":"product-type-simple"},"_links":{"self":[{"href":"https:\/\/hachazuela.com\/ca\/wp-json\/wp\/v2\/product\/9682","targetHints":{"allow":["GET"]}}],"collection":[{"href":"https:\/\/hachazuela.com\/ca\/wp-json\/wp\/v2\/product"}],"about":[{"href":"https:\/\/hachazuela.com\/ca\/wp-json\/wp\/v2\/types\/product"}],"replies":[{"embeddable":true,"href":"https:\/\/hachazuela.com\/ca\/wp-json\/wp\/v2\/comments?post=9682"}],"wp:featuredmedia":[{"embeddable":true,"href":"https:\/\/hachazuela.com\/ca\/wp-json\/wp\/v2\/media\/11414"}],"wp:attachment":[{"href":"https:\/\/hachazuela.com\/ca\/wp-json\/wp\/v2\/media?parent=9682"}],"wp:term":[{"taxonomy":"product_brand","embeddable":true,"href":"https:\/\/hachazuela.com\/ca\/wp-json\/wp\/v2\/product_brand?post=9682"},{"taxonomy":"product_cat","embeddable":true,"href":"https:\/\/hachazuela.com\/ca\/wp-json\/wp\/v2\/product_cat?post=9682"},{"taxonomy":"product_tag","embeddable":true,"href":"https:\/\/hachazuela.com\/ca\/wp-json\/wp\/v2\/product_tag?post=9682"}],"curies":[{"name":"wp","href":"https:\/\/api.w.org\/{rel}","templated":true}]}}