{"id":9679,"date":"2021-12-04T13:27:44","date_gmt":"2021-12-04T12:27:44","guid":{"rendered":"https:\/\/hachazuela.com\/product\/lampara-principal\/"},"modified":"2024-02-19T19:33:56","modified_gmt":"2024-02-19T18:33:56","slug":"llum-principal","status":"publish","type":"product","link":"https:\/\/hachazuela.com\/ca\/producto\/llum-principal\/","title":{"rendered":"Llum en fusta d&#8217;olivera Principal"},"content":{"rendered":"<pre id=\"tw-target-text\" class=\"tw-data-text tw-text-large tw-ta\" dir=\"ltr\" data-placeholder=\"Traducci\u00f3n\" data-ved=\"2ahUKEwiD5MfuhLiEAxW7gf0HHVkvB4kQ3ewLegQIBRAU\"><span class=\"Y2IQFc\" lang=\"ca\" style=\"font-family: georgia, palatino, serif;\">Estem orgullosos de la ciutat que \u00e9s de tots: Barcelona. \u00c9s per aix\u00f2 que hem volgut rendir un petit homenatge amb una de les icones m\u00e9s representatives.\r\n\r\nInspirat a les portes principals de la Casa Batll\u00f3 de Passeig de Gr\u00e0cia a Barcelona, \u200b\u200bhem desenvolupat aquest model de l\u00e0mpada de sobretaula, amb base en fusta d'olivera tallada a m\u00e0 amb pantalla en pedra natural, alabastre\r\n\r\nS\u00f3n peces \u00faniques, treballades artesanalment, amb cura i afecte.\r\n\r\nS\u00f3n tants els signes locals que ens fan internacionals!\r\n\r\nCom que cada pe\u00e7a \u00e9s \u00fanica, poden presentar alguna petita variaci\u00f3 del model de la foto.<\/span><\/pre>\n","protected":false},"excerpt":{"rendered":"<p>Carrega&#8217;t d&#8217;energia amb el nostra llum Casa Batll\u00f3.<\/p>\n<p>Inspirada a les portes principals de la Casa Batll\u00f3 de Gaud\u00ed i situada al Passeig de Gr\u00e0cia a Barcelona, hem desenvolupat aquest llum de sobretaula, amb base en fusta d&#8217;olivera tallada a m\u00e0 amb pantalla de pedra natural d&#8217;alabastre.<\/p>\n","protected":false},"featured_media":11396,"comment_status":"open","ping_status":"closed","template":"","meta":{"_editorskit_title_hidden":false,"_editorskit_reading_time":0,"_editorskit_is_block_options_detached":false,"_editorskit_block_options_position":"{}","inline_featured_image":false},"product_brand":[],"product_cat":[2047],"product_tag":[],"class_list":{"0":"post-9679","1":"product","2":"type-product","3":"status-publish","4":"has-post-thumbnail","6":"product_cat-illuminacio","8":"first","9":"instock","10":"taxable","11":"shipping-taxable","12":"purchasable","13":"product-type-simple"},"_links":{"self":[{"href":"https:\/\/hachazuela.com\/ca\/wp-json\/wp\/v2\/product\/9679","targetHints":{"allow":["GET"]}}],"collection":[{"href":"https:\/\/hachazuela.com\/ca\/wp-json\/wp\/v2\/product"}],"about":[{"href":"https:\/\/hachazuela.com\/ca\/wp-json\/wp\/v2\/types\/product"}],"replies":[{"embeddable":true,"href":"https:\/\/hachazuela.com\/ca\/wp-json\/wp\/v2\/comments?post=9679"}],"wp:featuredmedia":[{"embeddable":true,"href":"https:\/\/hachazuela.com\/ca\/wp-json\/wp\/v2\/media\/11396"}],"wp:attachment":[{"href":"https:\/\/hachazuela.com\/ca\/wp-json\/wp\/v2\/media?parent=9679"}],"wp:term":[{"taxonomy":"product_brand","embeddable":true,"href":"https:\/\/hachazuela.com\/ca\/wp-json\/wp\/v2\/product_brand?post=9679"},{"taxonomy":"product_cat","embeddable":true,"href":"https:\/\/hachazuela.com\/ca\/wp-json\/wp\/v2\/product_cat?post=9679"},{"taxonomy":"product_tag","embeddable":true,"href":"https:\/\/hachazuela.com\/ca\/wp-json\/wp\/v2\/product_tag?post=9679"}],"curies":[{"name":"wp","href":"https:\/\/api.w.org\/{rel}","templated":true}]}}