{"id":9667,"date":"2022-07-04T13:27:43","date_gmt":"2022-07-04T11:27:43","guid":{"rendered":"https:\/\/hachazuela.com\/product\/mortero-de-alabastro-con-maza-de-olivo\/"},"modified":"2024-10-19T19:37:49","modified_gmt":"2024-10-19T17:37:49","slug":"morter-dalabastre-amb-maca-dolivera","status":"publish","type":"product","link":"https:\/\/hachazuela.com\/ca\/producto\/morter-dalabastre-amb-maca-dolivera\/","title":{"rendered":"Morter d&#8217;alabastre amb ma\u00e7a d&#8217;olivera"},"content":{"rendered":"<p>Tenir a les mans aquesta pe\u00e7a d&#8217;alabastre \u00e9s una sensaci\u00f3 m\u00e0gica per les energies que transmet.<\/p>\n<p>Utilitzada a l&#8217;antiguitat pels seus m\u00faltiples beneficis energ\u00e8tics.<\/p>\n<p>Cada pe\u00e7a \u00e9s \u00fanica, igual que tu!<\/p>\n<p>Mides: 17&#215;13 cm (morter) + 25 x4 cm (massa)<\/p>\n","protected":false},"excerpt":{"rendered":"<p>Bol de pedra natural com a morter amb ma\u00e7a en fusta de <strong>olivera<\/strong>.<\/p>\n","protected":false},"featured_media":11384,"comment_status":"open","ping_status":"closed","template":"","meta":{"_editorskit_title_hidden":false,"_editorskit_reading_time":0,"_editorskit_is_block_options_detached":false,"_editorskit_block_options_position":"{}","inline_featured_image":false},"product_brand":[],"product_cat":[1117,1861],"product_tag":[],"class_list":{"0":"post-9667","1":"product","2":"type-product","3":"status-publish","4":"has-post-thumbnail","6":"product_cat-cuina","7":"product_cat-estris","9":"first","10":"instock","11":"taxable","12":"shipping-taxable","13":"purchasable","14":"product-type-simple"},"_links":{"self":[{"href":"https:\/\/hachazuela.com\/ca\/wp-json\/wp\/v2\/product\/9667","targetHints":{"allow":["GET"]}}],"collection":[{"href":"https:\/\/hachazuela.com\/ca\/wp-json\/wp\/v2\/product"}],"about":[{"href":"https:\/\/hachazuela.com\/ca\/wp-json\/wp\/v2\/types\/product"}],"replies":[{"embeddable":true,"href":"https:\/\/hachazuela.com\/ca\/wp-json\/wp\/v2\/comments?post=9667"}],"wp:featuredmedia":[{"embeddable":true,"href":"https:\/\/hachazuela.com\/ca\/wp-json\/wp\/v2\/media\/11384"}],"wp:attachment":[{"href":"https:\/\/hachazuela.com\/ca\/wp-json\/wp\/v2\/media?parent=9667"}],"wp:term":[{"taxonomy":"product_brand","embeddable":true,"href":"https:\/\/hachazuela.com\/ca\/wp-json\/wp\/v2\/product_brand?post=9667"},{"taxonomy":"product_cat","embeddable":true,"href":"https:\/\/hachazuela.com\/ca\/wp-json\/wp\/v2\/product_cat?post=9667"},{"taxonomy":"product_tag","embeddable":true,"href":"https:\/\/hachazuela.com\/ca\/wp-json\/wp\/v2\/product_tag?post=9667"}],"curies":[{"name":"wp","href":"https:\/\/api.w.org\/{rel}","templated":true}]}}