{"id":9663,"date":"2022-12-03T13:27:43","date_gmt":"2022-12-03T12:27:43","guid":{"rendered":"https:\/\/hachazuela.com\/product\/cucharita\/"},"modified":"2023-12-29T13:50:16","modified_gmt":"2023-12-29T12:50:16","slug":"cullereta","status":"publish","type":"product","link":"https:\/\/hachazuela.com\/ca\/producto\/cullereta\/","title":{"rendered":"Cullereta"},"content":{"rendered":"<p><strong>Les mesures s\u00f3n aproximades at\u00e8s que no hi ha dues peces iguals i la mat\u00e8ria primera \u00e9s molt variable.<\/strong><\/p>\n<p>Propietats de la fusta d&#8217;olivera:<\/p>\n<p>La fusta d&#8217;olivera \u00e9s una fusta amb porus molt ferm, per la qual cosa \u00e9s id\u00f2nia per a alimentaci\u00f3 per ser <strong>antibacteriana<\/strong>, en ser de creixement lent presenta una densitat que la fa molt<strong>resistent<\/strong> i la seva <strong>bellesa natural<\/strong> caracteritzat pel seu peculiar vetejat.<\/p>\n<p>Ideada per utilitzar com a postres, esp\u00e8cies, sal\u2026<\/p>\n<p>Cada pe\u00e7a \u00e9s \u00fanica, de manera que pot presentar variacions del model de la foto.<\/p>\n<p>Preu \u00e9s per unitat.<\/p>\n","protected":false},"excerpt":{"rendered":"<p>Cullereta en fusta d&#8217;olivera feta a m\u00e0. Apte per a alimentaci\u00f3 sabent que la fusta d&#8217;olivera \u00e9s la m\u00e9s dura, bella i resistent.<\/p>\n","protected":false},"featured_media":11369,"comment_status":"open","ping_status":"closed","template":"","meta":{"_editorskit_title_hidden":false,"_editorskit_reading_time":0,"_editorskit_is_block_options_detached":false,"_editorskit_block_options_position":"{}","inline_featured_image":false},"product_brand":[],"product_cat":[1117,1861],"product_tag":[],"class_list":{"0":"post-9663","1":"product","2":"type-product","3":"status-publish","4":"has-post-thumbnail","6":"product_cat-cuina","7":"product_cat-estris","9":"first","10":"instock","11":"taxable","12":"shipping-taxable","13":"purchasable","14":"product-type-simple"},"_links":{"self":[{"href":"https:\/\/hachazuela.com\/ca\/wp-json\/wp\/v2\/product\/9663","targetHints":{"allow":["GET"]}}],"collection":[{"href":"https:\/\/hachazuela.com\/ca\/wp-json\/wp\/v2\/product"}],"about":[{"href":"https:\/\/hachazuela.com\/ca\/wp-json\/wp\/v2\/types\/product"}],"replies":[{"embeddable":true,"href":"https:\/\/hachazuela.com\/ca\/wp-json\/wp\/v2\/comments?post=9663"}],"wp:featuredmedia":[{"embeddable":true,"href":"https:\/\/hachazuela.com\/ca\/wp-json\/wp\/v2\/media\/11369"}],"wp:attachment":[{"href":"https:\/\/hachazuela.com\/ca\/wp-json\/wp\/v2\/media?parent=9663"}],"wp:term":[{"taxonomy":"product_brand","embeddable":true,"href":"https:\/\/hachazuela.com\/ca\/wp-json\/wp\/v2\/product_brand?post=9663"},{"taxonomy":"product_cat","embeddable":true,"href":"https:\/\/hachazuela.com\/ca\/wp-json\/wp\/v2\/product_cat?post=9663"},{"taxonomy":"product_tag","embeddable":true,"href":"https:\/\/hachazuela.com\/ca\/wp-json\/wp\/v2\/product_tag?post=9663"}],"curies":[{"name":"wp","href":"https:\/\/api.w.org\/{rel}","templated":true}]}}