{"id":8483,"date":"2021-05-06T13:33:23","date_gmt":"2021-05-06T11:33:23","guid":{"rendered":"https:\/\/hachazuela.com\/product\/salsera\/"},"modified":"2024-10-19T19:14:52","modified_gmt":"2024-10-19T17:14:52","slug":"salsera-ca","status":"publish","type":"product","link":"https:\/\/hachazuela.com\/ca\/producto\/salsera-ca\/","title":{"rendered":"Salsera"},"content":{"rendered":"<p><strong>Les mesures s\u00f3n aproximades at\u00e8s que no hi ha dues peces iguals i la mat\u00e8ria primera \u00e9s molt variable.<\/strong><\/p>\n<p>Producte Ib\u00e8ric, per aperitius, salsera, per a accessoris de joieria, organitzador, recipient amb diferents funcions&#8230;<\/p>\n<p>Cada pe\u00e7a \u00e9s \u00fanica, pel que pot presentar variacions del model de la foto.<\/p>\n","protected":false},"excerpt":{"rendered":"<p>Bol salsera de fusta d&#8217;olivera fet a m\u00e0 a Barcelona.<\/p>\n","protected":false},"featured_media":13700,"comment_status":"closed","ping_status":"closed","template":"","meta":{"_editorskit_title_hidden":false,"_editorskit_reading_time":0,"_editorskit_is_block_options_detached":false,"_editorskit_block_options_position":"{}","inline_featured_image":false},"product_brand":[],"product_cat":[1303,1117],"product_tag":[],"class_list":{"0":"post-8483","1":"product","2":"type-product","3":"status-publish","4":"has-post-thumbnail","6":"product_cat-bols","7":"product_cat-cuina","9":"first","10":"instock","11":"taxable","12":"shipping-taxable","13":"purchasable","14":"product-type-simple"},"_links":{"self":[{"href":"https:\/\/hachazuela.com\/ca\/wp-json\/wp\/v2\/product\/8483","targetHints":{"allow":["GET"]}}],"collection":[{"href":"https:\/\/hachazuela.com\/ca\/wp-json\/wp\/v2\/product"}],"about":[{"href":"https:\/\/hachazuela.com\/ca\/wp-json\/wp\/v2\/types\/product"}],"replies":[{"embeddable":true,"href":"https:\/\/hachazuela.com\/ca\/wp-json\/wp\/v2\/comments?post=8483"}],"wp:featuredmedia":[{"embeddable":true,"href":"https:\/\/hachazuela.com\/ca\/wp-json\/wp\/v2\/media\/13700"}],"wp:attachment":[{"href":"https:\/\/hachazuela.com\/ca\/wp-json\/wp\/v2\/media?parent=8483"}],"wp:term":[{"taxonomy":"product_brand","embeddable":true,"href":"https:\/\/hachazuela.com\/ca\/wp-json\/wp\/v2\/product_brand?post=8483"},{"taxonomy":"product_cat","embeddable":true,"href":"https:\/\/hachazuela.com\/ca\/wp-json\/wp\/v2\/product_cat?post=8483"},{"taxonomy":"product_tag","embeddable":true,"href":"https:\/\/hachazuela.com\/ca\/wp-json\/wp\/v2\/product_tag?post=8483"}],"curies":[{"name":"wp","href":"https:\/\/api.w.org\/{rel}","templated":true}]}}