{"id":8481,"date":"2021-05-06T13:53:37","date_gmt":"2021-05-06T11:53:37","guid":{"rendered":"https:\/\/hachazuela.com\/product\/taules-del-cuines-tv3\/"},"modified":"2024-10-19T18:36:08","modified_gmt":"2024-10-19T16:36:08","slug":"taula-del-cuines-tv3","status":"publish","type":"product","link":"https:\/\/hachazuela.com\/ca\/producto\/taula-del-cuines-tv3\/","title":{"rendered":"Taula del Cuines TV3"},"content":{"rendered":"<p><strong>Les mesures s\u00f3n aproximades at\u00e8s que no hi ha dues peces iguals i la mat\u00e8ria primera \u00e9s molt variable.<\/strong><\/p>\n<p>Cada pe\u00e7a \u00e9s \u00fanica i amb car\u00e0cter diferenciador, estan treballades a m\u00e0 amb eines tradicionals.<\/p>\n<p>Treballada artesanalment a Barcelona, Catalunya, amb un acabat bonic i tacte sed\u00f3s.<\/p>\n<p>Cada pe\u00e7a \u00e9s \u00fanica, pel que pot variar del model de la foto.<\/p>\n","protected":false},"excerpt":{"rendered":"<p>Vols tenir a casa teva o al teu restaurant una gran taula d&#8217;olivera tan espectacular com les que hem fet per al programa CUINES TV3?<\/p>\n","protected":false},"featured_media":11213,"comment_status":"closed","ping_status":"closed","template":"","meta":{"_editorskit_title_hidden":false,"_editorskit_reading_time":0,"_editorskit_is_block_options_detached":false,"_editorskit_block_options_position":"{}","inline_featured_image":false},"product_brand":[],"product_cat":[1117,1489],"product_tag":[],"class_list":{"0":"post-8481","1":"product","2":"type-product","3":"status-publish","4":"has-post-thumbnail","6":"product_cat-cuina","7":"product_cat-taules-cuina","9":"first","10":"instock","11":"taxable","12":"shipping-taxable","13":"product-type-simple"},"_links":{"self":[{"href":"https:\/\/hachazuela.com\/ca\/wp-json\/wp\/v2\/product\/8481","targetHints":{"allow":["GET"]}}],"collection":[{"href":"https:\/\/hachazuela.com\/ca\/wp-json\/wp\/v2\/product"}],"about":[{"href":"https:\/\/hachazuela.com\/ca\/wp-json\/wp\/v2\/types\/product"}],"replies":[{"embeddable":true,"href":"https:\/\/hachazuela.com\/ca\/wp-json\/wp\/v2\/comments?post=8481"}],"wp:featuredmedia":[{"embeddable":true,"href":"https:\/\/hachazuela.com\/ca\/wp-json\/wp\/v2\/media\/11213"}],"wp:attachment":[{"href":"https:\/\/hachazuela.com\/ca\/wp-json\/wp\/v2\/media?parent=8481"}],"wp:term":[{"taxonomy":"product_brand","embeddable":true,"href":"https:\/\/hachazuela.com\/ca\/wp-json\/wp\/v2\/product_brand?post=8481"},{"taxonomy":"product_cat","embeddable":true,"href":"https:\/\/hachazuela.com\/ca\/wp-json\/wp\/v2\/product_cat?post=8481"},{"taxonomy":"product_tag","embeddable":true,"href":"https:\/\/hachazuela.com\/ca\/wp-json\/wp\/v2\/product_tag?post=8481"}],"curies":[{"name":"wp","href":"https:\/\/api.w.org\/{rel}","templated":true}]}}