{"id":8465,"date":"2022-07-04T16:59:08","date_gmt":"2022-07-04T14:59:08","guid":{"rendered":"https:\/\/hachazuela.com\/product\/espremedor-dolivera\/"},"modified":"2024-10-19T19:36:06","modified_gmt":"2024-10-19T17:36:06","slug":"espremedor-olivera","status":"publish","type":"product","link":"https:\/\/hachazuela.com\/ca\/producto\/espremedor-olivera\/","title":{"rendered":"Espremedor d&#8217;olivera"},"content":{"rendered":"<p>Ideal per a llimones, limes, taronges&#8230; prement fort es aconsegueix el m\u00e0xim de sabor i suc.<\/p>\n<p>All\u00e0 on el posis funciona com a escultura.<\/p>\n<p>Cada pe\u00e7a est\u00e0 feta a m\u00e0, pel que pot presentar variaci\u00f3 de vetlla de la foto.<\/p>\n<p>El preu \u00e9s unitari.<\/p>\n","protected":false},"excerpt":{"rendered":"<p>Espremedor manual en fusta d&#8217;olivera.<\/p>\n","protected":false},"featured_media":13697,"comment_status":"closed","ping_status":"closed","template":"","meta":{"_editorskit_title_hidden":false,"_editorskit_reading_time":0,"_editorskit_is_block_options_detached":false,"_editorskit_block_options_position":"{}","inline_featured_image":false},"product_brand":[],"product_cat":[1117,1861],"product_tag":[],"class_list":{"0":"post-8465","1":"product","2":"type-product","3":"status-publish","4":"has-post-thumbnail","6":"product_cat-cuina","7":"product_cat-estris","9":"first","10":"instock","11":"taxable","12":"shipping-taxable","13":"purchasable","14":"product-type-simple"},"_links":{"self":[{"href":"https:\/\/hachazuela.com\/ca\/wp-json\/wp\/v2\/product\/8465","targetHints":{"allow":["GET"]}}],"collection":[{"href":"https:\/\/hachazuela.com\/ca\/wp-json\/wp\/v2\/product"}],"about":[{"href":"https:\/\/hachazuela.com\/ca\/wp-json\/wp\/v2\/types\/product"}],"replies":[{"embeddable":true,"href":"https:\/\/hachazuela.com\/ca\/wp-json\/wp\/v2\/comments?post=8465"}],"wp:featuredmedia":[{"embeddable":true,"href":"https:\/\/hachazuela.com\/ca\/wp-json\/wp\/v2\/media\/13697"}],"wp:attachment":[{"href":"https:\/\/hachazuela.com\/ca\/wp-json\/wp\/v2\/media?parent=8465"}],"wp:term":[{"taxonomy":"product_brand","embeddable":true,"href":"https:\/\/hachazuela.com\/ca\/wp-json\/wp\/v2\/product_brand?post=8465"},{"taxonomy":"product_cat","embeddable":true,"href":"https:\/\/hachazuela.com\/ca\/wp-json\/wp\/v2\/product_cat?post=8465"},{"taxonomy":"product_tag","embeddable":true,"href":"https:\/\/hachazuela.com\/ca\/wp-json\/wp\/v2\/product_tag?post=8465"}],"curies":[{"name":"wp","href":"https:\/\/api.w.org\/{rel}","templated":true}]}}