{"id":8457,"date":"2022-12-02T17:33:04","date_gmt":"2022-12-02T16:33:04","guid":{"rendered":"https:\/\/hachazuela.com\/product\/lampada-petra\/"},"modified":"2024-02-19T20:13:14","modified_gmt":"2024-02-19T19:13:14","slug":"lampada-petra","status":"publish","type":"product","link":"https:\/\/hachazuela.com\/ca\/producto\/lampada-petra\/","title":{"rendered":"L\u00e0mpada Petra"},"content":{"rendered":"<p>L&#8217;alabastre \u00e9s una pedra transl\u00facida i gr\u00e0cies a aix\u00f2 t\u00e9 la m\u00e0gia i preciositat de cada vetlla, aportant una llum suau a qualsevol espai p\u00fablic o residencial.<\/p>\n<pre id=\"tw-target-text\" class=\"tw-data-text tw-text-large tw-ta\" dir=\"ltr\" data-placeholder=\"Traducci\u00f3n\" data-ved=\"2ahUKEwiD5MfuhLiEAxW7gf0HHVkvB4kQ3ewLegQIBRAU\"><span class=\"Y2IQFc\" lang=\"ca\" style=\"font-family: georgia, palatino, serif;\">Lampara en pedra d'alabastre i la base tenyida per aconseguir el contrast de color<\/span><\/pre>\n<p>Cada pe\u00e7a \u00e9s \u00fanica i irrepetible, donada la naturalitat del material, els colors i que les vetlles varien d&#8217;una pedra a una altra, fent de cada ll\u00e0ntia una pe\u00e7a \u00fanica, que celebra la bellesa natural del material a trav\u00e9s de la seva forma simplificada.<\/p>\n","protected":false},"excerpt":{"rendered":"<p>L\u00e0mpada de taula feta a m\u00e0 a Catalunya. Feta en pedra d&#8217;alabastre i la seva base tenyida per aconseguir el contrast de color.<\/p>\n","protected":false},"featured_media":11333,"comment_status":"closed","ping_status":"closed","template":"","meta":{"_editorskit_title_hidden":false,"_editorskit_reading_time":0,"_editorskit_is_block_options_detached":false,"_editorskit_block_options_position":"{}","inline_featured_image":false},"product_brand":[],"product_cat":[2047],"product_tag":[],"class_list":{"0":"post-8457","1":"product","2":"type-product","3":"status-publish","4":"has-post-thumbnail","6":"product_cat-illuminacio","8":"first","9":"outofstock","10":"taxable","11":"shipping-taxable","12":"purchasable","13":"product-type-simple"},"_links":{"self":[{"href":"https:\/\/hachazuela.com\/ca\/wp-json\/wp\/v2\/product\/8457","targetHints":{"allow":["GET"]}}],"collection":[{"href":"https:\/\/hachazuela.com\/ca\/wp-json\/wp\/v2\/product"}],"about":[{"href":"https:\/\/hachazuela.com\/ca\/wp-json\/wp\/v2\/types\/product"}],"replies":[{"embeddable":true,"href":"https:\/\/hachazuela.com\/ca\/wp-json\/wp\/v2\/comments?post=8457"}],"wp:featuredmedia":[{"embeddable":true,"href":"https:\/\/hachazuela.com\/ca\/wp-json\/wp\/v2\/media\/11333"}],"wp:attachment":[{"href":"https:\/\/hachazuela.com\/ca\/wp-json\/wp\/v2\/media?parent=8457"}],"wp:term":[{"taxonomy":"product_brand","embeddable":true,"href":"https:\/\/hachazuela.com\/ca\/wp-json\/wp\/v2\/product_brand?post=8457"},{"taxonomy":"product_cat","embeddable":true,"href":"https:\/\/hachazuela.com\/ca\/wp-json\/wp\/v2\/product_cat?post=8457"},{"taxonomy":"product_tag","embeddable":true,"href":"https:\/\/hachazuela.com\/ca\/wp-json\/wp\/v2\/product_tag?post=8457"}],"curies":[{"name":"wp","href":"https:\/\/api.w.org\/{rel}","templated":true}]}}