{"id":14107,"date":"2026-04-25T16:47:29","date_gmt":"2026-04-25T14:47:29","guid":{"rendered":"https:\/\/hachazuela.com\/?post_type=product&#038;p=14107"},"modified":"2026-04-28T20:34:53","modified_gmt":"2026-04-28T18:34:53","slug":"bols-de-noguera","status":"publish","type":"product","link":"https:\/\/hachazuela.com\/ca\/producto\/bols-de-noguera\/","title":{"rendered":"Bols de noguera"},"content":{"rendered":"<p>Conjunt de tres bols de fusta de noguera treballat a m\u00e0 respectant la forma natural de cada pe\u00e7a<\/p>\n<p>Aquestes peces neixen de la trobada entre la mat\u00e8ria i el temps<\/p>\n<p>Tallats a m\u00e0 en fusta de noguera del pa\u00eds, cada corba respon a la pr\u00f2pia forma de l&#8217;arbre, sense imposar geometries perfectes<\/p>\n<p>Les vetes fosques i els tons c\u00e0lids no es repeteixen, fan de cada pe\u00e7a una mica irrepetible<\/p>\n<p>\u00c9s un objecte per fer servir, per\u00f2 tamb\u00e9 per acompanyar moments: servir, contenir, habitar la taula<\/p>\n<p>MIDA: ( mesures aproximades )<\/p>\n<p>Gran 16x16x7 cm \/\/ Mitj\u00e0 12x12x6cm \/\/ Petit 10x10x5 cm<\/p>\n<p>Es recomana rentar a m\u00e0, assecar immediatament.<\/p>\n<p>No apte per a rentaplats<\/p>\n<p>Aplicar la nostra cera, producte d&#8217;elaboraci\u00f3 pr\u00f2pia per al bon manteniment de la fusta<\/p>\n","protected":false},"excerpt":{"rendered":"<p>Bols de fusta de noguera tallats a m\u00e0 a Barcelona<\/p>\n<p>Cada pe\u00e7a \u00e9s \u00fanica, respectant-ne les formes i ressaltant-ne les vetes naturals<\/p>\n<p>Ideals per a decoraci\u00f3 o servir aliments<\/p>\n","protected":false},"featured_media":14096,"comment_status":"closed","ping_status":"closed","template":"","meta":{"_editorskit_title_hidden":false,"_editorskit_reading_time":0,"_editorskit_is_block_options_detached":false,"_editorskit_block_options_position":"{}","inline_featured_image":false},"product_brand":[],"product_cat":[1303,3412],"product_tag":[],"class_list":{"0":"post-14107","1":"product","2":"type-product","3":"status-publish","4":"has-post-thumbnail","6":"product_cat-bols","7":"product_cat-objectes-decoratius","9":"first","10":"instock","11":"taxable","12":"shipping-taxable","13":"purchasable","14":"product-type-simple"},"_links":{"self":[{"href":"https:\/\/hachazuela.com\/ca\/wp-json\/wp\/v2\/product\/14107","targetHints":{"allow":["GET"]}}],"collection":[{"href":"https:\/\/hachazuela.com\/ca\/wp-json\/wp\/v2\/product"}],"about":[{"href":"https:\/\/hachazuela.com\/ca\/wp-json\/wp\/v2\/types\/product"}],"replies":[{"embeddable":true,"href":"https:\/\/hachazuela.com\/ca\/wp-json\/wp\/v2\/comments?post=14107"}],"wp:featuredmedia":[{"embeddable":true,"href":"https:\/\/hachazuela.com\/ca\/wp-json\/wp\/v2\/media\/14096"}],"wp:attachment":[{"href":"https:\/\/hachazuela.com\/ca\/wp-json\/wp\/v2\/media?parent=14107"}],"wp:term":[{"taxonomy":"product_brand","embeddable":true,"href":"https:\/\/hachazuela.com\/ca\/wp-json\/wp\/v2\/product_brand?post=14107"},{"taxonomy":"product_cat","embeddable":true,"href":"https:\/\/hachazuela.com\/ca\/wp-json\/wp\/v2\/product_cat?post=14107"},{"taxonomy":"product_tag","embeddable":true,"href":"https:\/\/hachazuela.com\/ca\/wp-json\/wp\/v2\/product_tag?post=14107"}],"curies":[{"name":"wp","href":"https:\/\/api.w.org\/{rel}","templated":true}]}}