{"id":14054,"date":"2026-03-15T13:38:12","date_gmt":"2026-03-15T12:38:12","guid":{"rendered":"https:\/\/hachazuela.com\/?post_type=product&#038;p=14054"},"modified":"2026-03-15T13:49:07","modified_gmt":"2026-03-15T12:49:07","slug":"penjoll-de-fusta-de-banus-peca-unica","status":"publish","type":"product","link":"https:\/\/hachazuela.com\/ca\/producto\/penjoll-de-fusta-de-banus-peca-unica\/","title":{"rendered":"Penjoll de fusta de ban\u00fas"},"content":{"rendered":"<p data-start=\"0\" data-end=\"146\">Aquest penjoll est\u00e0 tallat a partir d\u2019una \u00fanica pe\u00e7a de <strong data-start=\"56\" data-end=\"65\">ban\u00fas<\/strong>, una fusta densa i profunda que revela una sorprenent varietat de tons naturals.<\/p>\n<p data-start=\"148\" data-end=\"366\">La forma org\u00e0nica, suau i lleugerament ovalada s\u2019ha treballat a m\u00e0 respectant la veta i el car\u00e0cter del material. El resultat \u00e9s un objecte senzill i c\u00e0lid que posa en valor la bellesa de la fusta en estat gaireb\u00e9 pur.<\/p>\n<p data-start=\"368\" data-end=\"467\">El penjoll penja d\u2019un <strong data-start=\"390\" data-end=\"415\">cord\u00f3 de cuir natural<\/strong> que acompanya la seva pres\u00e8ncia discreta i elegant.<\/p>\n<p data-start=\"469\" data-end=\"573\">Una pe\u00e7a lleugera i propera, pensada per a qui aprecia els materials nobles i l\u2019artesania contempor\u00e0nia.<\/p>\n<p data-start=\"575\" data-end=\"612\"><strong data-start=\"575\" data-end=\"612\">Joia \u00fanica signada per l\u2019artista.<\/strong><\/p>\n","protected":false},"excerpt":{"rendered":"<p>Penjoll de fusta de ban\u00fas fet a m\u00e0. Pe\u00e7a \u00fanica de joieria artesanal en fusta feta a Barcelona<\/p>\n<p>Joia firmada per l\u00b4autor<\/p>\n<p>&nbsp;<\/p>\n","protected":false},"featured_media":14049,"comment_status":"closed","ping_status":"closed","template":"","meta":{"_editorskit_title_hidden":false,"_editorskit_reading_time":0,"_editorskit_is_block_options_detached":false,"_editorskit_block_options_position":"{}","inline_featured_image":false},"product_brand":[],"product_cat":[3416],"product_tag":[],"class_list":{"0":"post-14054","1":"product","2":"type-product","3":"status-publish","4":"has-post-thumbnail","6":"product_cat-joieria-en-fusta","8":"first","9":"outofstock","10":"taxable","11":"shipping-taxable","12":"purchasable","13":"product-type-simple"},"_links":{"self":[{"href":"https:\/\/hachazuela.com\/ca\/wp-json\/wp\/v2\/product\/14054","targetHints":{"allow":["GET"]}}],"collection":[{"href":"https:\/\/hachazuela.com\/ca\/wp-json\/wp\/v2\/product"}],"about":[{"href":"https:\/\/hachazuela.com\/ca\/wp-json\/wp\/v2\/types\/product"}],"replies":[{"embeddable":true,"href":"https:\/\/hachazuela.com\/ca\/wp-json\/wp\/v2\/comments?post=14054"}],"wp:featuredmedia":[{"embeddable":true,"href":"https:\/\/hachazuela.com\/ca\/wp-json\/wp\/v2\/media\/14049"}],"wp:attachment":[{"href":"https:\/\/hachazuela.com\/ca\/wp-json\/wp\/v2\/media?parent=14054"}],"wp:term":[{"taxonomy":"product_brand","embeddable":true,"href":"https:\/\/hachazuela.com\/ca\/wp-json\/wp\/v2\/product_brand?post=14054"},{"taxonomy":"product_cat","embeddable":true,"href":"https:\/\/hachazuela.com\/ca\/wp-json\/wp\/v2\/product_cat?post=14054"},{"taxonomy":"product_tag","embeddable":true,"href":"https:\/\/hachazuela.com\/ca\/wp-json\/wp\/v2\/product_tag?post=14054"}],"curies":[{"name":"wp","href":"https:\/\/api.w.org\/{rel}","templated":true}]}}