{"id":14030,"date":"2026-02-07T18:04:51","date_gmt":"2026-02-07T17:04:51","guid":{"rendered":"https:\/\/hachazuela.com\/?post_type=product&#038;p=14030"},"modified":"2026-02-07T18:28:28","modified_gmt":"2026-02-07T17:28:28","slug":"taula-fusta-artesanal-cuina","status":"publish","type":"product","link":"https:\/\/hachazuela.com\/ca\/producto\/taula-fusta-artesanal-cuina\/","title":{"rendered":"Taula Togal"},"content":{"rendered":"<pre id=\"tw-target-text\" class=\"tw-data-text tw-text-large tw-ta\" dir=\"ltr\" tabindex=\"-1\" role=\"text\" data-placeholder=\"Traducci\u00f3n\" data-ved=\"2ahUKEwj9pI6p8MeSAxWTUaQEHX4BHxwQ3ewLegQIDBAX\" aria-label=\"Texto traducido: Taula de tall o presentaci\u00f3 d'UNA sola pe\u00e7a ( sense cues, sense resines, sense pl\u00e0stics )\u00a0 en fusta de NOGAL del pa\u00eds La fusta de Noguera \u00e9s ideal per fer \u00fas amb aliments per la seva duresa Aix\u00ed mateix la seva bellesa fa ressaltar un bon assortiment de formatges, embotits, fumats. No hi ha dues peces iguals, per la qual cosa poden variar del model de la foto i les mides tamb\u00e9 S'aconsella rentar a m\u00e0 i nodrir-la amb el nostre producte d'elaboraci\u00f3 pr\u00f2pia nostracera, amb aix\u00f2 ajudes a allargar-ne la bellesa i la durabilitat\"><span class=\"Y2IQFc\" lang=\"ca\" style=\"font-family: arial, helvetica, sans-serif;\">Taula de tall o presentaci\u00f3 d'UNA sola pe\u00e7a ( sense cola, sense resines, sense pl\u00e0stics )\u00a0 en fusta de NOGUERA del pa\u00eds\r\n\r\nLa fusta de Noguera \u00e9s ideal per fer \u00fas amb aliments per la seva duresa\r\n\r\nAix\u00ed mateix la seva bellesa fa ressaltar un bon assortiment de formatges, embotits, fumats...\r\n\r\n<em>No hi ha dues peces iguals, per la qual cosa poden variar del model de la foto i les mides tamb\u00e9<\/em>\r\n\r\nS'aconsella rentar a m\u00e0 i nodrir-la amb el nostre producte d'elaboraci\u00f3 pr\u00f2pia <a href=\"https:\/\/hachazuela.com\/ca\/producto\/nuestracera\/\">nostracera<\/a>, amb aix\u00f2 ajudes a allargar-ne la bellesa i la durabilitat<\/span><\/pre>\n","protected":false},"excerpt":{"rendered":"<p>Taula de fusta de noguera d\u00b4una sola pe\u00e7a<\/p>\n<p>Ideal per tall o presentaci\u00f3 per la seva duresa i bellesa<\/p>\n<p>Pe\u00e7a \u00fanica<\/p>\n","protected":false},"featured_media":14025,"comment_status":"closed","ping_status":"closed","template":"","meta":{"_editorskit_title_hidden":false,"_editorskit_reading_time":0,"_editorskit_is_block_options_detached":false,"_editorskit_block_options_position":"{}","inline_featured_image":false},"product_brand":[],"product_cat":[1489,1675],"product_tag":[],"class_list":{"0":"post-14030","1":"product","2":"type-product","3":"status-publish","4":"has-post-thumbnail","6":"product_cat-taules-cuina","7":"product_cat-taules-presentacio-safates","9":"first","10":"instock","11":"taxable","12":"shipping-taxable","13":"purchasable","14":"product-type-simple"},"_links":{"self":[{"href":"https:\/\/hachazuela.com\/ca\/wp-json\/wp\/v2\/product\/14030","targetHints":{"allow":["GET"]}}],"collection":[{"href":"https:\/\/hachazuela.com\/ca\/wp-json\/wp\/v2\/product"}],"about":[{"href":"https:\/\/hachazuela.com\/ca\/wp-json\/wp\/v2\/types\/product"}],"replies":[{"embeddable":true,"href":"https:\/\/hachazuela.com\/ca\/wp-json\/wp\/v2\/comments?post=14030"}],"wp:featuredmedia":[{"embeddable":true,"href":"https:\/\/hachazuela.com\/ca\/wp-json\/wp\/v2\/media\/14025"}],"wp:attachment":[{"href":"https:\/\/hachazuela.com\/ca\/wp-json\/wp\/v2\/media?parent=14030"}],"wp:term":[{"taxonomy":"product_brand","embeddable":true,"href":"https:\/\/hachazuela.com\/ca\/wp-json\/wp\/v2\/product_brand?post=14030"},{"taxonomy":"product_cat","embeddable":true,"href":"https:\/\/hachazuela.com\/ca\/wp-json\/wp\/v2\/product_cat?post=14030"},{"taxonomy":"product_tag","embeddable":true,"href":"https:\/\/hachazuela.com\/ca\/wp-json\/wp\/v2\/product_tag?post=14030"}],"curies":[{"name":"wp","href":"https:\/\/api.w.org\/{rel}","templated":true}]}}