{"id":14008,"date":"2026-02-06T14:33:34","date_gmt":"2026-02-06T13:33:34","guid":{"rendered":"https:\/\/hachazuela.com\/?post_type=product&#038;p=14008"},"modified":"2026-02-06T18:38:43","modified_gmt":"2026-02-06T17:38:43","slug":"penjoll-dautor-en-fusta-tallada-a-ma","status":"publish","type":"product","link":"https:\/\/hachazuela.com\/ca\/producto\/penjoll-dautor-en-fusta-tallada-a-ma\/","title":{"rendered":"Penjoll d\u00b4autor en fusta de noguera"},"content":{"rendered":"<p data-start=\"0\" data-end=\"101\"><strong data-start=\"0\" data-end=\"39\">Penjoll d\u2019autor en fusta de noguera<\/strong>, tallat i polit completament a m\u00e0 a partir d\u2019una sola pe\u00e7a.<\/p>\n<p data-start=\"103\" data-end=\"202\">Cada veta revela la hist\u00f2ria natural del material, convertint-lo en una pe\u00e7a \u00fanica i irrepetible.<\/p>\n<p data-start=\"204\" data-end=\"304\">Una joia escult\u00f2rica, lleugera i elegant, creada per a qui busca autenticitat i disseny amb \u00e0nima.<\/p>\n<p data-start=\"306\" data-end=\"379\">S\u00f3n petites escultures que conviden al tacte, el sentit que no enganya.<\/p>\n<p data-start=\"381\" data-end=\"417\" data-is-last-node=\"\" data-is-only-node=\"\"><strong data-start=\"381\" data-end=\"417\" data-is-last-node=\"\">Pe\u00e7a \u00fanica, signada per l\u2019autor.<\/strong><\/p>\n","protected":false},"excerpt":{"rendered":"<p>&nbsp;<\/p>\n<p data-start=\"0\" data-end=\"43\"><strong data-start=\"0\" data-end=\"41\">Penjoll d\u2019autor, tallat i polit a m\u00e0.<\/strong><\/p>\n<p data-start=\"45\" data-end=\"128\">Una joia \u00fanica i irrepetible que combina artesania, disseny i materials naturals.<\/p>\n<p data-start=\"130\" data-end=\"165\">Peces sensorials que no enganyen.<\/p>\n<p data-start=\"167\" data-end=\"191\" data-is-last-node=\"\" data-is-only-node=\"\"><strong data-start=\"167\" data-end=\"191\" data-is-last-node=\"\">Signada per l\u2019autor.<\/strong><\/p>\n","protected":false},"featured_media":14005,"comment_status":"closed","ping_status":"closed","template":"","meta":{"_editorskit_title_hidden":false,"_editorskit_reading_time":0,"_editorskit_is_block_options_detached":false,"_editorskit_block_options_position":"{}","inline_featured_image":false},"product_brand":[],"product_cat":[3416],"product_tag":[],"class_list":{"0":"post-14008","1":"product","2":"type-product","3":"status-publish","4":"has-post-thumbnail","6":"product_cat-joieria-en-fusta","8":"first","9":"instock","10":"taxable","11":"shipping-taxable","12":"purchasable","13":"product-type-simple"},"_links":{"self":[{"href":"https:\/\/hachazuela.com\/ca\/wp-json\/wp\/v2\/product\/14008","targetHints":{"allow":["GET"]}}],"collection":[{"href":"https:\/\/hachazuela.com\/ca\/wp-json\/wp\/v2\/product"}],"about":[{"href":"https:\/\/hachazuela.com\/ca\/wp-json\/wp\/v2\/types\/product"}],"replies":[{"embeddable":true,"href":"https:\/\/hachazuela.com\/ca\/wp-json\/wp\/v2\/comments?post=14008"}],"wp:featuredmedia":[{"embeddable":true,"href":"https:\/\/hachazuela.com\/ca\/wp-json\/wp\/v2\/media\/14005"}],"wp:attachment":[{"href":"https:\/\/hachazuela.com\/ca\/wp-json\/wp\/v2\/media?parent=14008"}],"wp:term":[{"taxonomy":"product_brand","embeddable":true,"href":"https:\/\/hachazuela.com\/ca\/wp-json\/wp\/v2\/product_brand?post=14008"},{"taxonomy":"product_cat","embeddable":true,"href":"https:\/\/hachazuela.com\/ca\/wp-json\/wp\/v2\/product_cat?post=14008"},{"taxonomy":"product_tag","embeddable":true,"href":"https:\/\/hachazuela.com\/ca\/wp-json\/wp\/v2\/product_tag?post=14008"}],"curies":[{"name":"wp","href":"https:\/\/api.w.org\/{rel}","templated":true}]}}