{"id":13995,"date":"2026-02-06T14:01:35","date_gmt":"2026-02-06T13:01:35","guid":{"rendered":"https:\/\/hachazuela.com\/?post_type=product&#038;p=13995"},"modified":"2026-02-06T14:10:19","modified_gmt":"2026-02-06T13:10:19","slug":"bracalet-fusta-teca-tallat-a-ma","status":"publish","type":"product","link":"https:\/\/hachazuela.com\/ca\/producto\/bracalet-fusta-teca-tallat-a-ma\/","title":{"rendered":"Bra\u00e7alet artesanal tallat a m\u00e0 en fusta de teca"},"content":{"rendered":"<p>&nbsp;<\/p>\n<p data-start=\"0\" data-end=\"170\"><strong data-start=\"0\" data-end=\"51\">Bra\u00e7alet artesanal tallat a m\u00e0 en fusta de teca<\/strong>, amb una forma org\u00e0nica que s\u2019eixampla suaument al centre i s\u2019afina cap als extrems per a un ajust c\u00f2mode i natural.<\/p>\n<p data-start=\"172\" data-end=\"257\">Les seves vetes \u00faniques fan de cada pe\u00e7a un complement exclusiu, c\u00e0lid i atemporal.<\/p>\n<p data-start=\"259\" data-end=\"298\">Petit objecte d\u2019art en forma de joia.<\/p>\n<p data-start=\"300\" data-end=\"421\">Lleuger, resistent i f\u00e0cil de combinar, \u00e9s perfecte per a qui valora l\u2019autenticitat i la bellesa dels materials nobles.<\/p>\n<p data-start=\"423\" data-end=\"470\" data-is-last-node=\"\" data-is-only-node=\"\"><strong data-start=\"423\" data-end=\"470\" data-is-last-node=\"\">Pe\u00e7a \u00fanica \u2014 no n\u2019existeixen dues d\u2019iguals.<\/strong><\/p>\n","protected":false},"excerpt":{"rendered":"<p>&nbsp;<\/p>\n<p data-start=\"0\" data-end=\"44\"><strong data-start=\"0\" data-end=\"42\">Bra\u00e7alet de fusta de teca tallat a m\u00e0.<\/strong><\/p>\n<p data-start=\"46\" data-end=\"84\">Disseny org\u00e0nic, lleuger i exclusiu.<\/p>\n<p data-start=\"86\" data-end=\"144\" data-is-last-node=\"\" data-is-only-node=\"\">Una joia artesanal \u00fanica per a un estil natural i elegant.<\/p>\n","protected":false},"featured_media":13990,"comment_status":"closed","ping_status":"closed","template":"","meta":{"_editorskit_title_hidden":false,"_editorskit_reading_time":0,"_editorskit_is_block_options_detached":false,"_editorskit_block_options_position":"{}","inline_featured_image":false},"product_brand":[],"product_cat":[3416],"product_tag":[],"class_list":{"0":"post-13995","1":"product","2":"type-product","3":"status-publish","4":"has-post-thumbnail","6":"product_cat-joieria-en-fusta","8":"first","9":"instock","10":"taxable","11":"shipping-taxable","12":"purchasable","13":"product-type-simple"},"_links":{"self":[{"href":"https:\/\/hachazuela.com\/ca\/wp-json\/wp\/v2\/product\/13995","targetHints":{"allow":["GET"]}}],"collection":[{"href":"https:\/\/hachazuela.com\/ca\/wp-json\/wp\/v2\/product"}],"about":[{"href":"https:\/\/hachazuela.com\/ca\/wp-json\/wp\/v2\/types\/product"}],"replies":[{"embeddable":true,"href":"https:\/\/hachazuela.com\/ca\/wp-json\/wp\/v2\/comments?post=13995"}],"wp:featuredmedia":[{"embeddable":true,"href":"https:\/\/hachazuela.com\/ca\/wp-json\/wp\/v2\/media\/13990"}],"wp:attachment":[{"href":"https:\/\/hachazuela.com\/ca\/wp-json\/wp\/v2\/media?parent=13995"}],"wp:term":[{"taxonomy":"product_brand","embeddable":true,"href":"https:\/\/hachazuela.com\/ca\/wp-json\/wp\/v2\/product_brand?post=13995"},{"taxonomy":"product_cat","embeddable":true,"href":"https:\/\/hachazuela.com\/ca\/wp-json\/wp\/v2\/product_cat?post=13995"},{"taxonomy":"product_tag","embeddable":true,"href":"https:\/\/hachazuela.com\/ca\/wp-json\/wp\/v2\/product_tag?post=13995"}],"curies":[{"name":"wp","href":"https:\/\/api.w.org\/{rel}","templated":true}]}}