{"id":13985,"date":"2026-02-04T19:53:17","date_gmt":"2026-02-04T18:53:17","guid":{"rendered":"https:\/\/hachazuela.com\/?post_type=product&#038;p=13985"},"modified":"2026-02-04T20:07:02","modified_gmt":"2026-02-04T19:07:02","slug":"bol-artesanal-fusta-olivera","status":"publish","type":"product","link":"https:\/\/hachazuela.com\/ca\/producto\/bol-artesanal-fusta-olivera\/","title":{"rendered":"Bol olivera artesanal"},"content":{"rendered":"<div class=\"flex flex-col text-sm pb-25\">\n<article class=\"text-token-text-primary w-full focus:outline-none [--shadow-height:45px] has-data-writing-block:pointer-events-none has-data-writing-block:-mt-(--shadow-height) has-data-writing-block:pt-(--shadow-height) [&amp;:has([data-writing-block])&gt;*]:pointer-events-auto scroll-mt-[calc(var(--header-height)+min(200px,max(70px,20svh)))]\" dir=\"auto\" tabindex=\"-1\" data-turn-id=\"176d9a71-5d29-4c79-9949-9c826bd7e0e2\" data-testid=\"conversation-turn-40\" data-scroll-anchor=\"true\" data-turn=\"assistant\">\n<div class=\"text-base my-auto mx-auto pb-10 [--thread-content-margin:--spacing(4)] @w-sm\/main:[--thread-content-margin:--spacing(6)] @w-lg\/main:[--thread-content-margin:--spacing(16)] px-(--thread-content-margin)\">\n<div class=\"[--thread-content-max-width:40rem] @w-lg\/main:[--thread-content-max-width:48rem] mx-auto max-w-(--thread-content-max-width) flex-1 group\/turn-messages focus-visible:outline-hidden relative flex w-full min-w-0 flex-col agent-turn\" tabindex=\"-1\">\n<div class=\"flex max-w-full flex-col grow\">\n<div class=\"min-h-8 text-message relative flex w-full flex-col items-end gap-2 text-start break-words whitespace-normal [.text-message+&amp;]:mt-1\" dir=\"auto\" data-message-author-role=\"assistant\" data-message-id=\"61790bcd-9d01-4423-b836-ff53c3123525\" data-message-model-slug=\"gpt-5-2\">\n<div class=\"flex w-full flex-col gap-1 empty:hidden first:pt-[1px]\">\n<div class=\"markdown prose dark:prose-invert w-full wrap-break-word light markdown-new-styling\">\n<p data-start=\"103\" data-end=\"368\">Aquest bol est\u00e0 tallat a m\u00e0 a partir d\u2019una sola pe\u00e7a de fusta d\u2019olivera, respectant la forma natural del tronc per conservar tota la seva for\u00e7a i personalitat. Les seves vetes profundes i canviants dibuixen paisatges \u00fanics que fan de cada pe\u00e7a una obra irrepetible.<\/p>\n<p data-start=\"370\" data-end=\"470\">Pe\u00e7a tallada a m\u00e0, que esdev\u00e9 tant un objecte pr\u00e0ctic com un element decoratiu amb pres\u00e8ncia pr\u00f2pia.<\/p>\n<p data-start=\"472\" data-end=\"499\">Objecte signat per l\u2019autor.<\/p>\n<p data-start=\"501\" data-end=\"685\">La fusta d\u2019olivera, coneguda per la seva duresa i bellesa, garanteix una llarga vida a la pe\u00e7a. Amb l\u2019\u00fas i el pas del temps, el seu to es tornar\u00e0 encara m\u00e9s ric, revelant nous matisos.<\/p>\n<p data-start=\"687\" data-end=\"734\"><strong data-start=\"687\" data-end=\"734\">Pe\u00e7a \u00fanica \u2014 no n\u2019existeixen dues d\u2019iguals.<\/strong><\/p>\n<\/div>\n<\/div>\n<\/div>\n<\/div>\n<div class=\"z-0 flex min-h-[46px] justify-start\"><\/div>\n<div class=\"mt-3 w-full empty:hidden\">\n<div class=\"text-center\"><\/div>\n<\/div>\n<\/div>\n<\/div>\n<\/article>\n<\/div>\n<div class=\"pointer-events-none h-px w-px absolute bottom-0\" aria-hidden=\"true\" data-edge=\"true\"><\/div>\n","protected":false},"excerpt":{"rendered":"<p>&nbsp;<\/p>\n<p>Bol artesanal de fusta d\u2019olivera tallat a m\u00e0. Pe\u00e7a \u00fanica amb vetes naturals, ideal per servir o decorar. Artesania aut\u00e8ntica i duradora.<\/p>\n","protected":false},"featured_media":13983,"comment_status":"closed","ping_status":"closed","template":"","meta":{"_editorskit_title_hidden":false,"_editorskit_reading_time":0,"_editorskit_is_block_options_detached":false,"_editorskit_block_options_position":"{}","inline_featured_image":false},"product_brand":[],"product_cat":[3412,1303],"product_tag":[],"class_list":{"0":"post-13985","1":"product","2":"type-product","3":"status-publish","4":"has-post-thumbnail","6":"product_cat-objectes-decoratius","7":"product_cat-bols","9":"first","10":"instock","11":"taxable","12":"shipping-taxable","13":"purchasable","14":"product-type-simple"},"_links":{"self":[{"href":"https:\/\/hachazuela.com\/ca\/wp-json\/wp\/v2\/product\/13985","targetHints":{"allow":["GET"]}}],"collection":[{"href":"https:\/\/hachazuela.com\/ca\/wp-json\/wp\/v2\/product"}],"about":[{"href":"https:\/\/hachazuela.com\/ca\/wp-json\/wp\/v2\/types\/product"}],"replies":[{"embeddable":true,"href":"https:\/\/hachazuela.com\/ca\/wp-json\/wp\/v2\/comments?post=13985"}],"wp:featuredmedia":[{"embeddable":true,"href":"https:\/\/hachazuela.com\/ca\/wp-json\/wp\/v2\/media\/13983"}],"wp:attachment":[{"href":"https:\/\/hachazuela.com\/ca\/wp-json\/wp\/v2\/media?parent=13985"}],"wp:term":[{"taxonomy":"product_brand","embeddable":true,"href":"https:\/\/hachazuela.com\/ca\/wp-json\/wp\/v2\/product_brand?post=13985"},{"taxonomy":"product_cat","embeddable":true,"href":"https:\/\/hachazuela.com\/ca\/wp-json\/wp\/v2\/product_cat?post=13985"},{"taxonomy":"product_tag","embeddable":true,"href":"https:\/\/hachazuela.com\/ca\/wp-json\/wp\/v2\/product_tag?post=13985"}],"curies":[{"name":"wp","href":"https:\/\/api.w.org\/{rel}","templated":true}]}}