{"id":13953,"date":"2026-01-29T19:08:34","date_gmt":"2026-01-29T18:08:34","guid":{"rendered":"https:\/\/hachazuela.com\/?post_type=product&#038;p=13953"},"modified":"2026-02-06T17:42:25","modified_gmt":"2026-02-06T16:42:25","slug":"penjoll-joieria-artesanal-fusta-plata","status":"publish","type":"product","link":"https:\/\/hachazuela.com\/ca\/producto\/penjoll-joieria-artesanal-fusta-plata\/","title":{"rendered":"Penjoll en fusta olivera i plata"},"content":{"rendered":"<p data-start=\"226\" data-end=\"303\">Penjoll tallat a m\u00e0 en <strong data-start=\"249\" data-end=\"268\">fusta d\u2019olivera<\/strong>, combinat amb <strong data-start=\"283\" data-end=\"302\">cadena de plata<\/strong>.<\/p>\n<p data-start=\"305\" data-end=\"511\">La seva forma el\u00b7l\u00edptica neix del mateix material, respectant la veta natural i l\u2019equilibri del volum.<br data-start=\"407\" data-end=\"410\" \/>Una pe\u00e7a serena i atemporal, on la calidesa de l\u2019olivera dialoga amb la pres\u00e8ncia subtil de la plata.<\/p>\n<p data-start=\"513\" data-end=\"662\">Pensat com un objecte proper, agradable al tacte i amb car\u00e0cter, que acompanya el cos sense imposar-se, tant en l\u2019\u00fas diari com en ocasions especials.<\/p>\n<p data-start=\"664\" data-end=\"789\">Cada penjoll \u00e9s <strong data-start=\"680\" data-end=\"698\">una pe\u00e7a \u00fanica<\/strong>, signada per l\u2019autor.<br data-start=\"720\" data-end=\"723\" \/>La fusta, la forma i els matisos fan que no n\u2019hi hagi cap d\u2019igual.<\/p>\n<p data-start=\"957\" data-end=\"1005\"><em data-start=\"957\" data-end=\"1005\">Cada pe\u00e7a troba el seu sentit quan \u00e9s portada.<\/em><\/p>\n","protected":false},"excerpt":{"rendered":"<p>&nbsp;<\/p>\n<p>Penjoll tallat a m\u00e0 en <strong data-start=\"249\" data-end=\"268\">fusta d\u2019olivera<\/strong>, combinat amb <strong data-start=\"283\" data-end=\"302\">cadena de plata<\/strong>.<\/p>\n<p>Cada pe\u00e7a es \u00fanica, com T\u00da !!<\/p>\n","protected":false},"featured_media":13940,"comment_status":"closed","ping_status":"closed","template":"","meta":{"_editorskit_title_hidden":false,"_editorskit_reading_time":0,"_editorskit_is_block_options_detached":false,"_editorskit_block_options_position":"{}","inline_featured_image":false},"product_brand":[],"product_cat":[3416],"product_tag":[],"class_list":{"0":"post-13953","1":"product","2":"type-product","3":"status-publish","4":"has-post-thumbnail","6":"product_cat-joieria-en-fusta","8":"first","9":"outofstock","10":"taxable","11":"shipping-taxable","12":"purchasable","13":"product-type-simple"},"_links":{"self":[{"href":"https:\/\/hachazuela.com\/ca\/wp-json\/wp\/v2\/product\/13953","targetHints":{"allow":["GET"]}}],"collection":[{"href":"https:\/\/hachazuela.com\/ca\/wp-json\/wp\/v2\/product"}],"about":[{"href":"https:\/\/hachazuela.com\/ca\/wp-json\/wp\/v2\/types\/product"}],"replies":[{"embeddable":true,"href":"https:\/\/hachazuela.com\/ca\/wp-json\/wp\/v2\/comments?post=13953"}],"wp:featuredmedia":[{"embeddable":true,"href":"https:\/\/hachazuela.com\/ca\/wp-json\/wp\/v2\/media\/13940"}],"wp:attachment":[{"href":"https:\/\/hachazuela.com\/ca\/wp-json\/wp\/v2\/media?parent=13953"}],"wp:term":[{"taxonomy":"product_brand","embeddable":true,"href":"https:\/\/hachazuela.com\/ca\/wp-json\/wp\/v2\/product_brand?post=13953"},{"taxonomy":"product_cat","embeddable":true,"href":"https:\/\/hachazuela.com\/ca\/wp-json\/wp\/v2\/product_cat?post=13953"},{"taxonomy":"product_tag","embeddable":true,"href":"https:\/\/hachazuela.com\/ca\/wp-json\/wp\/v2\/product_tag?post=13953"}],"curies":[{"name":"wp","href":"https:\/\/api.w.org\/{rel}","templated":true}]}}