{"id":13788,"date":"2025-10-30T13:15:23","date_gmt":"2025-10-30T12:15:23","guid":{"rendered":"https:\/\/hachazuela.com\/?post_type=product&#038;p=13788"},"modified":"2025-10-30T13:18:52","modified_gmt":"2025-10-30T12:18:52","slug":"cullerot-escultoric","status":"publish","type":"product","link":"https:\/\/hachazuela.com\/ca\/producto\/cullerot-escultoric\/","title":{"rendered":"Cullerot escult\u00f2ric"},"content":{"rendered":"<p data-start=\"72\" data-end=\"114\"><strong data-start=\"72\" data-end=\"114\">Cullerot escult\u00f2ric en fusta d\u2019olivera<\/strong><\/p>\n<p data-start=\"116\" data-end=\"345\">Pe\u00e7a \u00fanica tallada a m\u00e0, on la forma natural de l\u2019arrel de l\u2019olivera s\u2019uneix amb una delicada cavitat polida. El contrast entre la textura r\u00fastica i la superf\u00edcie suau convida al tacte i celebra la imperfecci\u00f3 de la mat\u00e8ria viva.<\/p>\n<p data-start=\"347\" data-end=\"464\">Ideal com a objecte decoratiu o estri simb\u00f2lic, cada pe\u00e7a conserva el car\u00e0cter irrepetible de l\u2019arbre d\u2019on va n\u00e9ixer.<\/p>\n","protected":false},"excerpt":{"rendered":"<p>Cullerot a modo d\u00b4escultura \u00a0tallada a m\u00e0, on la forma natural de l\u2019arrel de l\u2019olivera s\u2019uneix amb una delicada cavitat polida.<\/p>\n<p>Pe\u00e7a \u00fanica<\/p>\n","protected":false},"featured_media":13780,"comment_status":"closed","ping_status":"closed","template":"","meta":{"_editorskit_title_hidden":false,"_editorskit_reading_time":0,"_editorskit_is_block_options_detached":false,"_editorskit_block_options_position":"{}","inline_featured_image":false},"product_brand":[],"product_cat":[2934],"product_tag":[],"class_list":{"0":"post-13788","1":"product","2":"type-product","3":"status-publish","4":"has-post-thumbnail","6":"product_cat-culleres","8":"first","9":"outofstock","10":"taxable","11":"shipping-taxable","12":"purchasable","13":"product-type-simple"},"_links":{"self":[{"href":"https:\/\/hachazuela.com\/ca\/wp-json\/wp\/v2\/product\/13788","targetHints":{"allow":["GET"]}}],"collection":[{"href":"https:\/\/hachazuela.com\/ca\/wp-json\/wp\/v2\/product"}],"about":[{"href":"https:\/\/hachazuela.com\/ca\/wp-json\/wp\/v2\/types\/product"}],"replies":[{"embeddable":true,"href":"https:\/\/hachazuela.com\/ca\/wp-json\/wp\/v2\/comments?post=13788"}],"wp:featuredmedia":[{"embeddable":true,"href":"https:\/\/hachazuela.com\/ca\/wp-json\/wp\/v2\/media\/13780"}],"wp:attachment":[{"href":"https:\/\/hachazuela.com\/ca\/wp-json\/wp\/v2\/media?parent=13788"}],"wp:term":[{"taxonomy":"product_brand","embeddable":true,"href":"https:\/\/hachazuela.com\/ca\/wp-json\/wp\/v2\/product_brand?post=13788"},{"taxonomy":"product_cat","embeddable":true,"href":"https:\/\/hachazuela.com\/ca\/wp-json\/wp\/v2\/product_cat?post=13788"},{"taxonomy":"product_tag","embeddable":true,"href":"https:\/\/hachazuela.com\/ca\/wp-json\/wp\/v2\/product_tag?post=13788"}],"curies":[{"name":"wp","href":"https:\/\/api.w.org\/{rel}","templated":true}]}}