{"id":13751,"date":"2025-10-30T12:14:05","date_gmt":"2025-10-30T11:14:05","guid":{"rendered":"https:\/\/hachazuela.com\/?post_type=product&#038;p=13751"},"modified":"2025-10-30T12:19:04","modified_gmt":"2025-10-30T11:19:04","slug":"bol-textura-organica","status":"publish","type":"product","link":"https:\/\/hachazuela.com\/ca\/producto\/bol-textura-organica\/","title":{"rendered":"Bol textura organica"},"content":{"rendered":"<p data-start=\"72\" data-end=\"116\"><strong data-start=\"72\" data-end=\"116\">Bol tallat manualment en fusta d\u2019olivera<\/strong><\/p>\n<p data-start=\"118\" data-end=\"234\">La seva textura org\u00e0nica i superf\u00edcie facetada revelen la feina pacient de les eines sobre la veta viva de la fusta.<\/p>\n<p data-start=\"236\" data-end=\"314\">Ideal com a bol meditatiu, per a joies, sals o petits objectes amb significat.<\/p>\n<p data-start=\"316\" data-end=\"394\">Cada marca \u00e9s empremta del gest artesanal, una fusi\u00f3 entre mat\u00e8ria i moviment.<\/p>\n<p data-start=\"396\" data-end=\"471\">Cada pe\u00e7a \u00e9s <strong data-start=\"409\" data-end=\"418\">\u00daNICA<\/strong>, per tant pot variar respecte al model de la imatge.<\/p>\n","protected":false},"excerpt":{"rendered":"<p>Bol de fusta d\u00b4olivera treballat amb textures de forma artesanal<\/p>\n<p>Cada marca \u00e9s empremta del gest artesanal, una fusi\u00f3 entre mat\u00e8ria i moviment.<\/p>\n","protected":false},"featured_media":13740,"comment_status":"closed","ping_status":"closed","template":"","meta":{"_editorskit_title_hidden":false,"_editorskit_reading_time":0,"_editorskit_is_block_options_detached":false,"_editorskit_block_options_position":"{}","inline_featured_image":false},"product_brand":[],"product_cat":[1117,1303],"product_tag":[],"class_list":{"0":"post-13751","1":"product","2":"type-product","3":"status-publish","4":"has-post-thumbnail","6":"product_cat-cuina","7":"product_cat-bols","9":"first","10":"outofstock","11":"taxable","12":"shipping-taxable","13":"purchasable","14":"product-type-simple"},"_links":{"self":[{"href":"https:\/\/hachazuela.com\/ca\/wp-json\/wp\/v2\/product\/13751","targetHints":{"allow":["GET"]}}],"collection":[{"href":"https:\/\/hachazuela.com\/ca\/wp-json\/wp\/v2\/product"}],"about":[{"href":"https:\/\/hachazuela.com\/ca\/wp-json\/wp\/v2\/types\/product"}],"replies":[{"embeddable":true,"href":"https:\/\/hachazuela.com\/ca\/wp-json\/wp\/v2\/comments?post=13751"}],"wp:featuredmedia":[{"embeddable":true,"href":"https:\/\/hachazuela.com\/ca\/wp-json\/wp\/v2\/media\/13740"}],"wp:attachment":[{"href":"https:\/\/hachazuela.com\/ca\/wp-json\/wp\/v2\/media?parent=13751"}],"wp:term":[{"taxonomy":"product_brand","embeddable":true,"href":"https:\/\/hachazuela.com\/ca\/wp-json\/wp\/v2\/product_brand?post=13751"},{"taxonomy":"product_cat","embeddable":true,"href":"https:\/\/hachazuela.com\/ca\/wp-json\/wp\/v2\/product_cat?post=13751"},{"taxonomy":"product_tag","embeddable":true,"href":"https:\/\/hachazuela.com\/ca\/wp-json\/wp\/v2\/product_tag?post=13751"}],"curies":[{"name":"wp","href":"https:\/\/api.w.org\/{rel}","templated":true}]}}