{"id":13735,"date":"2025-10-29T20:20:33","date_gmt":"2025-10-29T19:20:33","guid":{"rendered":"https:\/\/hachazuela.com\/?post_type=product&#038;p=13735"},"modified":"2026-04-01T21:06:20","modified_gmt":"2026-04-01T19:06:20","slug":"tabla-tuna","status":"publish","type":"product","link":"https:\/\/hachazuela.com\/ca\/producto\/tabla-tuna\/","title":{"rendered":"Tabla Tuna"},"content":{"rendered":"<p data-start=\"72\" data-end=\"135\"><strong data-start=\"72\" data-end=\"135\">Aquest model de tabla \u00e9s molt vers\u00e0til pel seu tamany i pes<\/strong><\/p>\n<p data-start=\"137\" data-end=\"242\">Ideal tant per tallar com per presentar formatges, embotits\u2026 o servir els teus millors aperitius a taula.<\/p>\n<p data-start=\"244\" data-end=\"349\">Les seves vetes naturals, plenes de car\u00e0cter, la converteixen en un objecte funcional i decoratiu alhora.<\/p>\n<p data-start=\"351\" data-end=\"460\">Recomanable aplicar <a href=\"https:\/\/hachazuela.com\/en\/producto\/nuestacera\/\"><strong data-start=\"371\" data-end=\"386\">Nuestracera<\/strong> <\/a>per real\u00e7ar la seva bellesa natural i garantir-ne una llarga durabilitat.<\/p>\n<p data-start=\"462\" data-end=\"573\">Com que \u00e9s una pe\u00e7a artesanal, pot presentar variacions respecte al model de la foto. No n\u2019hi ha dues d\u2019iguals.<\/p>\n<p data-start=\"575\" data-end=\"647\">Les mesures s\u00f3n aproximades, ja que la mat\u00e8ria primera \u00e9s molt variable.<\/p>\n","protected":false},"excerpt":{"rendered":"<p>&nbsp;<\/p>\n<p>Aquesta tabla presenta unes vetes naturals, plenes de car\u00e0cter, la converteixen en un objecte funcional i decoratiu alhora<\/p>\n<p>Ideal per tallar o presentar aliments a taula<\/p>\n<p>&nbsp;<\/p>\n","protected":false},"featured_media":13733,"comment_status":"closed","ping_status":"closed","template":"","meta":{"_editorskit_title_hidden":false,"_editorskit_reading_time":0,"_editorskit_is_block_options_detached":false,"_editorskit_block_options_position":"{}","inline_featured_image":false},"product_brand":[],"product_cat":[1117,1489,1675],"product_tag":[],"class_list":{"0":"post-13735","1":"product","2":"type-product","3":"status-publish","4":"has-post-thumbnail","6":"product_cat-cuina","7":"product_cat-taules-cuina","8":"product_cat-taules-presentacio-safates","10":"first","11":"instock","12":"taxable","13":"shipping-taxable","14":"purchasable","15":"product-type-simple"},"_links":{"self":[{"href":"https:\/\/hachazuela.com\/ca\/wp-json\/wp\/v2\/product\/13735","targetHints":{"allow":["GET"]}}],"collection":[{"href":"https:\/\/hachazuela.com\/ca\/wp-json\/wp\/v2\/product"}],"about":[{"href":"https:\/\/hachazuela.com\/ca\/wp-json\/wp\/v2\/types\/product"}],"replies":[{"embeddable":true,"href":"https:\/\/hachazuela.com\/ca\/wp-json\/wp\/v2\/comments?post=13735"}],"wp:featuredmedia":[{"embeddable":true,"href":"https:\/\/hachazuela.com\/ca\/wp-json\/wp\/v2\/media\/13733"}],"wp:attachment":[{"href":"https:\/\/hachazuela.com\/ca\/wp-json\/wp\/v2\/media?parent=13735"}],"wp:term":[{"taxonomy":"product_brand","embeddable":true,"href":"https:\/\/hachazuela.com\/ca\/wp-json\/wp\/v2\/product_brand?post=13735"},{"taxonomy":"product_cat","embeddable":true,"href":"https:\/\/hachazuela.com\/ca\/wp-json\/wp\/v2\/product_cat?post=13735"},{"taxonomy":"product_tag","embeddable":true,"href":"https:\/\/hachazuela.com\/ca\/wp-json\/wp\/v2\/product_tag?post=13735"}],"curies":[{"name":"wp","href":"https:\/\/api.w.org\/{rel}","templated":true}]}}