{"id":13681,"date":"2025-10-14T12:38:03","date_gmt":"2025-10-14T10:38:03","guid":{"rendered":"https:\/\/hachazuela.com\/?post_type=product&#038;p=13681"},"modified":"2025-10-14T12:49:03","modified_gmt":"2025-10-14T10:49:03","slug":"nuestracera","status":"publish","type":"product","link":"https:\/\/hachazuela.com\/ca\/producto\/nuestracera\/","title":{"rendered":"Nuestracera"},"content":{"rendered":"<p data-start=\"0\" data-end=\"57\"><strong data-start=\"0\" data-end=\"15\">Nuestracera<\/strong> \u00e9s un tractament natural per a la fusta<\/p>\n<p data-start=\"59\" data-end=\"328\">La fusta gaireb\u00e9 necessita les mateixes cures que la teva pell, per aix\u00f2 \u00e9s recomanable mantenir-la hidratada amb el nostre producte d\u2019elaboraci\u00f3 pr\u00f2pia. Est\u00e0 fet a base de cera d\u2019abella, cera vegetal i olis amb alguna ess\u00e8ncia que li agrada afegir a la cap o al cap.<\/p>\n<p data-start=\"330\" data-end=\"493\">\u00c9s recomanable aplicar-lo un cop cada dos mesos aproximadament (la fusta et dir\u00e0 quan) per mantenir-la en condicions \u00f2ptimes i aix\u00ed tindr\u00e0s una taula per sempre.<\/p>\n<p data-start=\"495\" data-end=\"715\">Pots aplicar-lo directament amb les mans (aix\u00ed les teves mans tamb\u00e9 en surten beneficiades) o b\u00e9 amb un drap de cot\u00f3 net (guarda\u2019l juntament amb el producte per a la propera aplicaci\u00f3). No cal posar-ne gaire quantitat.<\/p>\n<p data-start=\"717\" data-end=\"1005\">No \u00e9s t\u00f2xic, per tant es pot fer servir en taules, taulells de cuina, taules de tall, coberts, bols, plats o qualsevol superf\u00edcie que tingui contacte amb els aliments. Aprofundeix el color i augmenta el contrast de la veta. Tot i aix\u00f2, la fusta conserva l\u2019aspecte i la textura naturals.<\/p>\n<p data-start=\"1007\" data-end=\"1075\">Deixa un tacte natural i vellutat, permetent que la fusta respiri.<\/p>\n<p data-start=\"1077\" data-end=\"1096\" data-is-last-node=\"\" data-is-only-node=\"\"><strong data-start=\"1077\" data-end=\"1096\" data-is-last-node=\"\">Envas de 150 ml<\/strong><\/p>\n","protected":false},"excerpt":{"rendered":"<p>Es pot fer servir en taules, taulells de cuina, taules de tall, coberts, bols, plats o qualsevol superf\u00edcie que tingui contacte amb els aliments. Aprofundeix el color i augmenta el contrast de la veta.<\/p>\n<p>Tot i aix\u00f2, la fusta conserva l\u2019aspecte i la textura naturals.<\/p>\n<p>Apte per l\u00b4alimentaci\u00f3<\/p>\n<p>&nbsp;<\/p>\n","protected":false},"featured_media":13688,"comment_status":"closed","ping_status":"closed","template":"","meta":{"_editorskit_title_hidden":false,"_editorskit_reading_time":0,"_editorskit_is_block_options_detached":false,"_editorskit_block_options_position":"{}","inline_featured_image":false},"product_brand":[],"product_cat":[1117,1303,1861,1489,1675],"product_tag":[],"class_list":{"0":"post-13681","1":"product","2":"type-product","3":"status-publish","4":"has-post-thumbnail","6":"product_cat-cuina","7":"product_cat-bols","8":"product_cat-estris","9":"product_cat-taules-cuina","10":"product_cat-taules-presentacio-safates","12":"first","13":"instock","14":"taxable","15":"shipping-taxable","16":"purchasable","17":"product-type-simple"},"_links":{"self":[{"href":"https:\/\/hachazuela.com\/ca\/wp-json\/wp\/v2\/product\/13681","targetHints":{"allow":["GET"]}}],"collection":[{"href":"https:\/\/hachazuela.com\/ca\/wp-json\/wp\/v2\/product"}],"about":[{"href":"https:\/\/hachazuela.com\/ca\/wp-json\/wp\/v2\/types\/product"}],"replies":[{"embeddable":true,"href":"https:\/\/hachazuela.com\/ca\/wp-json\/wp\/v2\/comments?post=13681"}],"wp:featuredmedia":[{"embeddable":true,"href":"https:\/\/hachazuela.com\/ca\/wp-json\/wp\/v2\/media\/13688"}],"wp:attachment":[{"href":"https:\/\/hachazuela.com\/ca\/wp-json\/wp\/v2\/media?parent=13681"}],"wp:term":[{"taxonomy":"product_brand","embeddable":true,"href":"https:\/\/hachazuela.com\/ca\/wp-json\/wp\/v2\/product_brand?post=13681"},{"taxonomy":"product_cat","embeddable":true,"href":"https:\/\/hachazuela.com\/ca\/wp-json\/wp\/v2\/product_cat?post=13681"},{"taxonomy":"product_tag","embeddable":true,"href":"https:\/\/hachazuela.com\/ca\/wp-json\/wp\/v2\/product_tag?post=13681"}],"curies":[{"name":"wp","href":"https:\/\/api.w.org\/{rel}","templated":true}]}}