{"id":13429,"date":"2025-04-01T12:24:27","date_gmt":"2025-04-01T10:24:27","guid":{"rendered":"https:\/\/hachazuela.com\/?post_type=product&#038;p=13429"},"modified":"2025-11-08T14:11:26","modified_gmt":"2025-11-08T13:11:26","slug":"menina-escultura-figura-decoracion","status":"publish","type":"product","link":"https:\/\/hachazuela.com\/ca\/producto\/menina-escultura-figura-decoracion\/","title":{"rendered":"Menina"},"content":{"rendered":"<p>Escultura Menina tallada por el escultor Javier \u00dabeda en un solo bloque de madera maciza con herramientas manuales otorgando acabados \u00fanicos y patina de color<\/p>\n<p>Obra de arte \u00daNICA<\/p>\n<p>Pieza numerada 25411 , se adjunta certificado de autor<\/p>\n<p>El cuadro de Las Meninas o la Familia de Felipe IV se considera la obra maestra del pintor del siglo de Oro espa\u00f1ol Diego Vel\u00e1zquez, corresponde al \u00faltimo periodo estil\u00edstico del artista, en plena madurez<\/p>\n","protected":false},"excerpt":{"rendered":"<p>Escultura Menina tallada por el escultor Javier \u00dabeda en un solo bloque de madera maciza en homenaje a Vel\u00e1zquez<\/p>\n<p>Cada pieza es \u00daNICA y son coleccionables<\/p>\n<p>No hay uso de moldes, partimos de un bloque mediante el proceso de \u201c quitar \u201c lo que sobra asistimos a su nacimiento<\/p>\n","protected":false},"featured_media":13436,"comment_status":"closed","ping_status":"closed","template":"","meta":{"_editorskit_title_hidden":false,"_editorskit_reading_time":0,"_editorskit_is_block_options_detached":false,"_editorskit_block_options_position":"{}","inline_featured_image":false},"product_brand":[],"product_cat":[3216],"product_tag":[],"class_list":{"0":"post-13429","1":"product","2":"type-product","3":"status-publish","4":"has-post-thumbnail","6":"product_cat-meninas","8":"first","9":"outofstock","10":"taxable","11":"shipping-taxable","12":"purchasable","13":"product-type-simple"},"_links":{"self":[{"href":"https:\/\/hachazuela.com\/ca\/wp-json\/wp\/v2\/product\/13429","targetHints":{"allow":["GET"]}}],"collection":[{"href":"https:\/\/hachazuela.com\/ca\/wp-json\/wp\/v2\/product"}],"about":[{"href":"https:\/\/hachazuela.com\/ca\/wp-json\/wp\/v2\/types\/product"}],"replies":[{"embeddable":true,"href":"https:\/\/hachazuela.com\/ca\/wp-json\/wp\/v2\/comments?post=13429"}],"wp:featuredmedia":[{"embeddable":true,"href":"https:\/\/hachazuela.com\/ca\/wp-json\/wp\/v2\/media\/13436"}],"wp:attachment":[{"href":"https:\/\/hachazuela.com\/ca\/wp-json\/wp\/v2\/media?parent=13429"}],"wp:term":[{"taxonomy":"product_brand","embeddable":true,"href":"https:\/\/hachazuela.com\/ca\/wp-json\/wp\/v2\/product_brand?post=13429"},{"taxonomy":"product_cat","embeddable":true,"href":"https:\/\/hachazuela.com\/ca\/wp-json\/wp\/v2\/product_cat?post=13429"},{"taxonomy":"product_tag","embeddable":true,"href":"https:\/\/hachazuela.com\/ca\/wp-json\/wp\/v2\/product_tag?post=13429"}],"curies":[{"name":"wp","href":"https:\/\/api.w.org\/{rel}","templated":true}]}}