{"id":13276,"date":"2025-03-04T13:58:44","date_gmt":"2025-03-04T12:58:44","guid":{"rendered":"https:\/\/hachazuela.com\/?post_type=product&#038;p=13276"},"modified":"2025-03-08T17:21:54","modified_gmt":"2025-03-08T16:21:54","slug":"menina-art-escultura-velazquez","status":"publish","type":"product","link":"https:\/\/hachazuela.com\/ca\/producto\/menina-art-escultura-velazquez\/","title":{"rendered":"Menina"},"content":{"rendered":"<p><span style=\"font-family: arial, helvetica, sans-serif;\">Menina tallada per l&#8217;escultor Javier \u00dabeda en un sol bloc de fusta massissa amb eines manuals atorgant acabats \u00fanics i patina de color<\/span><\/p>\n<pre id=\"tw-target-text\" class=\"tw-data-text tw-text-large tw-ta\" dir=\"ltr\" data-placeholder=\"Traducci\u00f3n\" data-ved=\"2ahUKEwiot_yRvfqLAxWOVfEDHR2FH9sQ3ewLegQIEhAV\" aria-label=\"Texto traducido: Menina tallada per l'escultor Javier \u00dabeda en un sol bloc de fusta massissa amb eines manuals atorgant acabats \u00fanics i patina de color\r\n\r\nCADA UNA \u00c9S \u00daNICA\r\n\r\nPe\u00e7a numerada 25311 , s'adjunta certificat d'autor\r\n\r\nEl quadre de Las Meninas o la Fam\u00edlia de Felip IV es considera l'obra mestra del pintor del segle d'Or espanyol Diego Vel\u00e1zquez, correspon a l'\u00faltim per\u00edode estil\u00edstic de l'artista, en plena maduresa\"><span class=\"Y2IQFc\" lang=\"ca\" style=\"font-family: arial, helvetica, sans-serif;\">\r\nCADA UNA \u00c9S \u00daNICA\r\n\r\nPe\u00e7a numerada 25311 , s'adjunta certificat d'autor\r\n\r\nEl quadre de Las Meninas o la Fam\u00edlia de Felip IV es considera l'obra mestra del pintor del segle d'Or espanyol Diego Vel\u00e1zquez, correspon a l'\u00faltim per\u00edode estil\u00edstic de l'artista, en plena maduresa<\/span><\/pre>\n","protected":false},"excerpt":{"rendered":"<p>&nbsp;<\/p>\n<p><span style=\"font-family: arial, helvetica, sans-serif;\">Menina tallada per l&#8217;escultor Javier \u00dabeda en un sol bloc de fusta massissa amb eines manuals atorgant acabats \u00fanics i patina de color<\/span><\/p>\n<pre id=\"tw-target-text\" class=\"tw-data-text tw-text-large tw-ta\" dir=\"ltr\" data-placeholder=\"Traducci\u00f3n\" data-ved=\"2ahUKEwiot_yRvfqLAxWOVfEDHR2FH9sQ3ewLegQIEhAV\" aria-label=\"Texto traducido: Menina tallada per l'escultor Javier \u00dabeda en un sol bloc de fusta massissa amb eines manuals atorgant acabats \u00fanics i patina de color\r\n\r\nCADA UNA \u00c9S \u00daNICA\r\n\r\nPe\u00e7a numerada 25311 , s'adjunta certificat d'autor\r\n\r\nEl quadre de Las Meninas o la Fam\u00edlia de Felip IV es considera l'obra mestra del pintor del segle d'Or espanyol Diego Vel\u00e1zquez, correspon a l'\u00faltim per\u00edode estil\u00edstic de l'artista, en plena maduresa\"><span class=\"Y2IQFc\" lang=\"ca\" style=\"font-family: arial, helvetica, sans-serif;\">\r\nCADA UNA \u00c9S \u00daNICA\r\n\r\nPe\u00e7a numerada 25311 , s'adjunta certificat d'autor<\/span><\/pre>\n","protected":false},"featured_media":13210,"comment_status":"closed","ping_status":"closed","template":"","meta":{"_editorskit_title_hidden":false,"_editorskit_reading_time":0,"_editorskit_is_block_options_detached":false,"_editorskit_block_options_position":"{}","inline_featured_image":false},"product_brand":[],"product_cat":[3310],"product_tag":[],"class_list":{"0":"post-13276","1":"product","2":"type-product","3":"status-publish","4":"has-post-thumbnail","6":"product_cat-meninas-ca","8":"first","9":"outofstock","10":"taxable","11":"shipping-taxable","12":"purchasable","13":"product-type-simple"},"_links":{"self":[{"href":"https:\/\/hachazuela.com\/ca\/wp-json\/wp\/v2\/product\/13276","targetHints":{"allow":["GET"]}}],"collection":[{"href":"https:\/\/hachazuela.com\/ca\/wp-json\/wp\/v2\/product"}],"about":[{"href":"https:\/\/hachazuela.com\/ca\/wp-json\/wp\/v2\/types\/product"}],"replies":[{"embeddable":true,"href":"https:\/\/hachazuela.com\/ca\/wp-json\/wp\/v2\/comments?post=13276"}],"wp:featuredmedia":[{"embeddable":true,"href":"https:\/\/hachazuela.com\/ca\/wp-json\/wp\/v2\/media\/13210"}],"wp:attachment":[{"href":"https:\/\/hachazuela.com\/ca\/wp-json\/wp\/v2\/media?parent=13276"}],"wp:term":[{"taxonomy":"product_brand","embeddable":true,"href":"https:\/\/hachazuela.com\/ca\/wp-json\/wp\/v2\/product_brand?post=13276"},{"taxonomy":"product_cat","embeddable":true,"href":"https:\/\/hachazuela.com\/ca\/wp-json\/wp\/v2\/product_cat?post=13276"},{"taxonomy":"product_tag","embeddable":true,"href":"https:\/\/hachazuela.com\/ca\/wp-json\/wp\/v2\/product_tag?post=13276"}],"curies":[{"name":"wp","href":"https:\/\/api.w.org\/{rel}","templated":true}]}}