{"id":13274,"date":"2025-03-04T18:25:57","date_gmt":"2025-03-04T17:25:57","guid":{"rendered":"https:\/\/hachazuela.com\/?post_type=product&#038;p=13274"},"modified":"2025-03-08T14:00:17","modified_gmt":"2025-03-08T13:00:17","slug":"menina-art-escultura-barcelona","status":"publish","type":"product","link":"https:\/\/hachazuela.com\/ca\/producto\/menina-art-escultura-barcelona\/","title":{"rendered":""},"content":{"rendered":"<pre id=\"tw-target-text\" class=\"tw-data-text tw-text-large tw-ta\" dir=\"ltr\" data-placeholder=\"Traducci\u00f3n\" data-ved=\"2ahUKEwiot_yRvfqLAxWOVfEDHR2FH9sQ3ewLegQIEhAV\" aria-label=\"Texto traducido: Menina tallada per l'escultor Javier \u00dabeda en un sol bloc de fusta massissa amb eines manuals atorgant acabats \u00fanics i patina de color CADA UNA \u00c9S \u00daNICA El quadre de Las Meninas o la Fam\u00edlia de Felip IV es considera l'obra mestra del pintor del segle d'Or espanyol Diego Vel\u00e1zquez, correspon a l'\u00faltim per\u00edode estil\u00edstic de l'artista, en plena maduresa\"><span class=\"Y2IQFc\" lang=\"ca\" style=\"font-family: arial, helvetica, sans-serif;\">Menina tallada per l'escultor Javier \u00dabeda en un sol bloc de fusta massissa amb eines manuals atorgant acabats \u00fanics i patina de color\r\n\r\nCADA UNA \u00c9S \u00daNICA\r\n\r\nPe\u00e7a numerada 25306\r\n\r\nEl quadre de Las Meninas o la Fam\u00edlia de Felip IV es considera l'obra mestra del pintor del segle d'Or espanyol Diego Vel\u00e1zquez, correspon a l'\u00faltim per\u00edode estil\u00edstic de l'artista, en plena maduresa<\/span><\/pre>\n","protected":false},"excerpt":{"rendered":"<p>&nbsp;<\/p>\n<pre id=\"tw-target-text\" class=\"tw-data-text tw-text-large tw-ta\" dir=\"ltr\" data-placeholder=\"Traducci\u00f3n\" data-ved=\"2ahUKEwiot_yRvfqLAxWOVfEDHR2FH9sQ3ewLegQIEhAV\" aria-label=\"Texto traducido: Menina tallada per l'escultor Javier \u00dabeda en un sol bloc de fusta massissa en homenatge a Vel\u00e1zquez Cada pe\u00e7a \u00e9s \u00daNICA i s\u00f3n col\u00b7leccionables No hi ha \u00fas de motlles, partim d'un bloc mitjan\u00e7ant el proc\u00e9s de \u201ctreure\u201d el que sobra assistim al seu naixement\"><span class=\"Y2IQFc\" lang=\"ca\" style=\"font-family: arial, helvetica, sans-serif;\">Menina tallada per l'escultor Javier \u00dabeda en un sol bloc de fusta massissa en homenatge a Vel\u00e1zquez\r\n\r\nCada pe\u00e7a \u00e9s \u00daNICA i s\u00f3n col\u00b7leccionables\r\n\r\nNo hi ha \u00fas de motlles, partim d'un bloc mitjan\u00e7ant el proc\u00e9s de \u201ctreure\u201d el que sobra assistim al seu naixement<\/span><\/pre>\n","protected":false},"featured_media":13243,"comment_status":"closed","ping_status":"closed","template":"","meta":{"_editorskit_title_hidden":false,"_editorskit_reading_time":0,"_editorskit_is_block_options_detached":false,"_editorskit_block_options_position":"{}","inline_featured_image":false},"product_brand":[],"product_cat":[3310],"product_tag":[],"class_list":{"0":"post-13274","1":"product","2":"type-product","3":"status-publish","4":"has-post-thumbnail","6":"product_cat-meninas-ca","8":"first","9":"outofstock","10":"taxable","11":"shipping-taxable","12":"purchasable","13":"product-type-simple"},"_links":{"self":[{"href":"https:\/\/hachazuela.com\/ca\/wp-json\/wp\/v2\/product\/13274","targetHints":{"allow":["GET"]}}],"collection":[{"href":"https:\/\/hachazuela.com\/ca\/wp-json\/wp\/v2\/product"}],"about":[{"href":"https:\/\/hachazuela.com\/ca\/wp-json\/wp\/v2\/types\/product"}],"replies":[{"embeddable":true,"href":"https:\/\/hachazuela.com\/ca\/wp-json\/wp\/v2\/comments?post=13274"}],"wp:featuredmedia":[{"embeddable":true,"href":"https:\/\/hachazuela.com\/ca\/wp-json\/wp\/v2\/media\/13243"}],"wp:attachment":[{"href":"https:\/\/hachazuela.com\/ca\/wp-json\/wp\/v2\/media?parent=13274"}],"wp:term":[{"taxonomy":"product_brand","embeddable":true,"href":"https:\/\/hachazuela.com\/ca\/wp-json\/wp\/v2\/product_brand?post=13274"},{"taxonomy":"product_cat","embeddable":true,"href":"https:\/\/hachazuela.com\/ca\/wp-json\/wp\/v2\/product_cat?post=13274"},{"taxonomy":"product_tag","embeddable":true,"href":"https:\/\/hachazuela.com\/ca\/wp-json\/wp\/v2\/product_tag?post=13274"}],"curies":[{"name":"wp","href":"https:\/\/api.w.org\/{rel}","templated":true}]}}