{"id":12981,"date":"2025-02-17T18:13:01","date_gmt":"2025-02-17T17:13:01","guid":{"rendered":"https:\/\/hachazuela.com\/?post_type=product&#038;p=12981"},"modified":"2026-01-04T11:15:31","modified_gmt":"2026-01-04T10:15:31","slug":"tabla-fusta-cuina","status":"publish","type":"product","link":"https:\/\/hachazuela.com\/ca\/producto\/tabla-fusta-cuina\/","title":{"rendered":"Tabla de fusta"},"content":{"rendered":"<p>&nbsp;<\/p>\n<pre id=\"tw-target-text\" class=\"tw-data-text tw-text-large tw-ta\" dir=\"ltr\" data-placeholder=\"Traducci\u00f3n\" data-ved=\"2ahUKEwjo2PaFgdiLAxUUVaQEHZn0C3UQ3ewLegQIERAV\" aria-label=\"Texto traducido: Aquest model de taula presenta les formes naturals sent una car\u00edcia al tacte\u00a0\r\n\r\nIdeal per presentar a taula amb algun embotit, formatges\u2026 i tamb\u00e9 de tall.\r\n\r\nLa fusta d'olivera \u00e9s la id\u00f2nia per a alimentaci\u00f3 pel poder anti bacteri\u00e0 i duresa.\r\n\r\nS'aconsella netejar amb aigua i sab\u00f3, assecar amb un drap i aplicar la nostra cera d'elaboraci\u00f3 pr\u00f2pia per mantenir hidratada i allargar-ne la bellesa i la durabilitat.\r\n\r\nNo hi ha dues peces iguals at\u00e8s que ens recolzem en les formes naturals i fugim de l'\u00fas de les plantilles, per la qual cosa la pe\u00e7a pot variar del model de la foto.\r\n\r\nLes mesures s\u00f3n aproximades at\u00e8s que no hi ha dues peces iguals i la mat\u00e8ria primera \u00e9s molt variable.\"><span class=\"Y2IQFc\" lang=\"ca\">Aquest model de taula presenta les formes naturals sent una car\u00edcia al tacte\u00a0\r\n\r\nIdeal per presentar a taula amb algun embotit, formatges\u2026 i tamb\u00e9 de tall.\r\n\r\nLa fusta d'olivera \u00e9s la id\u00f2nia per a alimentaci\u00f3 pel poder anti bacteri\u00e0 i duresa.\r\n\r\nS'aconsella netejar amb aigua i sab\u00f3, assecar amb un drap i aplicar la nostra cera d'elaboraci\u00f3 pr\u00f2pia per mantenir hidratada i allargar-ne la bellesa i la durabilitat.\r\n\r\nNo hi ha dues peces iguals at\u00e8s que ens recolzem en les formes naturals i fugim de l'\u00fas de les plantilles, per la qual cosa la pe\u00e7a pot variar del model de la foto.\r\n\r\nLes mesures s\u00f3n aproximades at\u00e8s que no hi ha dues peces iguals i la mat\u00e8ria primera \u00e9s molt variable.<\/span><\/pre>\n","protected":false},"excerpt":{"rendered":"<p>Taula de fusta d\u00b4olivera per cuinar o servir aliment a taula<\/p>\n<p>Cada pe\u00e7a es unica per lo que pot variar del model de la foto<\/p>\n","protected":false},"featured_media":12819,"comment_status":"closed","ping_status":"closed","template":"","meta":{"_editorskit_title_hidden":false,"_editorskit_reading_time":0,"_editorskit_is_block_options_detached":false,"_editorskit_block_options_position":"{}","inline_featured_image":false},"product_brand":[],"product_cat":[1489,1675],"product_tag":[],"class_list":{"0":"post-12981","1":"product","2":"type-product","3":"status-publish","4":"has-post-thumbnail","6":"product_cat-taules-cuina","7":"product_cat-taules-presentacio-safates","9":"first","10":"instock","11":"taxable","12":"shipping-taxable","13":"purchasable","14":"product-type-simple"},"_links":{"self":[{"href":"https:\/\/hachazuela.com\/ca\/wp-json\/wp\/v2\/product\/12981","targetHints":{"allow":["GET"]}}],"collection":[{"href":"https:\/\/hachazuela.com\/ca\/wp-json\/wp\/v2\/product"}],"about":[{"href":"https:\/\/hachazuela.com\/ca\/wp-json\/wp\/v2\/types\/product"}],"replies":[{"embeddable":true,"href":"https:\/\/hachazuela.com\/ca\/wp-json\/wp\/v2\/comments?post=12981"}],"wp:featuredmedia":[{"embeddable":true,"href":"https:\/\/hachazuela.com\/ca\/wp-json\/wp\/v2\/media\/12819"}],"wp:attachment":[{"href":"https:\/\/hachazuela.com\/ca\/wp-json\/wp\/v2\/media?parent=12981"}],"wp:term":[{"taxonomy":"product_brand","embeddable":true,"href":"https:\/\/hachazuela.com\/ca\/wp-json\/wp\/v2\/product_brand?post=12981"},{"taxonomy":"product_cat","embeddable":true,"href":"https:\/\/hachazuela.com\/ca\/wp-json\/wp\/v2\/product_cat?post=12981"},{"taxonomy":"product_tag","embeddable":true,"href":"https:\/\/hachazuela.com\/ca\/wp-json\/wp\/v2\/product_tag?post=12981"}],"curies":[{"name":"wp","href":"https:\/\/api.w.org\/{rel}","templated":true}]}}