{"id":12978,"date":"2025-02-21T14:22:06","date_gmt":"2025-02-21T13:22:06","guid":{"rendered":"https:\/\/hachazuela.com\/?post_type=product&#038;p=12978"},"modified":"2025-02-22T20:40:34","modified_gmt":"2025-02-22T19:40:34","slug":"coberts-fusta-olivera","status":"publish","type":"product","link":"https:\/\/hachazuela.com\/ca\/producto\/coberts-fusta-olivera\/","title":{"rendered":"Coberts de fusta d\u00b4olivera"},"content":{"rendered":"<p>&nbsp;<\/p>\n<pre id=\"tw-target-text\" class=\"tw-data-text tw-text-large tw-ta\" dir=\"ltr\" data-placeholder=\"Traducci\u00f3n\" data-ved=\"2ahUKEwjo2PaFgdiLAxUUVaQEHZn0C3UQ3ewLegQIERAV\" aria-label=\"Texto traducido: Coberts de fusta d'olivera format per tres peces: cullera, esp\u00e0tula i forquilla La fusta d'olivera \u00e9s id\u00f2nia per cuinar per la baixa porositat, resist\u00e8ncia i antibacteriana S\u00b4aconsella rentar a m\u00e0 i mantenir hidratada amb la nostra cera d\u00b4elaboraci\u00f3 pr\u00f2pia Cada pe\u00e7a \u00e9s \u00fanica pel que pot variar del model de la foto\"><span class=\"Y2IQFc\" lang=\"ca\" style=\"font-family: arial, helvetica, sans-serif;\">Coberts de fusta d'olivera format per tres peces: cullera, esp\u00e0tula i forquilla\r\n\r\nLa fusta d'olivera \u00e9s id\u00f2nia per cuinar per la baixa porositat, resist\u00e8ncia i antibacteriana\r\n\r\nS\u00b4aconsella rentar a m\u00e0 i mantenir hidratada amb la nostra cera d\u00b4elaboraci\u00f3 pr\u00f2pia\r\n\r\nCada pe\u00e7a \u00e9s \u00fanica pel que pot variar del model de la foto<\/span><\/pre>\n","protected":false},"excerpt":{"rendered":"<p>&nbsp;<\/p>\n<p><span class=\"Y2IQFc\" lang=\"ca\" style=\"font-family: arial, helvetica, sans-serif;\">Coberts de fusta d&#8217;olivera format per tres peces: cullera, esp\u00e0tula i forquilla <\/span><\/p>\n<p><span class=\"Y2IQFc\" lang=\"ca\" style=\"font-family: arial, helvetica, sans-serif;\">La fusta d&#8217;olivera \u00e9s id\u00f2nia per cuinar per la baixa porositat, resist\u00e8ncia i antibacteriana<\/span><\/p>\n","protected":false},"featured_media":12955,"comment_status":"closed","ping_status":"closed","template":"","meta":{"_editorskit_title_hidden":false,"_editorskit_reading_time":0,"_editorskit_is_block_options_detached":false,"_editorskit_block_options_position":"{}","inline_featured_image":false},"product_brand":[],"product_cat":[1861],"product_tag":[],"class_list":{"0":"post-12978","1":"product","2":"type-product","3":"status-publish","4":"has-post-thumbnail","6":"product_cat-estris","8":"first","9":"instock","10":"taxable","11":"shipping-taxable","12":"purchasable","13":"product-type-simple"},"_links":{"self":[{"href":"https:\/\/hachazuela.com\/ca\/wp-json\/wp\/v2\/product\/12978","targetHints":{"allow":["GET"]}}],"collection":[{"href":"https:\/\/hachazuela.com\/ca\/wp-json\/wp\/v2\/product"}],"about":[{"href":"https:\/\/hachazuela.com\/ca\/wp-json\/wp\/v2\/types\/product"}],"replies":[{"embeddable":true,"href":"https:\/\/hachazuela.com\/ca\/wp-json\/wp\/v2\/comments?post=12978"}],"wp:featuredmedia":[{"embeddable":true,"href":"https:\/\/hachazuela.com\/ca\/wp-json\/wp\/v2\/media\/12955"}],"wp:attachment":[{"href":"https:\/\/hachazuela.com\/ca\/wp-json\/wp\/v2\/media?parent=12978"}],"wp:term":[{"taxonomy":"product_brand","embeddable":true,"href":"https:\/\/hachazuela.com\/ca\/wp-json\/wp\/v2\/product_brand?post=12978"},{"taxonomy":"product_cat","embeddable":true,"href":"https:\/\/hachazuela.com\/ca\/wp-json\/wp\/v2\/product_cat?post=12978"},{"taxonomy":"product_tag","embeddable":true,"href":"https:\/\/hachazuela.com\/ca\/wp-json\/wp\/v2\/product_tag?post=12978"}],"curies":[{"name":"wp","href":"https:\/\/api.w.org\/{rel}","templated":true}]}}