{"id":12877,"date":"2025-02-17T19:14:37","date_gmt":"2025-02-17T18:14:37","guid":{"rendered":"https:\/\/hachazuela.com\/?post_type=product&#038;p=12877"},"modified":"2025-02-18T20:33:58","modified_gmt":"2025-02-18T19:33:58","slug":"centre-gran-fusta-olivera","status":"publish","type":"product","link":"https:\/\/hachazuela.com\/ca\/producto\/centre-gran-fusta-olivera\/","title":{"rendered":"Centre Gran d\u00b4olivera"},"content":{"rendered":"<pre id=\"tw-target-text\" class=\"tw-data-text tw-text-large tw-ta\" dir=\"ltr\" data-placeholder=\"Traducci\u00f3n\" data-ved=\"2ahUKEwjG1qXf9s2LAxX9T6QEHdLGHz0Q3ewLegQIEBAV\" aria-label=\"Texto traducido: Centre, bol o enciamera de fusta d'olivera\r\n\r\nLa seva excepcionalitat \u00e9s deguda a un tros de fusta d'olivera tan gran, sense danys, sense escor\u00e7a que \u00e9s per aix\u00f2 que surten poques unitats\r\n\r\nIdeal per presentar aliments ( amanides, pasta, arrossos, aperitius\u2026) , decoraci\u00f3 o fruiter\r\n\r\nS'aconsella rentar a m\u00e0 i hidratar amb la nostra cera d'elaboraci\u00f3 pr\u00f2pia\r\n\r\nCom que s\u00f3n peces artesanals pot variar del model de la foto\"><span class=\"Y2IQFc\" lang=\"ca\" style=\"font-family: arial, helvetica, sans-serif;\">Centre o  bol de fusta d'olivera\r\n\r\nLa seva excepcionalitat \u00e9s deguda a un tros de fusta d'olivera tan gran, sense danys, sense escor\u00e7a que \u00e9s per aix\u00f2 que surten poques unitats\r\n\r\nIdeal per presentar aliments ( amanides, pasta, arrossos, aperitius\u2026) , decoraci\u00f3 o fruiter\r\n\r\nS'aconsella rentar a m\u00e0 i hidratar amb la nostra cera d'elaboraci\u00f3 pr\u00f2pia\r\n\r\nCom que s\u00f3n peces artesanals pot variar del model de la foto<\/span><\/pre>\n","protected":false},"excerpt":{"rendered":"<p>&nbsp;<\/p>\n<p><span class=\"Y2IQFc\" lang=\"ca\" style=\"font-family: arial, helvetica, sans-serif;\">Centre o bol de fusta d&#8217;olivera <\/span><\/p>\n<p><span class=\"Y2IQFc\" lang=\"ca\" style=\"font-family: arial, helvetica, sans-serif;\">La seva excepcionalitat \u00e9s deguda a un tros de fusta d&#8217;olivera tan gran, sense danys, sense escor\u00e7a que \u00e9s per aix\u00f2 que surten poques unitats<\/span><\/p>\n","protected":false},"featured_media":12835,"comment_status":"closed","ping_status":"closed","template":"","meta":{"_editorskit_title_hidden":false,"_editorskit_reading_time":0,"_editorskit_is_block_options_detached":false,"_editorskit_block_options_position":"{}","inline_featured_image":false},"product_brand":[],"product_cat":[1303],"product_tag":[],"class_list":{"0":"post-12877","1":"product","2":"type-product","3":"status-publish","4":"has-post-thumbnail","6":"product_cat-bols","8":"first","9":"instock","10":"taxable","11":"shipping-taxable","12":"purchasable","13":"product-type-simple"},"_links":{"self":[{"href":"https:\/\/hachazuela.com\/ca\/wp-json\/wp\/v2\/product\/12877","targetHints":{"allow":["GET"]}}],"collection":[{"href":"https:\/\/hachazuela.com\/ca\/wp-json\/wp\/v2\/product"}],"about":[{"href":"https:\/\/hachazuela.com\/ca\/wp-json\/wp\/v2\/types\/product"}],"replies":[{"embeddable":true,"href":"https:\/\/hachazuela.com\/ca\/wp-json\/wp\/v2\/comments?post=12877"}],"wp:featuredmedia":[{"embeddable":true,"href":"https:\/\/hachazuela.com\/ca\/wp-json\/wp\/v2\/media\/12835"}],"wp:attachment":[{"href":"https:\/\/hachazuela.com\/ca\/wp-json\/wp\/v2\/media?parent=12877"}],"wp:term":[{"taxonomy":"product_brand","embeddable":true,"href":"https:\/\/hachazuela.com\/ca\/wp-json\/wp\/v2\/product_brand?post=12877"},{"taxonomy":"product_cat","embeddable":true,"href":"https:\/\/hachazuela.com\/ca\/wp-json\/wp\/v2\/product_cat?post=12877"},{"taxonomy":"product_tag","embeddable":true,"href":"https:\/\/hachazuela.com\/ca\/wp-json\/wp\/v2\/product_tag?post=12877"}],"curies":[{"name":"wp","href":"https:\/\/api.w.org\/{rel}","templated":true}]}}