{"id":12875,"date":"2025-02-17T19:34:02","date_gmt":"2025-02-17T18:34:02","guid":{"rendered":"https:\/\/hachazuela.com\/?post_type=product&#038;p=12875"},"modified":"2025-02-18T20:24:29","modified_gmt":"2025-02-18T19:24:29","slug":"sabonera-en-fusta-olivera","status":"publish","type":"product","link":"https:\/\/hachazuela.com\/ca\/producto\/sabonera-en-fusta-olivera\/","title":{"rendered":"Sabonera"},"content":{"rendered":"<p>&nbsp;<\/p>\n<pre id=\"tw-target-text\" class=\"tw-data-text tw-text-large tw-ta\" dir=\"ltr\" data-placeholder=\"Traducci\u00f3n\" data-ved=\"2ahUKEwjG1qXf9s2LAxX9T6QEHdLGHz0Q3ewLegQIEBAV\" aria-label=\"Texto traducido: Sabonera de fusta d'olivera amb forma ovalada i vora r\u00fastic\r\n\r\nLa fusta d'olivera presenta una gran bellesa i resist\u00e8ncia\r\n\r\nCada pe\u00e7a \u00e9s \u00fanica i pot variar del model de la foto\r\n\r\nEl preu \u00e9s per unitat\"><span class=\"Y2IQFc\" lang=\"ca\" style=\"font-family: arial, helvetica, sans-serif;\">Sabonera de fusta d'olivera amb forma ovalada i vora r\u00fastic\r\n\r\nLa fusta d'olivera presenta una gran bellesa i resist\u00e8ncia\r\n\r\nCada pe\u00e7a \u00e9s \u00fanica i pot variar del model de la foto\r\n\r\nEl preu \u00e9s per unitat<\/span><\/pre>\n","protected":false},"excerpt":{"rendered":"<p>&nbsp;<\/p>\n<p><span class=\"Y2IQFc\" lang=\"ca\" style=\"font-family: arial, helvetica, sans-serif;\">Sabonera de fusta d&#8217;olivera amb forma ovalada i vora r\u00fastic <\/span><\/p>\n<p><span class=\"Y2IQFc\" lang=\"ca\" style=\"font-family: arial, helvetica, sans-serif;\">La fusta d&#8217;olivera presenta una gran bellesa i resist\u00e8ncia<\/span><\/p>\n","protected":false},"featured_media":12845,"comment_status":"closed","ping_status":"closed","template":"","meta":{"_editorskit_title_hidden":false,"_editorskit_reading_time":0,"_editorskit_is_block_options_detached":false,"_editorskit_block_options_position":"{}","inline_featured_image":false},"product_brand":[],"product_cat":[1303],"product_tag":[],"class_list":{"0":"post-12875","1":"product","2":"type-product","3":"status-publish","4":"has-post-thumbnail","6":"product_cat-bols","8":"first","9":"instock","10":"taxable","11":"shipping-taxable","12":"purchasable","13":"product-type-simple"},"_links":{"self":[{"href":"https:\/\/hachazuela.com\/ca\/wp-json\/wp\/v2\/product\/12875","targetHints":{"allow":["GET"]}}],"collection":[{"href":"https:\/\/hachazuela.com\/ca\/wp-json\/wp\/v2\/product"}],"about":[{"href":"https:\/\/hachazuela.com\/ca\/wp-json\/wp\/v2\/types\/product"}],"replies":[{"embeddable":true,"href":"https:\/\/hachazuela.com\/ca\/wp-json\/wp\/v2\/comments?post=12875"}],"wp:featuredmedia":[{"embeddable":true,"href":"https:\/\/hachazuela.com\/ca\/wp-json\/wp\/v2\/media\/12845"}],"wp:attachment":[{"href":"https:\/\/hachazuela.com\/ca\/wp-json\/wp\/v2\/media?parent=12875"}],"wp:term":[{"taxonomy":"product_brand","embeddable":true,"href":"https:\/\/hachazuela.com\/ca\/wp-json\/wp\/v2\/product_brand?post=12875"},{"taxonomy":"product_cat","embeddable":true,"href":"https:\/\/hachazuela.com\/ca\/wp-json\/wp\/v2\/product_cat?post=12875"},{"taxonomy":"product_tag","embeddable":true,"href":"https:\/\/hachazuela.com\/ca\/wp-json\/wp\/v2\/product_tag?post=12875"}],"curies":[{"name":"wp","href":"https:\/\/api.w.org\/{rel}","templated":true}]}}