{"id":12873,"date":"2025-02-17T19:57:27","date_gmt":"2025-02-17T18:57:27","guid":{"rendered":"https:\/\/hachazuela.com\/?post_type=product&#038;p=12873"},"modified":"2025-02-18T20:16:13","modified_gmt":"2025-02-18T19:16:13","slug":"bol-en-forma-de-cor","status":"publish","type":"product","link":"https:\/\/hachazuela.com\/ca\/producto\/bol-en-forma-de-cor\/","title":{"rendered":"Bol en forma de cor"},"content":{"rendered":"<pre id=\"tw-target-text\" class=\"tw-data-text tw-text-large tw-ta\" dir=\"ltr\" data-placeholder=\"Traducci\u00f3n\" data-ved=\"2ahUKEwjG1qXf9s2LAxX9T6QEHdLGHz0Q3ewLegQIEBAV\" aria-label=\"Texto traducido: Safata, recipient o bol en forma de cor fet de fusta d'olivera\r\n\r\nIdeal per presentar salses, aperitius, ..o com a decoraci\u00f3\r\n\r\nLa fusta d'Olivera \u00e9s ideal per a alimentaci\u00f3 per presentar un porus ferm i tancat pel que es pot considerar antibacteriana, aix\u00ed mateix la seva bellesa la fa \u00fanica\r\n\r\nEl preu \u00e9s per UNITAT\r\nCada pe\u00e7a \u00e9s \u00daNICA pel que pot variar del model de la foto\"><span class=\"Y2IQFc\" lang=\"ca\" style=\"font-family: arial, helvetica, sans-serif;\">Safata, recipient o bol en forma de cor fet de fusta d'olivera\r\n\r\nIdeal per presentar salses, aperitius, ..o com a decoraci\u00f3\r\n\r\nLa fusta d'Olivera \u00e9s ideal per a alimentaci\u00f3 per presentar un porus ferm i tancat pel que es pot considerar antibacteriana, aix\u00ed mateix la seva bellesa la fa \u00fanica\r\n\r\nEl preu \u00e9s per UNITAT\r\nCada pe\u00e7a \u00e9s \u00daNICA pel que pot variar del model de la foto<\/span><\/pre>\n","protected":false},"excerpt":{"rendered":"<p>&nbsp;<\/p>\n<p><span class=\"Y2IQFc\" lang=\"ca\" style=\"font-family: arial, helvetica, sans-serif;\">Safata, recipient o bol en forma de cor fet de fusta d&#8217;olivera <\/span><\/p>\n<p><span class=\"Y2IQFc\" lang=\"ca\" style=\"font-family: arial, helvetica, sans-serif;\">Ideal per presentar salses, aperitius, ..o com a decoraci\u00f3<\/span><\/p>\n<p>Cada pe\u00e7a es \u00daNICA<\/p>\n","protected":false},"featured_media":12864,"comment_status":"closed","ping_status":"closed","template":"","meta":{"_editorskit_title_hidden":false,"_editorskit_reading_time":0,"_editorskit_is_block_options_detached":false,"_editorskit_block_options_position":"{}","inline_featured_image":false},"product_brand":[],"product_cat":[1303],"product_tag":[],"class_list":{"0":"post-12873","1":"product","2":"type-product","3":"status-publish","4":"has-post-thumbnail","6":"product_cat-bols","8":"first","9":"outofstock","10":"taxable","11":"shipping-taxable","12":"purchasable","13":"product-type-simple"},"_links":{"self":[{"href":"https:\/\/hachazuela.com\/ca\/wp-json\/wp\/v2\/product\/12873","targetHints":{"allow":["GET"]}}],"collection":[{"href":"https:\/\/hachazuela.com\/ca\/wp-json\/wp\/v2\/product"}],"about":[{"href":"https:\/\/hachazuela.com\/ca\/wp-json\/wp\/v2\/types\/product"}],"replies":[{"embeddable":true,"href":"https:\/\/hachazuela.com\/ca\/wp-json\/wp\/v2\/comments?post=12873"}],"wp:featuredmedia":[{"embeddable":true,"href":"https:\/\/hachazuela.com\/ca\/wp-json\/wp\/v2\/media\/12864"}],"wp:attachment":[{"href":"https:\/\/hachazuela.com\/ca\/wp-json\/wp\/v2\/media?parent=12873"}],"wp:term":[{"taxonomy":"product_brand","embeddable":true,"href":"https:\/\/hachazuela.com\/ca\/wp-json\/wp\/v2\/product_brand?post=12873"},{"taxonomy":"product_cat","embeddable":true,"href":"https:\/\/hachazuela.com\/ca\/wp-json\/wp\/v2\/product_cat?post=12873"},{"taxonomy":"product_tag","embeddable":true,"href":"https:\/\/hachazuela.com\/ca\/wp-json\/wp\/v2\/product_tag?post=12873"}],"curies":[{"name":"wp","href":"https:\/\/api.w.org\/{rel}","templated":true}]}}