{"id":12697,"date":"2025-02-17T12:27:32","date_gmt":"2025-02-17T11:27:32","guid":{"rendered":"https:\/\/hachazuela.com\/?post_type=product&#038;p=12697"},"modified":"2025-09-19T13:05:39","modified_gmt":"2025-09-19T11:05:39","slug":"menina-2","status":"publish","type":"product","link":"https:\/\/hachazuela.com\/ca\/producto\/menina-2\/","title":{"rendered":"Menina"},"content":{"rendered":"<hr \/>\n<p>Menina tallada en un solo bloque de madera maciza con herramientas manuales otorgando acabados \u00fanicos y patina de color<\/p>\n<p>CADA UNA ES \u00daNICA<\/p>\n<p>Pieza numerada 25202<\/p>\n<p>El cuadro de Las Meninas o la Familia de Felipe IV se considera la obra maestra del pintor del siglo de Oro espa\u00f1ol Diego Vel\u00e1zquez, corresponde al \u00faltimo periodo estil\u00edstico del artista, en plena madurez<\/p>\n","protected":false},"excerpt":{"rendered":"<p>Menina tallada en un solo bloque de madera maciza en homenaje a Diego Vel\u00e1zquez<\/p>\n<p>Cada pieza es \u00daNICA<\/p>\n","protected":false},"featured_media":12691,"comment_status":"closed","ping_status":"closed","template":"","meta":{"_editorskit_title_hidden":false,"_editorskit_reading_time":0,"_editorskit_is_block_options_detached":false,"_editorskit_block_options_position":"{}","inline_featured_image":false},"product_brand":[],"product_cat":[3216],"product_tag":[],"class_list":{"0":"post-12697","1":"product","2":"type-product","3":"status-publish","4":"has-post-thumbnail","6":"product_cat-meninas","8":"first","9":"outofstock","10":"taxable","11":"shipping-taxable","12":"purchasable","13":"product-type-simple"},"_links":{"self":[{"href":"https:\/\/hachazuela.com\/ca\/wp-json\/wp\/v2\/product\/12697","targetHints":{"allow":["GET"]}}],"collection":[{"href":"https:\/\/hachazuela.com\/ca\/wp-json\/wp\/v2\/product"}],"about":[{"href":"https:\/\/hachazuela.com\/ca\/wp-json\/wp\/v2\/types\/product"}],"replies":[{"embeddable":true,"href":"https:\/\/hachazuela.com\/ca\/wp-json\/wp\/v2\/comments?post=12697"}],"wp:featuredmedia":[{"embeddable":true,"href":"https:\/\/hachazuela.com\/ca\/wp-json\/wp\/v2\/media\/12691"}],"wp:attachment":[{"href":"https:\/\/hachazuela.com\/ca\/wp-json\/wp\/v2\/media?parent=12697"}],"wp:term":[{"taxonomy":"product_brand","embeddable":true,"href":"https:\/\/hachazuela.com\/ca\/wp-json\/wp\/v2\/product_brand?post=12697"},{"taxonomy":"product_cat","embeddable":true,"href":"https:\/\/hachazuela.com\/ca\/wp-json\/wp\/v2\/product_cat?post=12697"},{"taxonomy":"product_tag","embeddable":true,"href":"https:\/\/hachazuela.com\/ca\/wp-json\/wp\/v2\/product_tag?post=12697"}],"curies":[{"name":"wp","href":"https:\/\/api.w.org\/{rel}","templated":true}]}}