{"id":12610,"date":"2025-02-08T19:01:30","date_gmt":"2025-02-08T18:01:30","guid":{"rendered":"https:\/\/hachazuela.com\/?post_type=product&#038;p=12610"},"modified":"2025-02-22T20:01:16","modified_gmt":"2025-02-22T19:01:16","slug":"cucharon-5","status":"publish","type":"product","link":"https:\/\/hachazuela.com\/ca\/producto\/cucharon-5\/","title":{"rendered":"Cuchar\u00f3n"},"content":{"rendered":"<p>Cuchar\u00f3n tallado en madera maciza de laurel con gran capacidad para servir por su dise\u00f1o<\/p>\n<p>El proceso de elaboraci\u00f3n comienza con la selecci\u00f3n de la madera, cuidando que cada veta y textura aporte belleza y funcionalidad<\/p>\n<p>Estas piezas no son tan solo funcionales sino tambi\u00e9n peque\u00f1as esculturas que reflejan el arte y la dedicaci\u00f3n de la artesan\u00eda tradicional<\/p>\n<p>Pieza numerada 25106<\/p>\n","protected":false},"excerpt":{"rendered":"<p>Cuchar\u00f3n tallado en madera maciza para servir alimentos<\/p>\n<p>Se aconseja lavar a mano<\/p>\n","protected":false},"featured_media":12632,"comment_status":"closed","ping_status":"closed","template":"","meta":{"_editorskit_title_hidden":false,"_editorskit_reading_time":0,"_editorskit_is_block_options_detached":false,"_editorskit_block_options_position":"{}","inline_featured_image":false},"product_brand":[],"product_cat":[2840],"product_tag":[],"class_list":{"0":"post-12610","1":"product","2":"type-product","3":"status-publish","4":"has-post-thumbnail","6":"product_cat-cucharas","8":"first","9":"outofstock","10":"taxable","11":"shipping-taxable","12":"purchasable","13":"product-type-simple"},"_links":{"self":[{"href":"https:\/\/hachazuela.com\/ca\/wp-json\/wp\/v2\/product\/12610","targetHints":{"allow":["GET"]}}],"collection":[{"href":"https:\/\/hachazuela.com\/ca\/wp-json\/wp\/v2\/product"}],"about":[{"href":"https:\/\/hachazuela.com\/ca\/wp-json\/wp\/v2\/types\/product"}],"replies":[{"embeddable":true,"href":"https:\/\/hachazuela.com\/ca\/wp-json\/wp\/v2\/comments?post=12610"}],"wp:featuredmedia":[{"embeddable":true,"href":"https:\/\/hachazuela.com\/ca\/wp-json\/wp\/v2\/media\/12632"}],"wp:attachment":[{"href":"https:\/\/hachazuela.com\/ca\/wp-json\/wp\/v2\/media?parent=12610"}],"wp:term":[{"taxonomy":"product_brand","embeddable":true,"href":"https:\/\/hachazuela.com\/ca\/wp-json\/wp\/v2\/product_brand?post=12610"},{"taxonomy":"product_cat","embeddable":true,"href":"https:\/\/hachazuela.com\/ca\/wp-json\/wp\/v2\/product_cat?post=12610"},{"taxonomy":"product_tag","embeddable":true,"href":"https:\/\/hachazuela.com\/ca\/wp-json\/wp\/v2\/product_tag?post=12610"}],"curies":[{"name":"wp","href":"https:\/\/api.w.org\/{rel}","templated":true}]}}