{"id":12590,"date":"2025-02-08T12:22:31","date_gmt":"2025-02-08T11:22:31","guid":{"rendered":"https:\/\/hachazuela.com\/?post_type=product&#038;p=12590"},"modified":"2025-05-26T19:04:13","modified_gmt":"2025-05-26T17:04:13","slug":"cuchara-larga-2","status":"publish","type":"product","link":"https:\/\/hachazuela.com\/ca\/producto\/cuchara-larga-2\/","title":{"rendered":"Cuchara larga"},"content":{"rendered":"<p>Cuchara larga en madera de olivo tallada a mano con distintivo final en la empu\u00f1adura<\/p>\n<p>La madera de olivo es la id\u00f3nea para la cocina por su dureza y resistencia<\/p>\n<p>Asimismo es agradecida con los dem\u00e1s utensilios en cocina porque evita ralladuras<\/p>\n<p>Estas piezas no solo son utensilios funcionales sino que tambi\u00e9n son peque\u00f1as esculturas que reflejan el arte y la dedicaci\u00f3n de la artesan\u00eda tradicional<\/p>\n<p>Pieza numerada 25105<\/p>\n<p>&nbsp;<\/p>\n","protected":false},"excerpt":{"rendered":"<p>Cuchara larga tallada en madera de olivo<\/p>\n<p>Ideal para cocinar por su dureza y resistencia<\/p>\n","protected":false},"featured_media":12591,"comment_status":"closed","ping_status":"closed","template":"","meta":{"_editorskit_title_hidden":false,"_editorskit_reading_time":0,"_editorskit_is_block_options_detached":false,"_editorskit_block_options_position":"{}","inline_featured_image":false},"product_brand":[],"product_cat":[2840],"product_tag":[],"class_list":{"0":"post-12590","1":"product","2":"type-product","3":"status-publish","4":"has-post-thumbnail","6":"product_cat-cucharas","8":"first","9":"outofstock","10":"taxable","11":"shipping-taxable","12":"purchasable","13":"product-type-simple"},"_links":{"self":[{"href":"https:\/\/hachazuela.com\/ca\/wp-json\/wp\/v2\/product\/12590","targetHints":{"allow":["GET"]}}],"collection":[{"href":"https:\/\/hachazuela.com\/ca\/wp-json\/wp\/v2\/product"}],"about":[{"href":"https:\/\/hachazuela.com\/ca\/wp-json\/wp\/v2\/types\/product"}],"replies":[{"embeddable":true,"href":"https:\/\/hachazuela.com\/ca\/wp-json\/wp\/v2\/comments?post=12590"}],"wp:featuredmedia":[{"embeddable":true,"href":"https:\/\/hachazuela.com\/ca\/wp-json\/wp\/v2\/media\/12591"}],"wp:attachment":[{"href":"https:\/\/hachazuela.com\/ca\/wp-json\/wp\/v2\/media?parent=12590"}],"wp:term":[{"taxonomy":"product_brand","embeddable":true,"href":"https:\/\/hachazuela.com\/ca\/wp-json\/wp\/v2\/product_brand?post=12590"},{"taxonomy":"product_cat","embeddable":true,"href":"https:\/\/hachazuela.com\/ca\/wp-json\/wp\/v2\/product_cat?post=12590"},{"taxonomy":"product_tag","embeddable":true,"href":"https:\/\/hachazuela.com\/ca\/wp-json\/wp\/v2\/product_tag?post=12590"}],"curies":[{"name":"wp","href":"https:\/\/api.w.org\/{rel}","templated":true}]}}