{"id":12562,"date":"2025-02-04T20:33:59","date_gmt":"2025-02-04T19:33:59","guid":{"rendered":"https:\/\/hachazuela.com\/?post_type=product&#038;p=12562"},"modified":"2025-02-05T13:19:57","modified_gmt":"2025-02-05T12:19:57","slug":"cullerot-sopa","status":"publish","type":"product","link":"https:\/\/hachazuela.com\/ca\/producto\/cullerot-sopa\/","title":{"rendered":"Cullerot de sopa"},"content":{"rendered":"<pre id=\"tw-target-text\" class=\"tw-data-text tw-text-large tw-ta\" dir=\"ltr\" data-placeholder=\"Traducci\u00f3n\" data-ved=\"2ahUKEwjv_rLatqyLAxVEfKQEHVVxHDQQ3ewLegQICxAV\" aria-label=\"Texto traducido: Cullerot de sopa de fusta d'olivera fet a m\u00e0. Ideal per a salses, sopes\u2026\r\n\r\nCada pe\u00e7a \u00e9s \u00fanica sent el complement perfecte de la cuina\r\n\r\nLa fusta d'olivera \u00e9s apreciada per la seva bellesa i resist\u00e8ncia i posseeix propietats antibacteriana\r\n\r\nAmb un llarg de 30 cm \u00e9s un complement perfecte per als utensilis de cuina. El bol \u00e9s de 7 cm de di\u00e0metre \u00e9s ideal per servir\r\n\r\nLa fusta d'olivera \u00e9s un producte natural pel que pot presentar variacions del model de la foto\"><span class=\"Y2IQFc\" lang=\"ca\" style=\"font-family: arial, helvetica, sans-serif;\">Cullerot de sopa de fusta d'olivera fet a m\u00e0. Ideal per a salses, sopes\u2026\r\n\r\nCada pe\u00e7a \u00e9s \u00fanica sent el complement perfecte de la cuina\r\n\r\nLa fusta d'olivera \u00e9s apreciada per la seva bellesa i resist\u00e8ncia i posseeix propietats antibacteriana\r\n\r\nAmb un llarg de 30 cm \u00e9s un complement perfecte per als utensilis de cuina. El bol \u00e9s de 7 cm de di\u00e0metre \u00e9s ideal per servir\r\n\r\nLa fusta d'olivera \u00e9s un producte natural pel que pot presentar variacions del model de la foto<\/span><\/pre>\n<p>&nbsp;<\/p>\n","protected":false},"excerpt":{"rendered":"<p>&nbsp;<\/p>\n<p><span class=\"Y2IQFc\" lang=\"ca\" style=\"font-family: arial, helvetica, sans-serif;\">Cullerot de sopa de fusta d&#8217;olivera fet a m\u00e0. Ideal per a salses, sopes\u2026 <\/span><\/p>\n<p><span class=\"Y2IQFc\" lang=\"ca\" style=\"font-family: arial, helvetica, sans-serif;\">Cada pe\u00e7a \u00e9s \u00fanica sent el complement perfecte de la cuina <\/span><\/p>\n<p><span class=\"Y2IQFc\" lang=\"ca\" style=\"font-family: arial, helvetica, sans-serif;\">La fusta d&#8217;olivera \u00e9s apreciada per la seva bellesa i resist\u00e8ncia i posseeix propietats antibacteriana<\/span><\/p>\n","protected":false},"featured_media":11687,"comment_status":"closed","ping_status":"closed","template":"","meta":{"_editorskit_title_hidden":false,"_editorskit_reading_time":0,"_editorskit_is_block_options_detached":false,"_editorskit_block_options_position":"{}","inline_featured_image":false},"product_brand":[],"product_cat":[1117,2934,1861],"product_tag":[],"class_list":{"0":"post-12562","1":"product","2":"type-product","3":"status-publish","4":"has-post-thumbnail","6":"product_cat-cuina","7":"product_cat-culleres","8":"product_cat-estris","10":"first","11":"instock","12":"taxable","13":"shipping-taxable","14":"purchasable","15":"product-type-simple"},"_links":{"self":[{"href":"https:\/\/hachazuela.com\/ca\/wp-json\/wp\/v2\/product\/12562","targetHints":{"allow":["GET"]}}],"collection":[{"href":"https:\/\/hachazuela.com\/ca\/wp-json\/wp\/v2\/product"}],"about":[{"href":"https:\/\/hachazuela.com\/ca\/wp-json\/wp\/v2\/types\/product"}],"replies":[{"embeddable":true,"href":"https:\/\/hachazuela.com\/ca\/wp-json\/wp\/v2\/comments?post=12562"}],"wp:featuredmedia":[{"embeddable":true,"href":"https:\/\/hachazuela.com\/ca\/wp-json\/wp\/v2\/media\/11687"}],"wp:attachment":[{"href":"https:\/\/hachazuela.com\/ca\/wp-json\/wp\/v2\/media?parent=12562"}],"wp:term":[{"taxonomy":"product_brand","embeddable":true,"href":"https:\/\/hachazuela.com\/ca\/wp-json\/wp\/v2\/product_brand?post=12562"},{"taxonomy":"product_cat","embeddable":true,"href":"https:\/\/hachazuela.com\/ca\/wp-json\/wp\/v2\/product_cat?post=12562"},{"taxonomy":"product_tag","embeddable":true,"href":"https:\/\/hachazuela.com\/ca\/wp-json\/wp\/v2\/product_tag?post=12562"}],"curies":[{"name":"wp","href":"https:\/\/api.w.org\/{rel}","templated":true}]}}