{"id":12556,"date":"2025-02-04T20:01:47","date_gmt":"2025-02-04T19:01:47","guid":{"rendered":"https:\/\/hachazuela.com\/?post_type=product&#038;p=12556"},"modified":"2025-02-05T12:40:41","modified_gmt":"2025-02-05T11:40:41","slug":"morter-petit","status":"publish","type":"product","link":"https:\/\/hachazuela.com\/ca\/producto\/morter-petit\/","title":{"rendered":"Morter petit"},"content":{"rendered":"<pre id=\"tw-target-text\" class=\"tw-data-text tw-text-large tw-ta\" dir=\"ltr\" data-placeholder=\"Traducci\u00f3n\" data-ved=\"2ahUKEwjv_rLatqyLAxVEfKQEHVVxHDQQ3ewLegQICxAV\" aria-label=\"Texto traducido: Aquest model de morter est\u00e0 pensat per picar esp\u00e8cies, herbes, sal, grans de caf\u00e8\u2026\r\n\r\nF\u00e0cil de manipular i desar\r\n\r\nMides Base 8x8x4,5 cm \/\/ Ma\u00e7a 11x3x3cm\r\n\r\nEl preu \u00e9s per unitat de conjunt\r\n\r\nLa fusta d'OLIVERA \u00e9s la ideal per a la cuina per la seva alta densitat i el seu poder antibacteri\u00e0\r\n\r\nGran companya a la cuina!!\"><span class=\"Y2IQFc\" lang=\"ca\" style=\"font-family: arial, helvetica, sans-serif;\">Aquest model de morter est\u00e0 pensat per picar esp\u00e8cies, herbes, sal, grans de caf\u00e8\u2026\r\n\r\nF\u00e0cil de manipular i desar\r\n\r\nMides Base 8x8x4,5 cm \/\/ Ma\u00e7a 11x3x3cm\r\n\r\nEl preu \u00e9s per unitat de conjunt\r\n\r\nLa fusta d'OLIVERA \u00e9s la ideal per a la cuina per la seva alta densitat i el seu poder antibacteri\u00e0\r\n\r\nGran companya a la cuina!!<\/span><\/pre>\n","protected":false},"excerpt":{"rendered":"<p>&nbsp;<\/p>\n<p><span class=\"Y2IQFc\" lang=\"ca\" style=\"font-family: arial, helvetica, sans-serif;\">Aquest model de morter est\u00e0 pensat per picar esp\u00e8cies, herbes, sal, grans de caf\u00e8\u2026 <\/span><\/p>\n<p><span class=\"Y2IQFc\" lang=\"ca\" style=\"font-family: arial, helvetica, sans-serif;\">F\u00e0cil de manipular i desar<\/span><\/p>\n","protected":false},"featured_media":12543,"comment_status":"closed","ping_status":"closed","template":"","meta":{"_editorskit_title_hidden":false,"_editorskit_reading_time":0,"_editorskit_is_block_options_detached":false,"_editorskit_block_options_position":"{}","inline_featured_image":false},"product_brand":[],"product_cat":[1117,1861],"product_tag":[],"class_list":{"0":"post-12556","1":"product","2":"type-product","3":"status-publish","4":"has-post-thumbnail","6":"product_cat-cuina","7":"product_cat-estris","9":"first","10":"instock","11":"sale","12":"taxable","13":"shipping-taxable","14":"purchasable","15":"product-type-simple"},"_links":{"self":[{"href":"https:\/\/hachazuela.com\/ca\/wp-json\/wp\/v2\/product\/12556","targetHints":{"allow":["GET"]}}],"collection":[{"href":"https:\/\/hachazuela.com\/ca\/wp-json\/wp\/v2\/product"}],"about":[{"href":"https:\/\/hachazuela.com\/ca\/wp-json\/wp\/v2\/types\/product"}],"replies":[{"embeddable":true,"href":"https:\/\/hachazuela.com\/ca\/wp-json\/wp\/v2\/comments?post=12556"}],"wp:featuredmedia":[{"embeddable":true,"href":"https:\/\/hachazuela.com\/ca\/wp-json\/wp\/v2\/media\/12543"}],"wp:attachment":[{"href":"https:\/\/hachazuela.com\/ca\/wp-json\/wp\/v2\/media?parent=12556"}],"wp:term":[{"taxonomy":"product_brand","embeddable":true,"href":"https:\/\/hachazuela.com\/ca\/wp-json\/wp\/v2\/product_brand?post=12556"},{"taxonomy":"product_cat","embeddable":true,"href":"https:\/\/hachazuela.com\/ca\/wp-json\/wp\/v2\/product_cat?post=12556"},{"taxonomy":"product_tag","embeddable":true,"href":"https:\/\/hachazuela.com\/ca\/wp-json\/wp\/v2\/product_tag?post=12556"}],"curies":[{"name":"wp","href":"https:\/\/api.w.org\/{rel}","templated":true}]}}