{"id":12532,"date":"2025-01-30T12:21:39","date_gmt":"2025-01-30T11:21:39","guid":{"rendered":"https:\/\/hachazuela.com\/?post_type=product&#038;p=12532"},"modified":"2025-02-04T18:19:10","modified_gmt":"2025-02-04T17:19:10","slug":"bol-dolivera-2","status":"publish","type":"product","link":"https:\/\/hachazuela.com\/ca\/producto\/bol-dolivera-2\/","title":{"rendered":"Bol d\u00b4olivera"},"content":{"rendered":"<pre id=\"tw-target-text\" class=\"tw-data-text tw-text-large tw-ta\" dir=\"ltr\" data-placeholder=\"Traducci\u00f3n\" data-ved=\"2ahUKEwjPv4PF_6mLAxW1caQEHSfzDpgQ3ewLegQICxAV\" aria-label=\"Texto traducido: Bol en fusta d'olivera\r\n\r\nLa fusta t\u00e9 mem\u00f2ria, cada veta \u00e9s un testimoni del temps. A HachAzuela ens apassiona ressaltar la seva hist\u00f2ria a trav\u00e9s del treball artesanal de textures.\r\n\r\nEn aquesta pe\u00e7a de fusta d'olivera cobra vida amb un tallat a m\u00e0 creant un joc de llums i ombres que desperta els sentits.\r\n\r\nCada cop de la g\u00fabia deixa una marca \u00fanica convertint la superf\u00edcie en un paisatge t\u00e0ctil que convida a ser explorat.\r\n\r\nAquesta t\u00e8cnica no nom\u00e9s embelleix la fusta, sin\u00f3 que tamb\u00e9 en refor\u00e7a el car\u00e0cter natural i org\u00e0nic.\r\n\r\nIdeat per a decoraci\u00f3 o alimentaci\u00f3\r\n\r\ns'aconsella rentar a m\u00e0\"><span class=\"Y2IQFc\" lang=\"ca\" style=\"font-family: arial, helvetica, sans-serif;\">Bol en fusta d'olivera\r\n\r\nLa fusta t\u00e9 mem\u00f2ria, cada veta \u00e9s un testimoni del temps. A HachAzuela ens apassiona ressaltar la seva hist\u00f2ria a trav\u00e9s del treball artesanal de textures.\r\n\r\nEn aquesta pe\u00e7a de fusta d'olivera cobra vida amb un tallat a m\u00e0 creant un joc de llums i ombres que desperta els sentits.\r\n\r\nCada cop de la g\u00fabia deixa una marca \u00fanica convertint la superf\u00edcie en un paisatge t\u00e0ctil que convida a ser explorat.\r\n\r\nAquesta t\u00e8cnica no nom\u00e9s embelleix la fusta, sin\u00f3 que tamb\u00e9 en refor\u00e7a el car\u00e0cter natural i org\u00e0nic.\r\n\r\nIdeat per a decoraci\u00f3 o alimentaci\u00f3\r\n\r\ns'aconsella rentar a m\u00e0<\/span><\/pre>\n<p>&nbsp;<\/p>\n","protected":false},"excerpt":{"rendered":"<p>&nbsp;<\/p>\n<p><span class=\"Y2IQFc\" lang=\"ca\" style=\"font-family: arial, helvetica, sans-serif;\">Bol en fusta d&#8217;olivera La fusta t\u00e9 mem\u00f2ria, cada veta \u00e9s un testimoni del temps. <\/span><\/p>\n<p><span class=\"Y2IQFc\" lang=\"ca\" style=\"font-family: arial, helvetica, sans-serif;\">A HachAzuela ens apassiona ressaltar la seva hist\u00f2ria a trav\u00e9s del treball artesanal de textures. <\/span><\/p>\n<p><span class=\"Y2IQFc\" lang=\"ca\" style=\"font-family: arial, helvetica, sans-serif;\">En aquesta pe\u00e7a de fusta d&#8217;olivera cobra vida amb un tallat a m\u00e0 creant un joc de llums i ombres que desperta els sentits.<\/span><\/p>\n","protected":false},"featured_media":12378,"comment_status":"closed","ping_status":"closed","template":"","meta":{"_editorskit_title_hidden":false,"_editorskit_reading_time":0,"_editorskit_is_block_options_detached":false,"_editorskit_block_options_position":"{}","inline_featured_image":false},"product_brand":[],"product_cat":[1303,3412],"product_tag":[],"class_list":{"0":"post-12532","1":"product","2":"type-product","3":"status-publish","4":"has-post-thumbnail","6":"product_cat-bols","7":"product_cat-objectes-decoratius","9":"first","10":"outofstock","11":"taxable","12":"shipping-taxable","13":"purchasable","14":"product-type-simple"},"_links":{"self":[{"href":"https:\/\/hachazuela.com\/ca\/wp-json\/wp\/v2\/product\/12532","targetHints":{"allow":["GET"]}}],"collection":[{"href":"https:\/\/hachazuela.com\/ca\/wp-json\/wp\/v2\/product"}],"about":[{"href":"https:\/\/hachazuela.com\/ca\/wp-json\/wp\/v2\/types\/product"}],"replies":[{"embeddable":true,"href":"https:\/\/hachazuela.com\/ca\/wp-json\/wp\/v2\/comments?post=12532"}],"wp:featuredmedia":[{"embeddable":true,"href":"https:\/\/hachazuela.com\/ca\/wp-json\/wp\/v2\/media\/12378"}],"wp:attachment":[{"href":"https:\/\/hachazuela.com\/ca\/wp-json\/wp\/v2\/media?parent=12532"}],"wp:term":[{"taxonomy":"product_brand","embeddable":true,"href":"https:\/\/hachazuela.com\/ca\/wp-json\/wp\/v2\/product_brand?post=12532"},{"taxonomy":"product_cat","embeddable":true,"href":"https:\/\/hachazuela.com\/ca\/wp-json\/wp\/v2\/product_cat?post=12532"},{"taxonomy":"product_tag","embeddable":true,"href":"https:\/\/hachazuela.com\/ca\/wp-json\/wp\/v2\/product_tag?post=12532"}],"curies":[{"name":"wp","href":"https:\/\/api.w.org\/{rel}","templated":true}]}}