{"id":12530,"date":"2025-01-29T14:28:43","date_gmt":"2025-01-29T13:28:43","guid":{"rendered":"https:\/\/hachazuela.com\/?post_type=product&#038;p=12530"},"modified":"2025-05-02T12:40:59","modified_gmt":"2025-05-02T10:40:59","slug":"cullera-llarga","status":"publish","type":"product","link":"https:\/\/hachazuela.com\/ca\/producto\/cullera-llarga\/","title":{"rendered":"Cullera llarga"},"content":{"rendered":"<p>&nbsp;<\/p>\n<pre id=\"tw-target-text\" class=\"tw-data-text tw-text-large tw-ta\" dir=\"ltr\" data-placeholder=\"Traducci\u00f3n\" data-ved=\"2ahUKEwjPv4PF_6mLAxW1caQEHSfzDpgQ3ewLegQICxAV\" aria-label=\"Texto traducido: Cullera de fusta d'olivera \u00e9s un utensili vers\u00e0til a la cuina, ideal per a diverses tasques gr\u00e0cies a la seva resist\u00e8ncia i bellesa natural. Amb ella es pot remoure, barrejar, cuinar a foc lent, servir, manipular aliments sensibles\u2026 A m\u00e9s, la fusta d'olivera, per la seva duresa i propietats antibacterianes naturals, \u00e9s un material excel\u00b7lent per a utensilis de cuina, aportant durabilitat i un toc artesanal a taula. S'aconsella rentar a m\u00e0 El preu \u00e9s per unitat\"><span class=\"Y2IQFc\" lang=\"ca\" style=\"font-family: arial, helvetica, sans-serif;\">Cullera de fusta d'olivera \u00e9s un utensili vers\u00e0til a la cuina, ideal per a diverses tasques gr\u00e0cies a la seva resist\u00e8ncia i bellesa natural.\r\n\r\nAmb ella es pot remoure, barrejar, cuinar a foc lent, servir, manipular aliments sensibles\u2026\r\n\r\nA m\u00e9s, la fusta d'olivera, per la seva duresa i propietats antibacterianes naturals, \u00e9s un material excel\u00b7lent per a utensilis de cuina, aportant durabilitat i un toc artesanal a taula.\r\n\r\nS'aconsella rentar a m\u00e0\r\n\r\nEl preu \u00e9s per unitat<\/span><\/pre>\n","protected":false},"excerpt":{"rendered":"<p><span class=\"Y2IQFc\" lang=\"ca\" style=\"font-family: arial, helvetica, sans-serif;\">Cullera de fusta d&#8217;olivera \u00e9s un utensili vers\u00e0til a la cuina, ideal per a diverses tasques gr\u00e0cies a la seva resist\u00e8ncia i bellesa natural. <\/span><\/p>\n<p><span class=\"Y2IQFc\" lang=\"ca\" style=\"font-family: arial, helvetica, sans-serif;\">Amb ella es pot remoure, barrejar, cuinar a foc lent, servir, manipular aliments sensibles\u2026<\/span><\/p>\n<p>&nbsp;<\/p>\n","protected":false},"featured_media":12362,"comment_status":"closed","ping_status":"closed","template":"","meta":{"_editorskit_title_hidden":false,"_editorskit_reading_time":0,"_editorskit_is_block_options_detached":false,"_editorskit_block_options_position":"{}","inline_featured_image":false},"product_brand":[],"product_cat":[1117,1861],"product_tag":[],"class_list":{"0":"post-12530","1":"product","2":"type-product","3":"status-publish","4":"has-post-thumbnail","6":"product_cat-cuina","7":"product_cat-estris","9":"first","10":"instock","11":"taxable","12":"shipping-taxable","13":"purchasable","14":"product-type-simple"},"_links":{"self":[{"href":"https:\/\/hachazuela.com\/ca\/wp-json\/wp\/v2\/product\/12530","targetHints":{"allow":["GET"]}}],"collection":[{"href":"https:\/\/hachazuela.com\/ca\/wp-json\/wp\/v2\/product"}],"about":[{"href":"https:\/\/hachazuela.com\/ca\/wp-json\/wp\/v2\/types\/product"}],"replies":[{"embeddable":true,"href":"https:\/\/hachazuela.com\/ca\/wp-json\/wp\/v2\/comments?post=12530"}],"wp:featuredmedia":[{"embeddable":true,"href":"https:\/\/hachazuela.com\/ca\/wp-json\/wp\/v2\/media\/12362"}],"wp:attachment":[{"href":"https:\/\/hachazuela.com\/ca\/wp-json\/wp\/v2\/media?parent=12530"}],"wp:term":[{"taxonomy":"product_brand","embeddable":true,"href":"https:\/\/hachazuela.com\/ca\/wp-json\/wp\/v2\/product_brand?post=12530"},{"taxonomy":"product_cat","embeddable":true,"href":"https:\/\/hachazuela.com\/ca\/wp-json\/wp\/v2\/product_cat?post=12530"},{"taxonomy":"product_tag","embeddable":true,"href":"https:\/\/hachazuela.com\/ca\/wp-json\/wp\/v2\/product_tag?post=12530"}],"curies":[{"name":"wp","href":"https:\/\/api.w.org\/{rel}","templated":true}]}}