{"id":12528,"date":"2025-01-29T14:15:12","date_gmt":"2025-01-29T13:15:12","guid":{"rendered":"https:\/\/hachazuela.com\/?post_type=product&#038;p=12528"},"modified":"2025-02-04T18:09:15","modified_gmt":"2025-02-04T17:09:15","slug":"espatula-corba","status":"publish","type":"product","link":"https:\/\/hachazuela.com\/ca\/producto\/espatula-corba\/","title":{"rendered":"Esp\u00e0tula corba"},"content":{"rendered":"<p>&nbsp;<\/p>\n<pre id=\"tw-target-text\" class=\"tw-data-text tw-text-large tw-ta\" dir=\"ltr\" data-placeholder=\"Traducci\u00f3n\" data-ved=\"2ahUKEwjPv4PF_6mLAxW1caQEHSfzDpgQ3ewLegQICxAV\" aria-label=\"Texto traducido: Esp\u00e0tula corba en fusta de boix, ideal per a l'\u00fas en cuina per la seva resist\u00e8ncia i superf\u00edcie no porosa\r\n\r\nAquest tipus d\u00b4esp\u00e0tula est\u00e0 dissenyada per a l\u00b4\u00fas amb paelles per facilitar la manipulaci\u00f3 de l\u00b4aliment\r\n\r\nEs recomana rentar a m\u00e0\r\n\r\nEl preu \u00e9s per unitat\"><span class=\"Y2IQFc\" lang=\"ca\" style=\"font-family: arial, helvetica, sans-serif;\">Esp\u00e0tula corba en fusta de boix, ideal per a l'\u00fas en cuina per la seva resist\u00e8ncia i superf\u00edcie no porosa\r\n\r\nAquest tipus d\u00b4esp\u00e0tula est\u00e0 dissenyada per a l\u00b4\u00fas amb paelles per facilitar la manipulaci\u00f3 de l\u00b4aliment\r\n\r\nEs recomana rentar a m\u00e0\r\n\r\nEl preu \u00e9s per unitat<\/span><\/pre>\n","protected":false},"excerpt":{"rendered":"<p>&nbsp;<\/p>\n<p><span class=\"Y2IQFc\" lang=\"ca\" style=\"font-family: arial, helvetica, sans-serif;\">Esp\u00e0tula corba en fusta de boix, ideal per a l&#8217;\u00fas en cuina per la seva resist\u00e8ncia i superf\u00edcie no porosa <\/span><\/p>\n<p><span class=\"Y2IQFc\" lang=\"ca\" style=\"font-family: arial, helvetica, sans-serif;\">Aquest tipus d\u00b4esp\u00e0tula est\u00e0 dissenyada per a l\u00b4\u00fas amb paelles per facilitar la manipulaci\u00f3 de l\u00b4aliment<\/span><\/p>\n","protected":false},"featured_media":12351,"comment_status":"closed","ping_status":"closed","template":"","meta":{"_editorskit_title_hidden":false,"_editorskit_reading_time":0,"_editorskit_is_block_options_detached":false,"_editorskit_block_options_position":"{}","inline_featured_image":false},"product_brand":[],"product_cat":[1117,1861],"product_tag":[],"class_list":{"0":"post-12528","1":"product","2":"type-product","3":"status-publish","4":"has-post-thumbnail","6":"product_cat-cuina","7":"product_cat-estris","9":"first","10":"instock","11":"taxable","12":"shipping-taxable","13":"purchasable","14":"product-type-simple"},"_links":{"self":[{"href":"https:\/\/hachazuela.com\/ca\/wp-json\/wp\/v2\/product\/12528","targetHints":{"allow":["GET"]}}],"collection":[{"href":"https:\/\/hachazuela.com\/ca\/wp-json\/wp\/v2\/product"}],"about":[{"href":"https:\/\/hachazuela.com\/ca\/wp-json\/wp\/v2\/types\/product"}],"replies":[{"embeddable":true,"href":"https:\/\/hachazuela.com\/ca\/wp-json\/wp\/v2\/comments?post=12528"}],"wp:featuredmedia":[{"embeddable":true,"href":"https:\/\/hachazuela.com\/ca\/wp-json\/wp\/v2\/media\/12351"}],"wp:attachment":[{"href":"https:\/\/hachazuela.com\/ca\/wp-json\/wp\/v2\/media?parent=12528"}],"wp:term":[{"taxonomy":"product_brand","embeddable":true,"href":"https:\/\/hachazuela.com\/ca\/wp-json\/wp\/v2\/product_brand?post=12528"},{"taxonomy":"product_cat","embeddable":true,"href":"https:\/\/hachazuela.com\/ca\/wp-json\/wp\/v2\/product_cat?post=12528"},{"taxonomy":"product_tag","embeddable":true,"href":"https:\/\/hachazuela.com\/ca\/wp-json\/wp\/v2\/product_tag?post=12528"}],"curies":[{"name":"wp","href":"https:\/\/api.w.org\/{rel}","templated":true}]}}