{"id":12522,"date":"2025-01-29T13:18:03","date_gmt":"2025-01-29T12:18:03","guid":{"rendered":"https:\/\/hachazuela.com\/?post_type=product&#038;p=12522"},"modified":"2025-02-04T17:52:34","modified_gmt":"2025-02-04T16:52:34","slug":"cullera-per-la-mel","status":"publish","type":"product","link":"https:\/\/hachazuela.com\/ca\/producto\/cullera-per-la-mel\/","title":{"rendered":"Cullera per la mel"},"content":{"rendered":"<pre id=\"tw-target-text\" class=\"tw-data-text tw-text-large tw-ta\" dir=\"ltr\" data-placeholder=\"Traducci\u00f3n\" data-ved=\"2ahUKEwjPv4PF_6mLAxW1caQEHSfzDpgQ3ewLegQICxAV\" aria-label=\"Texto traducido: Aquesta \u00e9s una cullera per a mel feta en fusta de boix, un material noble i durador amb una textura suau i un gra fi.\r\n\r\nEl seu disseny tradicional presenta un m\u00e0nec allargat i un cap ranurat amb solcs conc\u00e8ntrics, que permeten recollir i abocar la mel de manera controlada sense vessaments.\r\nLa fusta de boix \u00e9s ideal per a utensilis de cuina a causa de la seva resist\u00e8ncia i la seva superf\u00edcie no porosa, cosa que ajuda a evitar l'absorci\u00f3 d'olors o sabors.\r\n\r\nA m\u00e9s, el seu acabat natural ressalta la calidesa de la fusta i la fa una pe\u00e7a est\u00e8tica i funcional.\"><span class=\"Y2IQFc\" lang=\"ca\" style=\"font-family: arial, helvetica, sans-serif;\">Aquesta \u00e9s una cullera per a mel feta en fusta de boix, un material noble i durador amb una textura suau i un gra fi.\r\n\r\nEl seu disseny tradicional presenta un m\u00e0nec allargat i un cap ranurat amb solcs conc\u00e8ntrics, que permeten recollir i abocar la mel de manera controlada sense vessaments.\r\nLa fusta de boix \u00e9s ideal per a utensilis de cuina a causa de la seva resist\u00e8ncia i la seva superf\u00edcie no porosa, cosa que ajuda a evitar l'absorci\u00f3 d'olors o sabors.\r\n\r\nA m\u00e9s, el seu acabat natural ressalta la calidesa de la fusta i la fa una pe\u00e7a est\u00e8tica i funcional.<\/span><\/pre>\n<p>&nbsp;<\/p>\n","protected":false},"excerpt":{"rendered":"<p>&nbsp;<\/p>\n<p><span class=\"Y2IQFc\" lang=\"ca\" style=\"font-family: arial, helvetica, sans-serif;\">Aquesta \u00e9s una cullera per a mel feta en fusta de boix, un material noble i durador amb una textura suau i un gra fi.<\/span><\/p>\n","protected":false},"featured_media":12324,"comment_status":"closed","ping_status":"closed","template":"","meta":{"_editorskit_title_hidden":false,"_editorskit_reading_time":0,"_editorskit_is_block_options_detached":false,"_editorskit_block_options_position":"{}","inline_featured_image":false},"product_brand":[],"product_cat":[1117,1861],"product_tag":[],"class_list":{"0":"post-12522","1":"product","2":"type-product","3":"status-publish","4":"has-post-thumbnail","6":"product_cat-cuina","7":"product_cat-estris","9":"first","10":"instock","11":"taxable","12":"shipping-taxable","13":"purchasable","14":"product-type-simple"},"_links":{"self":[{"href":"https:\/\/hachazuela.com\/ca\/wp-json\/wp\/v2\/product\/12522","targetHints":{"allow":["GET"]}}],"collection":[{"href":"https:\/\/hachazuela.com\/ca\/wp-json\/wp\/v2\/product"}],"about":[{"href":"https:\/\/hachazuela.com\/ca\/wp-json\/wp\/v2\/types\/product"}],"replies":[{"embeddable":true,"href":"https:\/\/hachazuela.com\/ca\/wp-json\/wp\/v2\/comments?post=12522"}],"wp:featuredmedia":[{"embeddable":true,"href":"https:\/\/hachazuela.com\/ca\/wp-json\/wp\/v2\/media\/12324"}],"wp:attachment":[{"href":"https:\/\/hachazuela.com\/ca\/wp-json\/wp\/v2\/media?parent=12522"}],"wp:term":[{"taxonomy":"product_brand","embeddable":true,"href":"https:\/\/hachazuela.com\/ca\/wp-json\/wp\/v2\/product_brand?post=12522"},{"taxonomy":"product_cat","embeddable":true,"href":"https:\/\/hachazuela.com\/ca\/wp-json\/wp\/v2\/product_cat?post=12522"},{"taxonomy":"product_tag","embeddable":true,"href":"https:\/\/hachazuela.com\/ca\/wp-json\/wp\/v2\/product_tag?post=12522"}],"curies":[{"name":"wp","href":"https:\/\/api.w.org\/{rel}","templated":true}]}}