{"id":12511,"date":"2025-01-30T19:42:51","date_gmt":"2025-01-30T18:42:51","guid":{"rendered":"https:\/\/hachazuela.com\/?post_type=product&#038;p=12511"},"modified":"2025-02-04T13:53:02","modified_gmt":"2025-02-04T12:53:02","slug":"cullerot-3","status":"publish","type":"product","link":"https:\/\/hachazuela.com\/ca\/producto\/cullerot-3\/","title":{"rendered":"Cullerot"},"content":{"rendered":"<pre id=\"tw-target-text\" class=\"tw-data-text tw-text-large tw-ta\" dir=\"ltr\" data-placeholder=\"Traducci\u00f3n\" data-ved=\"2ahUKEwjPv4PF_6mLAxW1caQEHSfzDpgQ3ewLegQICxAV\" aria-label=\"Texto traducido: Aquest cullerot de fusta t\u00e9 un disseny ample i profund, amb una vora inclinada que facilita l'abocament o recollida d'ingredients: farina, caf\u00e8, grans, arr\u00f2s, llegums, fruita seca\u2026 Cullerot tallat a m\u00e0 amb eines tradicionals de fusta El proc\u00e9s d'elaboraci\u00f3 comen\u00e7a amb la selecci\u00f3 de la fusta, tenint cura que cada veta i la textura aportin bellesa i funcionalitat al disseny final. El tallat es realitza amb g\u00fabies, ganivetes i llimes, respectant la forma natural de la fusta i permetent que cada pe\u00e7a tingui la seva pr\u00f2pia identitat. L\u00b4acabat es treballa minuciosament, deixant una textura suau i agradable al tacte, ressaltant la calidesa i el car\u00e0cter org\u00e0nic del material. Aquestes peces no s\u00f3n nom\u00e9s utensilis funcionals, sin\u00f3 tamb\u00e9 petites escultures que reflecteixen l'art i la dedicaci\u00f3 de l'artesania tradicional.\"><span class=\"Y2IQFc\" lang=\"ca\" style=\"font-family: arial, helvetica, sans-serif;\">Aquest cullerot de fusta t\u00e9 un disseny ample i profund, amb una vora inclinada que facilita l'abocament o recollida d'ingredients: farina, caf\u00e8, grans, arr\u00f2s, llegums, fruita seca\u2026\r\n\r\nCullerot tallat a m\u00e0 amb eines tradicionals de fusta\r\n\r\nEl proc\u00e9s d'elaboraci\u00f3 comen\u00e7a amb la selecci\u00f3 de la fusta, tenint cura que cada veta i la textura aportin bellesa i funcionalitat al disseny final.\r\n\r\nEl tallat es realitza amb g\u00fabies, ganivetes i llimes, respectant la forma natural de la fusta i permetent que cada pe\u00e7a tingui la seva pr\u00f2pia identitat.\r\n\r\nL\u00b4acabat es treballa minuciosament, deixant una textura suau i agradable al tacte, ressaltant la calidesa i el car\u00e0cter org\u00e0nic del material.\r\n\r\nAquestes peces no s\u00f3n nom\u00e9s utensilis funcionals, sin\u00f3 tamb\u00e9 petites escultures que reflecteixen l'art i la dedicaci\u00f3 de l'artesania tradicional<\/span><\/pre>\n<p>&nbsp;<\/p>\n","protected":false},"excerpt":{"rendered":"<p>&nbsp;<\/p>\n<pre id=\"tw-target-text\" class=\"tw-data-text tw-text-large tw-ta\" dir=\"ltr\" data-placeholder=\"Traducci\u00f3n\" data-ved=\"2ahUKEwjPv4PF_6mLAxW1caQEHSfzDpgQ3ewLegQICxAV\" aria-label=\"Texto traducido: Aquest cullerot de fusta t\u00e9 un disseny ample i profund, amb una vora inclinada que facilita l'abocament o recollida d'ingredients: farina, caf\u00e8, grans, arr\u00f2s, llegums, fruita seca\u2026 Cullerot tallat a m\u00e0 amb eines tradicionals de fusta El proc\u00e9s d'elaboraci\u00f3 comen\u00e7a amb la selecci\u00f3 de la fusta, tenint cura que cada veta i la textura aportin bellesa i funcionalitat al disseny final. El tallat es realitza amb g\u00fabies, ganivetes i llimes, respectant la forma natural de la fusta i permetent que cada pe\u00e7a tingui la seva pr\u00f2pia identitat. L\u00b4acabat es treballa minuciosament, deixant una textura suau i agradable al tacte, ressaltant la calidesa i el car\u00e0cter org\u00e0nic del material. Aquestes peces no s\u00f3n nom\u00e9s utensilis funcionals, sin\u00f3 tamb\u00e9 petites escultures que reflecteixen l'art i la dedicaci\u00f3 de l'artesania tradicional.\"><span class=\"Y2IQFc\" lang=\"ca\" style=\"font-family: arial, helvetica, sans-serif;\">Aquest cullerot de fusta t\u00e9 un disseny ample i profund, amb una vora inclinada que facilita l'abocament o recollida d'ingredients: farina, caf\u00e8, grans, arr\u00f2s, llegums, fruita seca\u2026<\/span><\/pre>\n","protected":false},"featured_media":12442,"comment_status":"closed","ping_status":"closed","template":"","meta":{"_editorskit_title_hidden":false,"_editorskit_reading_time":0,"_editorskit_is_block_options_detached":false,"_editorskit_block_options_position":"{}","inline_featured_image":false},"product_brand":[],"product_cat":[1117,2934],"product_tag":[],"class_list":{"0":"post-12511","1":"product","2":"type-product","3":"status-publish","4":"has-post-thumbnail","6":"product_cat-cuina","7":"product_cat-culleres","9":"first","10":"outofstock","11":"taxable","12":"shipping-taxable","13":"purchasable","14":"product-type-simple"},"_links":{"self":[{"href":"https:\/\/hachazuela.com\/ca\/wp-json\/wp\/v2\/product\/12511","targetHints":{"allow":["GET"]}}],"collection":[{"href":"https:\/\/hachazuela.com\/ca\/wp-json\/wp\/v2\/product"}],"about":[{"href":"https:\/\/hachazuela.com\/ca\/wp-json\/wp\/v2\/types\/product"}],"replies":[{"embeddable":true,"href":"https:\/\/hachazuela.com\/ca\/wp-json\/wp\/v2\/comments?post=12511"}],"wp:featuredmedia":[{"embeddable":true,"href":"https:\/\/hachazuela.com\/ca\/wp-json\/wp\/v2\/media\/12442"}],"wp:attachment":[{"href":"https:\/\/hachazuela.com\/ca\/wp-json\/wp\/v2\/media?parent=12511"}],"wp:term":[{"taxonomy":"product_brand","embeddable":true,"href":"https:\/\/hachazuela.com\/ca\/wp-json\/wp\/v2\/product_brand?post=12511"},{"taxonomy":"product_cat","embeddable":true,"href":"https:\/\/hachazuela.com\/ca\/wp-json\/wp\/v2\/product_cat?post=12511"},{"taxonomy":"product_tag","embeddable":true,"href":"https:\/\/hachazuela.com\/ca\/wp-json\/wp\/v2\/product_tag?post=12511"}],"curies":[{"name":"wp","href":"https:\/\/api.w.org\/{rel}","templated":true}]}}