{"id":12509,"date":"2025-01-30T14:12:01","date_gmt":"2025-01-30T13:12:01","guid":{"rendered":"https:\/\/hachazuela.com\/?post_type=product&#038;p=12509"},"modified":"2025-02-04T13:19:03","modified_gmt":"2025-02-04T12:19:03","slug":"cullerot-2","status":"publish","type":"product","link":"https:\/\/hachazuela.com\/ca\/producto\/cullerot-2\/","title":{"rendered":"Cullerot"},"content":{"rendered":"<pre id=\"tw-target-text\" class=\"tw-data-text tw-text-large tw-ta\" dir=\"ltr\" data-placeholder=\"Traducci\u00f3n\" data-ved=\"2ahUKEwjPv4PF_6mLAxW1caQEHSfzDpgQ3ewLegQICxAV\" aria-label=\"Texto traducido: Aquest cullerot \u00e9s una pe\u00e7a \u00fanica, tallada a m\u00e0 amb eines tradicionals en fusta de noguera de la pen\u00ednsula\r\n\r\nEl proc\u00e9s d'elaboraci\u00f3 comen\u00e7a amb la selecci\u00f3 de la fusta, tenint cura que cada veta i la textura aportin bellesa i funcionalitat al disseny final.\r\n\r\nEl tallat es realitza amb g\u00fabies, ganivetes i llimes, respectant la forma natural de la fusta i permetent que cada pe\u00e7a tingui la seva pr\u00f2pia identitat.\r\n\r\nL\u00b4acabat es treballa minuciosament, deixant una textura suau i agradable al tacte, ressaltant la calidesa i el car\u00e0cter org\u00e0nic del material.\r\n\r\nAquestes peces no s\u00f3n nom\u00e9s utensilis funcionals, sin\u00f3 tamb\u00e9 petites escultures que reflecteixen l'art i la dedicaci\u00f3 de l'artesania tradicional.\"><span class=\"Y2IQFc\" lang=\"ca\"><span style=\"font-family: arial, helvetica, sans-serif;\">Aquest cullerot \u00e9s una pe\u00e7a \u00fanica, tallada a m\u00e0 amb eines tradicionals en fusta de noguera de la pen\u00ednsula\r\n\r\nEl proc\u00e9s d'elaboraci\u00f3 comen\u00e7a amb la selecci\u00f3 de la fusta, tenint cura que cada veta i la textura aportin bellesa i funcionalitat al disseny final.\r\n\r\nEl tallat es realitza amb g\u00fabies, ganivetes i llimes, respectant la forma natural de la fusta i permetent que cada pe\u00e7a tingui la seva pr\u00f2pia identitat.\r\n\r\nL\u00b4acabat es treballa minuciosament, deixant una textura suau i agradable al tacte, ressaltant la calidesa i el car\u00e0cter org\u00e0nic del material.\r\n\r\nAquestes peces no s\u00f3n nom\u00e9s utensilis funcionals, sin\u00f3 tamb\u00e9 petites escultures que reflecteixen l'art i la dedicaci\u00f3<\/span> de l'artesania tradicional.<\/span><\/pre>\n","protected":false},"excerpt":{"rendered":"<p>Cullerot en fusta de noguera tallat a ma<\/p>\n<p>Ideal per servir o cuinar aliments<\/p>\n","protected":false},"featured_media":12430,"comment_status":"closed","ping_status":"closed","template":"","meta":{"_editorskit_title_hidden":false,"_editorskit_reading_time":0,"_editorskit_is_block_options_detached":false,"_editorskit_block_options_position":"{}","inline_featured_image":false},"product_brand":[],"product_cat":[1117,2934],"product_tag":[],"class_list":{"0":"post-12509","1":"product","2":"type-product","3":"status-publish","4":"has-post-thumbnail","6":"product_cat-cuina","7":"product_cat-culleres","9":"first","10":"outofstock","11":"taxable","12":"shipping-taxable","13":"purchasable","14":"product-type-simple"},"_links":{"self":[{"href":"https:\/\/hachazuela.com\/ca\/wp-json\/wp\/v2\/product\/12509","targetHints":{"allow":["GET"]}}],"collection":[{"href":"https:\/\/hachazuela.com\/ca\/wp-json\/wp\/v2\/product"}],"about":[{"href":"https:\/\/hachazuela.com\/ca\/wp-json\/wp\/v2\/types\/product"}],"replies":[{"embeddable":true,"href":"https:\/\/hachazuela.com\/ca\/wp-json\/wp\/v2\/comments?post=12509"}],"wp:featuredmedia":[{"embeddable":true,"href":"https:\/\/hachazuela.com\/ca\/wp-json\/wp\/v2\/media\/12430"}],"wp:attachment":[{"href":"https:\/\/hachazuela.com\/ca\/wp-json\/wp\/v2\/media?parent=12509"}],"wp:term":[{"taxonomy":"product_brand","embeddable":true,"href":"https:\/\/hachazuela.com\/ca\/wp-json\/wp\/v2\/product_brand?post=12509"},{"taxonomy":"product_cat","embeddable":true,"href":"https:\/\/hachazuela.com\/ca\/wp-json\/wp\/v2\/product_cat?post=12509"},{"taxonomy":"product_tag","embeddable":true,"href":"https:\/\/hachazuela.com\/ca\/wp-json\/wp\/v2\/product_tag?post=12509"}],"curies":[{"name":"wp","href":"https:\/\/api.w.org\/{rel}","templated":true}]}}