{"id":12290,"date":"2024-09-28T17:25:39","date_gmt":"2024-09-28T15:25:39","guid":{"rendered":"https:\/\/hachazuela.com\/?post_type=product&#038;p=12290"},"modified":"2024-11-02T20:01:06","modified_gmt":"2024-11-02T19:01:06","slug":"cullera","status":"publish","type":"product","link":"https:\/\/hachazuela.com\/ca\/producto\/cullera\/","title":{"rendered":"Cullera"},"content":{"rendered":"<pre id=\"tw-target-text\" class=\"tw-data-text tw-text-large tw-ta\" dir=\"ltr\" data-placeholder=\"Traducci\u00f3n\" data-ved=\"2ahUKEwixsNrsqb6JAxU-UqQEHf3hCYEQ3ewLegQIExAU\" aria-label=\"Texto traducido: Les meves culleres NO s\u00f3n \u200b\u200bfuncionals en el sentit que alimenten la panxa sin\u00f3 que s\u00f3n objectes de bellesa per alimentar l'\u00e0nima\r\n\r\n\u00das diferents fustes que ofereixen una gran bellesa donant forma a cada cullera perqu\u00e8 es converteixi en una petita pe\u00e7a de joieria, \u00fanica de color, forma i textura\r\n\r\nEl di\u00e0leg que existeix entre el material i jo \u00e9s constant en tot el proc\u00e9s de creatiu, m'inicio amb una idea pr\u00e8via per\u00f2 en la majoria dels casos \u00e9s la mima pe\u00e7a que m'envia convertint-me a la m\u00e0 executora, com si el cosmos s'aline\u00e9s per tal que la pe\u00e7a existeixi a trav\u00e9s de les meves mans\r\n\r\n\r\n\r\n\r\nFusta de boix amb peanya en fusta\"><span class=\"Y2IQFc\" lang=\"ca\" style=\"font-family: arial, helvetica, sans-serif;\">Les meves culleres NO s\u00f3n \u200b\u200bfuncionals en el sentit que alimenten la panxa sin\u00f3 que s\u00f3n objectes de bellesa per alimentar l'\u00e0nima\r\n\r\n\u00das diferents fustes que ofereixen una gran bellesa donant forma a cada cullera perqu\u00e8 es converteixi en una petita pe\u00e7a de joieria, \u00fanica de color, forma i textura\r\n\r\nEl di\u00e0leg que existeix entre el material i jo \u00e9s constant en tot el proc\u00e9s de creatiu, m'inicio amb una idea pr\u00e8via per\u00f2 en la majoria dels casos \u00e9s la mima pe\u00e7a que m'envia convertint-me a la m\u00e0 executora, com si el cosmos s'aline\u00e9s per tal que la pe\u00e7a existeixi a trav\u00e9s de les meves mans\r\n\r\n\r\nFusta de boix amb peanya en fusta<\/span><\/pre>\n","protected":false},"excerpt":{"rendered":"<p>Cullera amb \u00e0nima d\u00b4escultura<\/p>\n<p><span class=\"Y2IQFc\" lang=\"ca\" style=\"font-family: arial, helvetica, sans-serif;\">El di\u00e0leg que existeix entre el material i jo \u00e9s constant en tot el proc\u00e9s de creatiu, m&#8217;inicio amb una idea pr\u00e8via per\u00f2 en la majoria dels casos \u00e9s la mima pe\u00e7a que m&#8217;envia convertint-me a la m\u00e0 executora, com si el cosmos s&#8217;aline\u00e9s per tal que la pe\u00e7a existeixi a trav\u00e9s de les meves mans<\/span><\/p>\n","protected":false},"featured_media":12014,"comment_status":"closed","ping_status":"closed","template":"","meta":{"_editorskit_title_hidden":false,"_editorskit_reading_time":0,"_editorskit_is_block_options_detached":false,"_editorskit_block_options_position":"{}","inline_featured_image":false},"product_brand":[],"product_cat":[2934],"product_tag":[],"class_list":{"0":"post-12290","1":"product","2":"type-product","3":"status-publish","4":"has-post-thumbnail","6":"product_cat-culleres","8":"first","9":"instock","10":"taxable","11":"shipping-taxable","12":"purchasable","13":"product-type-simple"},"_links":{"self":[{"href":"https:\/\/hachazuela.com\/ca\/wp-json\/wp\/v2\/product\/12290","targetHints":{"allow":["GET"]}}],"collection":[{"href":"https:\/\/hachazuela.com\/ca\/wp-json\/wp\/v2\/product"}],"about":[{"href":"https:\/\/hachazuela.com\/ca\/wp-json\/wp\/v2\/types\/product"}],"replies":[{"embeddable":true,"href":"https:\/\/hachazuela.com\/ca\/wp-json\/wp\/v2\/comments?post=12290"}],"wp:featuredmedia":[{"embeddable":true,"href":"https:\/\/hachazuela.com\/ca\/wp-json\/wp\/v2\/media\/12014"}],"wp:attachment":[{"href":"https:\/\/hachazuela.com\/ca\/wp-json\/wp\/v2\/media?parent=12290"}],"wp:term":[{"taxonomy":"product_brand","embeddable":true,"href":"https:\/\/hachazuela.com\/ca\/wp-json\/wp\/v2\/product_brand?post=12290"},{"taxonomy":"product_cat","embeddable":true,"href":"https:\/\/hachazuela.com\/ca\/wp-json\/wp\/v2\/product_cat?post=12290"},{"taxonomy":"product_tag","embeddable":true,"href":"https:\/\/hachazuela.com\/ca\/wp-json\/wp\/v2\/product_tag?post=12290"}],"curies":[{"name":"wp","href":"https:\/\/api.w.org\/{rel}","templated":true}]}}