{"id":12270,"date":"2024-10-23T20:23:23","date_gmt":"2024-10-23T18:23:23","guid":{"rendered":"https:\/\/hachazuela.com\/?post_type=product&#038;p=12270"},"modified":"2024-10-23T20:36:46","modified_gmt":"2024-10-23T18:36:46","slug":"bol-ondulat","status":"publish","type":"product","link":"https:\/\/hachazuela.com\/ca\/producto\/bol-ondulat\/","title":{"rendered":"Bol ondulat"},"content":{"rendered":"<pre id=\"tw-target-text\" class=\"tw-data-text tw-text-large tw-ta\" dir=\"ltr\" data-placeholder=\"Traducci\u00f3n\" data-ved=\"2ahUKEwiyifaukKWJAxVod6QEHWnjA4EQ3ewLegQIFRAU\" aria-label=\"Texto traducido: Aquest bol \u00e9s una pe\u00e7a artesanal tallada en fusta de bedoll\r\n\r\nEl disseny exterior presenta un acabat ondulat i r\u00fastic en un vibrant to vermell que contrasta amb l'interior natural de la fusta, ressaltant tant la bellesa dels materials com el treball manual\r\n\r\nLa combinaci\u00f3 de la fusta amb el color vibrant d\u00f3na un aspecte contemporani i art\u00edstic, ideal per als que busquen una pe\u00e7a decorativa \u00fanica i funcional per a la seva llar\r\n\r\n\r\n\r\n\r\nPerfecte per servir aliments o simplement com un objecte decoratiu amb personalitat\"><span class=\"Y2IQFc\" lang=\"ca\" style=\"font-family: arial, helvetica, sans-serif;\">Aquest bol \u00e9s una pe\u00e7a artesanal tallada en fusta de bedoll\r\n\r\nEl disseny exterior presenta un acabat ondulat i r\u00fastic en un vibrant to vermell que contrasta amb l'interior natural de la fusta, ressaltant tant la bellesa dels materials com el treball manual\r\n\r\nLa combinaci\u00f3 de la fusta amb el color vibrant d\u00f3na un aspecte contemporani i art\u00edstic, ideal per als que busquen una pe\u00e7a decorativa \u00fanica i funcional per a la seva llar\r\n\r\n\r\n\r\n\r\nPerfecte per servir aliments o simplement com un objecte decoratiu amb personalitat<\/span><\/pre>\n","protected":false},"excerpt":{"rendered":"<p>El disseny d\u00b4aquest bol presenta un acabat ondulat i r\u00fastic amb una p\u00e0tina de color vermell que contrasta amb l\u00b4interior natural de la fusta<\/p>\n","protected":false},"featured_media":12261,"comment_status":"closed","ping_status":"closed","template":"","meta":{"_editorskit_title_hidden":false,"_editorskit_reading_time":0,"_editorskit_is_block_options_detached":false,"_editorskit_block_options_position":"{}","inline_featured_image":false},"product_brand":[],"product_cat":[1303,3412],"product_tag":[],"class_list":{"0":"post-12270","1":"product","2":"type-product","3":"status-publish","4":"has-post-thumbnail","6":"product_cat-bols","7":"product_cat-objectes-decoratius","9":"first","10":"instock","11":"taxable","12":"shipping-taxable","13":"purchasable","14":"product-type-simple"},"_links":{"self":[{"href":"https:\/\/hachazuela.com\/ca\/wp-json\/wp\/v2\/product\/12270","targetHints":{"allow":["GET"]}}],"collection":[{"href":"https:\/\/hachazuela.com\/ca\/wp-json\/wp\/v2\/product"}],"about":[{"href":"https:\/\/hachazuela.com\/ca\/wp-json\/wp\/v2\/types\/product"}],"replies":[{"embeddable":true,"href":"https:\/\/hachazuela.com\/ca\/wp-json\/wp\/v2\/comments?post=12270"}],"wp:featuredmedia":[{"embeddable":true,"href":"https:\/\/hachazuela.com\/ca\/wp-json\/wp\/v2\/media\/12261"}],"wp:attachment":[{"href":"https:\/\/hachazuela.com\/ca\/wp-json\/wp\/v2\/media?parent=12270"}],"wp:term":[{"taxonomy":"product_brand","embeddable":true,"href":"https:\/\/hachazuela.com\/ca\/wp-json\/wp\/v2\/product_brand?post=12270"},{"taxonomy":"product_cat","embeddable":true,"href":"https:\/\/hachazuela.com\/ca\/wp-json\/wp\/v2\/product_cat?post=12270"},{"taxonomy":"product_tag","embeddable":true,"href":"https:\/\/hachazuela.com\/ca\/wp-json\/wp\/v2\/product_tag?post=12270"}],"curies":[{"name":"wp","href":"https:\/\/api.w.org\/{rel}","templated":true}]}}