{"id":12214,"date":"2024-10-19T13:58:02","date_gmt":"2024-10-19T11:58:02","guid":{"rendered":"https:\/\/hachazuela.com\/?post_type=product&#038;p=12214"},"modified":"2024-10-19T14:00:26","modified_gmt":"2024-10-19T12:00:26","slug":"bol-escultoric-3","status":"publish","type":"product","link":"https:\/\/hachazuela.com\/ca\/producto\/bol-escultoric-3\/","title":{"rendered":"Bol escult\u00f2ric"},"content":{"rendered":"<p><span class=\"Y2IQFc\" lang=\"ca\" style=\"font-family: arial, helvetica, sans-serif;\">Bol escult\u00f2ric tallat a m\u00e0 en fusta d&#8217;olivera <\/span><\/p>\n<p><span class=\"Y2IQFc\" lang=\"ca\" style=\"font-family: arial, helvetica, sans-serif;\">Cada corba, cada detall d\u00b4aquesta escultura t\u00e9 un prop\u00f2sit creat perqu\u00e8 connectis amb l\u00b4art de manera \u00fanica <\/span><\/p>\n<p><span class=\"Y2IQFc\" lang=\"ca\" style=\"font-family: arial, helvetica, sans-serif;\">Aquesta pe\u00e7a de fusta d&#8217;olivera \u00e9s molt m\u00e9s que un simple objecte, \u00e9s el resultat d&#8217;hores de treball i dedicaci\u00f3, respecte pels materials i un disseny pensat per ser irrepetible <\/span><\/p>\n<p><span class=\"Y2IQFc\" lang=\"ca\" style=\"font-family: arial, helvetica, sans-serif;\">Descobreix la bellesa de l&#8217;artesanal i d\u00f3na valor al que \u00e9s veritablement \u00fanic<\/span><\/p>\n","protected":false},"excerpt":{"rendered":"<p>&nbsp;<\/p>\n<p><span class=\"Y2IQFc\" lang=\"ca\" style=\"font-family: arial, helvetica, sans-serif;\">Descobreix la bellesa de l&#8217;artesanal i d\u00f3na valor al que \u00e9s veritablement \u00fanic en aquest bol escult\u00f2ric tallat a ma<\/span><\/p>\n","protected":false},"featured_media":12200,"comment_status":"closed","ping_status":"closed","template":"","meta":{"_editorskit_title_hidden":false,"_editorskit_reading_time":0,"_editorskit_is_block_options_detached":false,"_editorskit_block_options_position":"{}","inline_featured_image":false},"product_brand":[],"product_cat":[931,1303,3412],"product_tag":[],"class_list":{"0":"post-12214","1":"product","2":"type-product","3":"status-publish","4":"has-post-thumbnail","6":"product_cat-art-decoracio","7":"product_cat-bols","8":"product_cat-objectes-decoratius","10":"first","11":"outofstock","12":"taxable","13":"shipping-taxable","14":"purchasable","15":"product-type-simple"},"_links":{"self":[{"href":"https:\/\/hachazuela.com\/ca\/wp-json\/wp\/v2\/product\/12214","targetHints":{"allow":["GET"]}}],"collection":[{"href":"https:\/\/hachazuela.com\/ca\/wp-json\/wp\/v2\/product"}],"about":[{"href":"https:\/\/hachazuela.com\/ca\/wp-json\/wp\/v2\/types\/product"}],"replies":[{"embeddable":true,"href":"https:\/\/hachazuela.com\/ca\/wp-json\/wp\/v2\/comments?post=12214"}],"wp:featuredmedia":[{"embeddable":true,"href":"https:\/\/hachazuela.com\/ca\/wp-json\/wp\/v2\/media\/12200"}],"wp:attachment":[{"href":"https:\/\/hachazuela.com\/ca\/wp-json\/wp\/v2\/media?parent=12214"}],"wp:term":[{"taxonomy":"product_brand","embeddable":true,"href":"https:\/\/hachazuela.com\/ca\/wp-json\/wp\/v2\/product_brand?post=12214"},{"taxonomy":"product_cat","embeddable":true,"href":"https:\/\/hachazuela.com\/ca\/wp-json\/wp\/v2\/product_cat?post=12214"},{"taxonomy":"product_tag","embeddable":true,"href":"https:\/\/hachazuela.com\/ca\/wp-json\/wp\/v2\/product_tag?post=12214"}],"curies":[{"name":"wp","href":"https:\/\/api.w.org\/{rel}","templated":true}]}}