{"id":12120,"date":"2024-10-12T19:30:33","date_gmt":"2024-10-12T17:30:33","guid":{"rendered":"https:\/\/hachazuela.com\/?post_type=product&#038;p=12120"},"modified":"2025-02-07T18:05:03","modified_gmt":"2025-02-07T17:05:03","slug":"cuchara-escultura-9","status":"publish","type":"product","link":"https:\/\/hachazuela.com\/ca\/producto\/cuchara-escultura-9\/","title":{"rendered":"Cuchara escultura"},"content":{"rendered":"<p>Mis cucharas NO son funcionales en el sentido que alimentan la barriga sino que son objetos de belleza para alimentar el alma<\/p>\n<p>Uso diferentes maderas que ofrecen una gran belleza dando forma a cada cuchara para que se convierta en una peque\u00f1a pieza de joyer\u00eda, \u00fanica de color, forma y textura<\/p>\n<p>El di\u00e1logo que existe entre el material y yo es constante en todo el proceso de creativo, me inicio con una idea previa pero en la mayor\u00eda de los casos es la mima pieza que me manda convirti\u00e9ndome en su mano ejecutora, como si el cosmos se alinease par que la pieza exista a trav\u00e9s de mis manos<\/p>\n<p>&nbsp;<\/p>\n<p>Madera de boj con peana en madera<\/p>\n","protected":false},"excerpt":{"rendered":"<p>Es un constante colaboraci\u00f3n con la madre Naturaleza, las piezas comienzan con una forma tosca en la sierra de cinta y se transforman mediante azuela, gubias, limas y muchas horas de trabajo en una escultura<\/p>\n","protected":false},"featured_media":12117,"comment_status":"closed","ping_status":"closed","template":"","meta":{"_editorskit_title_hidden":false,"_editorskit_reading_time":0,"_editorskit_is_block_options_detached":false,"_editorskit_block_options_position":"{}","inline_featured_image":false},"product_brand":[],"product_cat":[2840],"product_tag":[],"class_list":{"0":"post-12120","1":"product","2":"type-product","3":"status-publish","4":"has-post-thumbnail","6":"product_cat-cucharas","8":"first","9":"outofstock","10":"taxable","11":"shipping-taxable","12":"purchasable","13":"product-type-simple"},"_links":{"self":[{"href":"https:\/\/hachazuela.com\/ca\/wp-json\/wp\/v2\/product\/12120","targetHints":{"allow":["GET"]}}],"collection":[{"href":"https:\/\/hachazuela.com\/ca\/wp-json\/wp\/v2\/product"}],"about":[{"href":"https:\/\/hachazuela.com\/ca\/wp-json\/wp\/v2\/types\/product"}],"replies":[{"embeddable":true,"href":"https:\/\/hachazuela.com\/ca\/wp-json\/wp\/v2\/comments?post=12120"}],"wp:featuredmedia":[{"embeddable":true,"href":"https:\/\/hachazuela.com\/ca\/wp-json\/wp\/v2\/media\/12117"}],"wp:attachment":[{"href":"https:\/\/hachazuela.com\/ca\/wp-json\/wp\/v2\/media?parent=12120"}],"wp:term":[{"taxonomy":"product_brand","embeddable":true,"href":"https:\/\/hachazuela.com\/ca\/wp-json\/wp\/v2\/product_brand?post=12120"},{"taxonomy":"product_cat","embeddable":true,"href":"https:\/\/hachazuela.com\/ca\/wp-json\/wp\/v2\/product_cat?post=12120"},{"taxonomy":"product_tag","embeddable":true,"href":"https:\/\/hachazuela.com\/ca\/wp-json\/wp\/v2\/product_tag?post=12120"}],"curies":[{"name":"wp","href":"https:\/\/api.w.org\/{rel}","templated":true}]}}