{"id":11088,"date":"2024-05-11T16:40:54","date_gmt":"2024-05-11T14:40:54","guid":{"rendered":"https:\/\/hachazuela.com\/?post_type=product&#038;p=11088"},"modified":"2025-04-08T16:34:39","modified_gmt":"2025-04-08T14:34:39","slug":"taula-tati","status":"publish","type":"product","link":"https:\/\/hachazuela.com\/ca\/producto\/taula-tati\/","title":{"rendered":"Taula Tati"},"content":{"rendered":"<pre id=\"tw-target-text\" class=\"tw-data-text tw-text-large tw-ta\" dir=\"ltr\" data-placeholder=\"Traducci\u00f3n\" aria-label=\"Texto traducido\" data-ved=\"2ahUKEwiw8Ku_-YqGAxXXTaQEHXYGDCIQ3ewLegQIBRAU\"><span class=\"Y2IQFc\" lang=\"ca\" style=\"font-family: georgia, palatino, serif;\">Aquesta taula est\u00e0 pensada per tallar aliments, aix\u00ed com per presentar a taula gr\u00e0cies al seu m\u00e0nec tallat per facilitar-ne la manipulaci\u00f3.\r\n\r\nCada pe\u00e7a \u00e9s \u00fanica, treballada a m\u00e0 mantenint les seves formes naturals.\r\n\r\nEsculpim cada pe\u00e7a a m\u00e0, atorgant-li el mim i temps suficient perqu\u00e8 sigui una acar\u00edcia al tacte.\r\n\r\nS'aconsella netejar amb aigua i sab\u00f3 i assecar amb un drap. No \u00e9s apte per al rentaplats\r\n\r\nI fer un manteniment d'hidrataci\u00f3 amb oli de coco, oliva, girasol.... pr\u00f2pia per allargar la seva bellesa i durabilitat <\/span><\/pre>\n","protected":false},"excerpt":{"rendered":"<p>&nbsp;<\/p>\n<p><span class=\"Y2IQFc\" lang=\"ca\" style=\"font-family: georgia, palatino, serif;\">Aquesta taula est\u00e0 pensada per tallar aliments, aix\u00ed com per presentar a taula gr\u00e0cies al seu m\u00e0nec tallat per facilitar-ne la manipulaci\u00f3. <\/span><\/p>\n<p><span class=\"Y2IQFc\" lang=\"ca\" style=\"font-family: georgia, palatino, serif;\">Cada pe\u00e7a \u00e9s \u00fanica, treballada a m\u00e0 mantenint les seves formes naturals.<\/span><\/p>\n","protected":false},"featured_media":11717,"comment_status":"closed","ping_status":"closed","template":"","meta":{"_editorskit_title_hidden":false,"_editorskit_reading_time":0,"_editorskit_is_block_options_detached":false,"_editorskit_block_options_position":"{}","inline_featured_image":false},"product_brand":[],"product_cat":[1489,1675],"product_tag":[],"class_list":{"0":"post-11088","1":"product","2":"type-product","3":"status-publish","4":"has-post-thumbnail","6":"product_cat-taules-cuina","7":"product_cat-taules-presentacio-safates","9":"first","10":"outofstock","11":"taxable","12":"shipping-taxable","13":"purchasable","14":"product-type-simple"},"_links":{"self":[{"href":"https:\/\/hachazuela.com\/ca\/wp-json\/wp\/v2\/product\/11088","targetHints":{"allow":["GET"]}}],"collection":[{"href":"https:\/\/hachazuela.com\/ca\/wp-json\/wp\/v2\/product"}],"about":[{"href":"https:\/\/hachazuela.com\/ca\/wp-json\/wp\/v2\/types\/product"}],"replies":[{"embeddable":true,"href":"https:\/\/hachazuela.com\/ca\/wp-json\/wp\/v2\/comments?post=11088"}],"wp:featuredmedia":[{"embeddable":true,"href":"https:\/\/hachazuela.com\/ca\/wp-json\/wp\/v2\/media\/11717"}],"wp:attachment":[{"href":"https:\/\/hachazuela.com\/ca\/wp-json\/wp\/v2\/media?parent=11088"}],"wp:term":[{"taxonomy":"product_brand","embeddable":true,"href":"https:\/\/hachazuela.com\/ca\/wp-json\/wp\/v2\/product_brand?post=11088"},{"taxonomy":"product_cat","embeddable":true,"href":"https:\/\/hachazuela.com\/ca\/wp-json\/wp\/v2\/product_cat?post=11088"},{"taxonomy":"product_tag","embeddable":true,"href":"https:\/\/hachazuela.com\/ca\/wp-json\/wp\/v2\/product_tag?post=11088"}],"curies":[{"name":"wp","href":"https:\/\/api.w.org\/{rel}","templated":true}]}}