{"id":11082,"date":"2024-05-11T16:19:43","date_gmt":"2024-05-11T14:19:43","guid":{"rendered":"https:\/\/hachazuela.com\/?post_type=product&#038;p=11082"},"modified":"2024-10-16T10:33:27","modified_gmt":"2024-10-16T08:33:27","slug":"taula-thais","status":"publish","type":"product","link":"https:\/\/hachazuela.com\/ca\/producto\/taula-thais\/","title":{"rendered":"Taula Thais"},"content":{"rendered":"<pre id=\"tw-target-text\" class=\"tw-data-text tw-text-large tw-ta\" dir=\"ltr\" data-placeholder=\"Traducci\u00f3n\" aria-label=\"Texto traducido\" data-ved=\"2ahUKEwiw8Ku_-YqGAxXXTaQEHXYGDCIQ3ewLegQIBRAU\"><span class=\"Y2IQFc\" lang=\"ca\" style=\"font-family: georgia, palatino, serif;\">Aquest model de taula de fusta d'olivera \u00e9s ideal per la seva mida com a presentaci\u00f3 d'aperitius, esmorzar, petit fours\u2026.\r\n\r\nLa fusta d'olivera \u00e9s la id\u00f2nia per a alimentaci\u00f3 pel poder anti bacteri\u00e0 i duresa.\r\n\r\nS'aconsella netejar amb aigua i sab\u00f3, assecar amb un drap i aplicar la nostra cera d'elaboraci\u00f3 pr\u00f2pia per mantenir hidratada i allargar-ne la bellesa i la durabilitat<\/span><\/pre>\n<p>&nbsp;<\/p>\n","protected":false},"excerpt":{"rendered":"<p><strong>Taula<\/strong> en fusta d\u00b4<strong>olivera amb formes naturals<\/strong><\/p>\n<p>Idonea per presentaci\u00f3 , <strong>aperitius, esmor\u00e7ar&#8230;<\/strong><\/p>\n","protected":false},"featured_media":11699,"comment_status":"closed","ping_status":"closed","template":"","meta":{"_editorskit_title_hidden":false,"_editorskit_reading_time":0,"_editorskit_is_block_options_detached":false,"_editorskit_block_options_position":"{}","inline_featured_image":false},"product_brand":[],"product_cat":[1675],"product_tag":[],"class_list":{"0":"post-11082","1":"product","2":"type-product","3":"status-publish","4":"has-post-thumbnail","6":"product_cat-taules-presentacio-safates","8":"first","9":"instock","10":"taxable","11":"shipping-taxable","12":"purchasable","13":"product-type-simple"},"_links":{"self":[{"href":"https:\/\/hachazuela.com\/ca\/wp-json\/wp\/v2\/product\/11082","targetHints":{"allow":["GET"]}}],"collection":[{"href":"https:\/\/hachazuela.com\/ca\/wp-json\/wp\/v2\/product"}],"about":[{"href":"https:\/\/hachazuela.com\/ca\/wp-json\/wp\/v2\/types\/product"}],"replies":[{"embeddable":true,"href":"https:\/\/hachazuela.com\/ca\/wp-json\/wp\/v2\/comments?post=11082"}],"wp:featuredmedia":[{"embeddable":true,"href":"https:\/\/hachazuela.com\/ca\/wp-json\/wp\/v2\/media\/11699"}],"wp:attachment":[{"href":"https:\/\/hachazuela.com\/ca\/wp-json\/wp\/v2\/media?parent=11082"}],"wp:term":[{"taxonomy":"product_brand","embeddable":true,"href":"https:\/\/hachazuela.com\/ca\/wp-json\/wp\/v2\/product_brand?post=11082"},{"taxonomy":"product_cat","embeddable":true,"href":"https:\/\/hachazuela.com\/ca\/wp-json\/wp\/v2\/product_cat?post=11082"},{"taxonomy":"product_tag","embeddable":true,"href":"https:\/\/hachazuela.com\/ca\/wp-json\/wp\/v2\/product_tag?post=11082"}],"curies":[{"name":"wp","href":"https:\/\/api.w.org\/{rel}","templated":true}]}}