{"id":10989,"date":"2024-05-05T12:54:32","date_gmt":"2024-05-05T10:54:32","guid":{"rendered":"https:\/\/hachazuela.com\/?post_type=product&#038;p=10989"},"modified":"2024-10-17T13:12:51","modified_gmt":"2024-10-17T11:12:51","slug":"centre-dolivera","status":"publish","type":"product","link":"https:\/\/hachazuela.com\/ca\/producto\/centre-dolivera\/","title":{"rendered":"Bol d\u00b4olivera"},"content":{"rendered":"<p><span class=\"Y2IQFc\" lang=\"ca\" style=\"font-family: georgia, palatino, serif;\">Centre, bol o enciamera de fusta d&#8217;olivera amb vora regular <\/span><\/p>\n<p><span class=\"Y2IQFc\" lang=\"ca\" style=\"font-family: georgia, palatino, serif;\">La seva excepcionalitat \u00e9s deguda a un tros de fusta d&#8217;olivera tan gran, sense danys, sense escor\u00e7a que \u00e9s per aix\u00f2 que surten poques unitats <\/span><\/p>\n<p><span class=\"Y2IQFc\" lang=\"ca\" style=\"font-family: georgia, palatino, serif;\">Ideal per presentar aliments ( amanides, pasta, arrossos, aperitius&#8230;) , decoraci\u00f3 o fruiter <\/span><\/p>\n<p><span class=\"Y2IQFc\" lang=\"ca\" style=\"font-family: georgia, palatino, serif;\">S&#8217;aconsella rentar a m\u00e0 i hidratar amb la nostra <a href=\"https:\/\/hachazuela.com\/ca\/producto\/oli-per-fusta\/\">cera<\/a> d&#8217;elaboraci\u00f3 pr\u00f2pia <\/span><\/p>\n<p><span class=\"Y2IQFc\" lang=\"ca\" style=\"font-family: georgia, palatino, serif;\">Com que s\u00f3n peces artesanals pot variar del model de la foto<\/span><\/p>\n<p>&nbsp;<\/p>\n<p>&nbsp;<\/p>\n<p><span class=\"Y2IQFc\" lang=\"ca\" style=\"font-family: georgia, palatino, serif;\">La fusta d&#8217;olivera \u00e9s id\u00f2nia per la seva duresa, resist\u00e8ncia i les meravelloses vetes que la fan tan \u00fanica<\/span><\/p>\n","protected":false},"excerpt":{"rendered":"<p>Centre de fusta d\u00b4olivera d\u00b4excepcionalitat tamany<\/p>\n<p>Ideal per us alimentici o decoraci\u00f3<\/p>\n","protected":false},"featured_media":11660,"comment_status":"closed","ping_status":"closed","template":"","meta":{"_editorskit_title_hidden":false,"_editorskit_reading_time":0,"_editorskit_is_block_options_detached":false,"_editorskit_block_options_position":"{}","inline_featured_image":false},"product_brand":[],"product_cat":[1303],"product_tag":[],"class_list":{"0":"post-10989","1":"product","2":"type-product","3":"status-publish","4":"has-post-thumbnail","6":"product_cat-bols","8":"first","9":"instock","10":"taxable","11":"shipping-taxable","12":"purchasable","13":"product-type-simple"},"_links":{"self":[{"href":"https:\/\/hachazuela.com\/ca\/wp-json\/wp\/v2\/product\/10989","targetHints":{"allow":["GET"]}}],"collection":[{"href":"https:\/\/hachazuela.com\/ca\/wp-json\/wp\/v2\/product"}],"about":[{"href":"https:\/\/hachazuela.com\/ca\/wp-json\/wp\/v2\/types\/product"}],"replies":[{"embeddable":true,"href":"https:\/\/hachazuela.com\/ca\/wp-json\/wp\/v2\/comments?post=10989"}],"wp:featuredmedia":[{"embeddable":true,"href":"https:\/\/hachazuela.com\/ca\/wp-json\/wp\/v2\/media\/11660"}],"wp:attachment":[{"href":"https:\/\/hachazuela.com\/ca\/wp-json\/wp\/v2\/media?parent=10989"}],"wp:term":[{"taxonomy":"product_brand","embeddable":true,"href":"https:\/\/hachazuela.com\/ca\/wp-json\/wp\/v2\/product_brand?post=10989"},{"taxonomy":"product_cat","embeddable":true,"href":"https:\/\/hachazuela.com\/ca\/wp-json\/wp\/v2\/product_cat?post=10989"},{"taxonomy":"product_tag","embeddable":true,"href":"https:\/\/hachazuela.com\/ca\/wp-json\/wp\/v2\/product_tag?post=10989"}],"curies":[{"name":"wp","href":"https:\/\/api.w.org\/{rel}","templated":true}]}}