{"id":10931,"date":"2024-04-19T13:12:20","date_gmt":"2024-04-19T11:12:20","guid":{"rendered":"https:\/\/hachazuela.com\/?post_type=product&#038;p=10931"},"modified":"2024-04-19T13:47:46","modified_gmt":"2024-04-19T11:47:46","slug":"coberts-damanida","status":"publish","type":"product","link":"https:\/\/hachazuela.com\/ca\/producto\/coberts-damanida\/","title":{"rendered":"Coberts d\u00b4amanida"},"content":{"rendered":"<p>&nbsp;<\/p>\n<pre class=\"tw-data-text tw-text-large tw-ta\" dir=\"ltr\" data-placeholder=\"Traducci\u00f3n\" aria-label=\"Texto traducido\" data-ved=\"2ahUKEwjo1feAk86FAxV2m_0HHfzTAmsQ3ewLegQIDxAU\"><span class=\"Y2IQFc\" lang=\"ca\" style=\"font-family: georgia, palatino, serif;\">Les grapes o coberts d'amanida estan pensades per substituir les nostres mans per tal d'embolicar l'amanida i poder servir-la\r\n\r\nEstan treballades de manera artesanal en fusta d'olivera procedent de la poda anual dels camps dels agricultors de Tarragona\r\n\r\nLa fusta d'olivera \u00e9s id\u00f2nia per a la cuina pel seu poder antibacteri\u00e0\r\n\r\n<\/span><\/pre>\n<pre id=\"tw-target-text\" class=\"tw-data-text tw-text-large tw-ta\" dir=\"ltr\" data-placeholder=\"Traducci\u00f3n\" aria-label=\"Texto traducido\" data-ved=\"2ahUKEwjo1feAk86FAxV2m_0HHfzTAmsQ3ewLegQIDxAU\"><span class=\"Y2IQFc\" lang=\"ca\" style=\"font-family: georgia, palatino, serif;\">Es recomana netejar a m\u00e0 i assecar amb un drap net i per mantenir hidratada cal aplicar la <a href=\"https:\/\/hachazuela.com\/ca\/producto\/oli-per-fusta\/\">nostra cera<\/a> d'elaboraci\u00f3 pr\u00f2pia<\/span><\/pre>\n<pre id=\"tw-target-text\" class=\"tw-data-text tw-text-large tw-ta\" dir=\"ltr\" data-placeholder=\"Traducci\u00f3n\" aria-label=\"Texto traducido\" data-ved=\"2ahUKEwjo1feAk86FAxV2m_0HHfzTAmsQ3ewLegQIDxAU\">\r\n<\/pre>\n","protected":false},"excerpt":{"rendered":"<p>Coberts d\u00b4amanida fet de fusta d\u00b4olivera de modo artesanal en Barcelona<\/p>\n","protected":false},"featured_media":11642,"comment_status":"closed","ping_status":"closed","template":"","meta":{"_editorskit_title_hidden":false,"_editorskit_reading_time":0,"_editorskit_is_block_options_detached":false,"_editorskit_block_options_position":"{}","inline_featured_image":false},"product_brand":[],"product_cat":[1861],"product_tag":[],"class_list":{"0":"post-10931","1":"product","2":"type-product","3":"status-publish","4":"has-post-thumbnail","6":"product_cat-estris","8":"first","9":"outofstock","10":"sale","11":"taxable","12":"shipping-taxable","13":"purchasable","14":"product-type-simple"},"_links":{"self":[{"href":"https:\/\/hachazuela.com\/ca\/wp-json\/wp\/v2\/product\/10931","targetHints":{"allow":["GET"]}}],"collection":[{"href":"https:\/\/hachazuela.com\/ca\/wp-json\/wp\/v2\/product"}],"about":[{"href":"https:\/\/hachazuela.com\/ca\/wp-json\/wp\/v2\/types\/product"}],"replies":[{"embeddable":true,"href":"https:\/\/hachazuela.com\/ca\/wp-json\/wp\/v2\/comments?post=10931"}],"wp:featuredmedia":[{"embeddable":true,"href":"https:\/\/hachazuela.com\/ca\/wp-json\/wp\/v2\/media\/11642"}],"wp:attachment":[{"href":"https:\/\/hachazuela.com\/ca\/wp-json\/wp\/v2\/media?parent=10931"}],"wp:term":[{"taxonomy":"product_brand","embeddable":true,"href":"https:\/\/hachazuela.com\/ca\/wp-json\/wp\/v2\/product_brand?post=10931"},{"taxonomy":"product_cat","embeddable":true,"href":"https:\/\/hachazuela.com\/ca\/wp-json\/wp\/v2\/product_cat?post=10931"},{"taxonomy":"product_tag","embeddable":true,"href":"https:\/\/hachazuela.com\/ca\/wp-json\/wp\/v2\/product_tag?post=10931"}],"curies":[{"name":"wp","href":"https:\/\/api.w.org\/{rel}","templated":true}]}}